{"id":963,"date":"2022-07-04T14:31:26","date_gmt":"2022-07-04T14:31:26","guid":{"rendered":"https:\/\/cecauf.es\/website\/?post_type=product&#038;p=963"},"modified":"2024-01-17T02:03:58","modified_gmt":"2024-01-17T02:03:58","slug":"curso-universitario-la-importancia-de-lograr-una-escucha-activa-efectiva-en-un-proceso-de-comunicacion__trashed","status":"publish","type":"product","link":"https:\/\/cecauf.es\/website\/producto\/curso-universitario-la-importancia-de-lograr-una-escucha-activa-efectiva-en-un-proceso-de-comunicacion__trashed\/","title":{"rendered":"Curso: La Importancia de lograr una Escucha Activa Efectiva en un Proceso de Comunicaci\u00f3n"},"content":{"rendered":"<h4><strong>RESOLUCION RECTORAL N\u00b0 425\/21<\/strong><\/h4>\n<h4><span style=\"color: #ff6600;\"><strong>INICIO INMEDIATO\u00a0<\/strong><\/span><\/h4>\n<h4><strong>Descripci\u00f3n<\/strong><\/h4>\n<p>En este curso profesional el alumno aprender\u00e1 el concepto de escucha activa abarcando aspectos como los beneficios en las relaciones interpersonales, tanto en el contexto personal como en el laboral, as\u00ed como las herramientas para llevar a cabo de forma efectiva el desarrollo de la escucha activa y los beneficios de su pr\u00e1ctica.<\/p>\n<p><strong>\u00a0<\/strong>El estudiante desarrollar\u00e1 las siguientes competencias:<\/p>\n<ol>\n<li>Conocer el concepto de escucha activa y su impacto en el proceso de comunicaci\u00f3n para establecer una buena conversaci\u00f3n.<\/li>\n<li>Conocer los beneficios de la escucha activa como herramienta clave de las relaciones interpersonales para que estas sean efectivas.<\/li>\n<li>Aprender las claves fundamentales para realizar una escucha activa efectiva.<\/li>\n<li>Conocer la importancia de la escucha activa para desarrollar conversaciones poderosas.<\/li>\n<li>Conocer t\u00e9cnicas y herramientas para llevar a cabo una escucha activa adecuada.<\/li>\n<\/ol>\n<h4><strong>Duraci\u00f3n<\/strong><\/h4>\n<p>15 horas reloj.<strong><br \/>\n<\/strong><\/p>\n<h4><strong>Certificaci\u00f3n que se expide<\/strong><\/h4>\n<p>Curso Universitario: La Importancia de Lograr una Escucha Activa Efectiva en un Proceso de Comunicaci\u00f3n<\/p>\n<h4><strong>Destinatarios<\/strong><\/h4>\n<p>Profesionales que quieran mejorar sus habilidades de escucha activa y empat\u00eda, poniendo especial \u00e9nfasis en personal relacionado con el trabajo con equipos.<\/p>\n<h4><strong>Requisitos<\/strong><\/h4>\n<p>No posee requisitos de ingreso.<\/p>\n<h4><strong>Metodolog\u00eda y modalidad de ense\u00f1anza<\/strong><\/h4>\n<p>El curso se desarrolla totalmente en modalidad a distancia, a trav\u00e9s de una plataforma virtual de ense\u00f1anza-aprendizaje, disponible las 24 horas de todos los d\u00edas de la semana.\u00a0 El curso permanecer\u00e1 abierto durante 3 meses a partir de la inscripci\u00f3n.<\/p>\n<p>Las propuestas de aprendizaje permiten que cada estudiante las realice de acuerdo a sus tiempos, de manera asincr\u00f3nica. Las mismas se desarrollan a trav\u00e9s de diversos tipos de actividades, recursos y herramientas digitales tales como videos interactivos, actividades de aprendizaje y de autoevaluaci\u00f3n y material descargable de apoyo, enlaces a art\u00edculos, v\u00eddeos de dominio p\u00fablico y bibliograf\u00eda.<\/p>\n<p>Los cursos se organizan por m\u00f3dulos. Al finalizar cada uno, el alumno deber\u00e1 realizar una autoevaluaci\u00f3n que una vez aprobada, le permitir\u00e1 avanzar al m\u00f3dulo siguiente recorriendo una trayectoria de profundizaci\u00f3n del contenido y logro de las competencias espec\u00edficas. Cumplimentadas estas instancias, se finaliza el curso con una evaluaci\u00f3n integradora de los contenidos desarrollados.<\/p>\n","protected":false},"excerpt":{"rendered":"<h4>\u2022 100% ONLINE<\/h4>\n<h4>\u2022 PLATAFORMA DISPONIBLE LAS 24 HS.<\/h4>\n<h4>\u2022 CERTIFICACION UNIVERSITARIA<\/h4>\n","protected":false},"featured_media":993,"template":"","meta":{"site-sidebar-layout":"default","site-content-layout":"default","ast-site-content-layout":"","site-content-style":"default","site-sidebar-style":"default","ast-global-header-display":"","ast-banner-title-visibility":"","ast-main-header-display":"","ast-hfb-above-header-display":"","ast-hfb-below-header-display":"","ast-hfb-mobile-header-display":"","site-post-title":"","ast-breadcrumbs-content":"","ast-featured-img":"","footer-sml-layout":"","theme-transparent-header-meta":"default","adv-header-id-meta":"","stick-header-meta":"","header-above-stick-meta":"","header-main-stick-meta":"","header-below-stick-meta":"","astra-migrate-meta-layouts":"default","ast-page-background-enabled":"default","ast-page-background-meta":{"desktop":{"background-color":"var(--ast-global-color-4)","background-image":"","background-repeat":"repeat","background-position":"center center","background-size":"auto","background-attachment":"scroll","background-type":"","background-media":"","overlay-type":"","overlay-color":"","overlay-gradient":""},"tablet":{"background-color":"","background-image":"","background-repeat":"repeat","background-position":"center center","background-size":"auto","background-attachment":"scroll","background-type":"","background-media":"","overlay-type":"","overlay-color":"","overlay-gradient":""},"mobile":{"background-color":"","background-image":"","background-repeat":"repeat","background-position":"center center","background-size":"auto","background-attachment":"scroll","background-type":"","background-media":"","overlay-type":"","overlay-color":"","overlay-gradient":""}},"ast-content-background-meta":{"desktop":{"background-color":"var(--ast-global-color-5)","background-image":"","background-repeat":"repeat","background-position":"center center","background-size":"auto","background-attachment":"scroll","background-type":"","background-media":"","overlay-type":"","overlay-color":"","overlay-gradient":""},"tablet":{"background-color":"var(--ast-global-color-5)","background-image":"","background-repeat":"repeat","background-position":"center center","background-size":"auto","background-attachment":"scroll","background-type":"","background-media":"","overlay-type":"","overlay-color":"","overlay-gradient":""},"mobile":{"background-color":"var(--ast-global-color-5)","background-image":"","background-repeat":"repeat","background-position":"center center","background-size":"auto","background-attachment":"scroll","background-type":"","background-media":"","overlay-type":"","overlay-color":"","overlay-gradient":""}},"_joinchat":[]},"product_cat":[30,31,32],"product_tag":[],"class_list":{"0":"post-963","1":"product","2":"type-product","3":"status-publish","4":"has-post-thumbnail","6":"product_cat-gestion","7":"product_cat-habilidades-blandas","8":"product_cat-liderazgo","9":"desktop-align-left","10":"tablet-align-left","11":"mobile-align-left","13":"first","14":"instock","15":"shipping-taxable","16":"product-type-external"},"_links":{"self":[{"href":"https:\/\/cecauf.es\/website\/wp-json\/wp\/v2\/product\/963","targetHints":{"allow":["GET"]}}],"collection":[{"href":"https:\/\/cecauf.es\/website\/wp-json\/wp\/v2\/product"}],"about":[{"href":"https:\/\/cecauf.es\/website\/wp-json\/wp\/v2\/types\/product"}],"version-history":[{"count":3,"href":"https:\/\/cecauf.es\/website\/wp-json\/wp\/v2\/product\/963\/revisions"}],"predecessor-version":[{"id":2520,"href":"https:\/\/cecauf.es\/website\/wp-json\/wp\/v2\/product\/963\/revisions\/2520"}],"wp:featuredmedia":[{"embeddable":true,"href":"https:\/\/cecauf.es\/website\/wp-json\/wp\/v2\/media\/993"}],"wp:attachment":[{"href":"https:\/\/cecauf.es\/website\/wp-json\/wp\/v2\/media?parent=963"}],"wp:term":[{"taxonomy":"product_cat","embeddable":true,"href":"https:\/\/cecauf.es\/website\/wp-json\/wp\/v2\/product_cat?post=963"},{"taxonomy":"product_tag","embeddable":true,"href":"https:\/\/cecauf.es\/website\/wp-json\/wp\/v2\/product_tag?post=963"}],"curies":[{"name":"wp","href":"https:\/\/api.w.org\/{rel}","templated":true}]}}