{"id":940,"date":"2022-07-04T14:31:23","date_gmt":"2022-07-04T14:31:23","guid":{"rendered":"https:\/\/cecauf.es\/website\/?post_type=product&#038;p=940"},"modified":"2024-01-17T02:10:09","modified_gmt":"2024-01-17T02:10:09","slug":"curso-universitario-iniciacion-al-project-management__trashed","status":"publish","type":"product","link":"https:\/\/cecauf.es\/website\/producto\/curso-universitario-iniciacion-al-project-management__trashed\/","title":{"rendered":"Curso: Iniciaci\u00f3n al Project Management"},"content":{"rendered":"<h4><strong>RESOLUCION RECTORAL N\u00b0 425\/21<\/strong><\/h4>\n<h4><span style=\"color: #ff6600;\"><strong>INICIO INMEDIATO\u00a0<\/strong><\/span><\/h4>\n<h4><strong>Descripci\u00f3n<\/strong><\/h4>\n<p>En este curso profesional el alumno aprender\u00e1 la gesti\u00f3n de proyectos abarcando aspectos como la gesti\u00f3n de la integraci\u00f3n del proyecto, del alcance, de los gastos, de la calidad, de los riesgos, etc., as\u00ed como el marco conceptual de la direcci\u00f3n de proyectos.<\/p>\n<p><strong>\u00a0<\/strong>El estudiante desarrollar\u00e1 las siguientes competencias:<\/p>\n<ol>\n<li>Reconocer c\u00f3mo se tratan y gestionan las ADQUISICIONES y compras de un proyecto para controlar los contratos de compra y garantizar las entregas tal como se planificaron.<\/li>\n<li>Analizar c\u00f3mo se gestionan los INTERESADOS de un proyecto para poder interactuar con ellos y aportar la informaci\u00f3n adecuada a su nivel de implicaci\u00f3n.<\/li>\n<li>Comprender el marco conceptual de la direcci\u00f3n de proyectos para iniciar el conocimiento de la metodolog\u00eda aplicada por el PMI\u00ae.<\/li>\n<li>Conocer el C\u00f3digo de \u00e9tica y conducta profesional de los directores de proyectos.<\/li>\n<li>Conocer la gesti\u00f3n de la integraci\u00f3n en los proyectos para mantener aglutinados todos los procesos a emplear.<\/li>\n<li>Reconocer la gesti\u00f3n del alcance de un proyecto para delimitar exactamente el volumen de trabajo a realizar y evitar trabajos no computados.<\/li>\n<li>Gestionar el tiempo de un proyecto para poder planificar las tareas y trabajos en orden cronol\u00f3gico adecuado y m\u00e1s ajustado posible.<\/li>\n<li>Conocer c\u00f3mo se realiza la gesti\u00f3n de los costos del proyecto para ajustar el presupuesto y evitar sobrecostes por esfuerzos no computados.<\/li>\n<li>Analizar c\u00f3mo se gestiona la calidad de los elementos de un proyecto para mantener los criterios exigidos.<\/li>\n<li>Gestionar los recursos de un proyecto (materiales y humanos) para emplearlos en el mejor desempe\u00f1o posible y evitar duplicidades de tareas.<\/li>\n<li>Gestionar las comunicaciones entre los interesados para mantener un nivel adecuado de informaci\u00f3n a cada interesado.<\/li>\n<li>Comprender c\u00f3mo se clasifican y gestionan los riesgos de un proyecto para poder evaluarlos y tener un plan de contingencia ante la ocurrencia del riesgo.<\/li>\n<li>Reconocer c\u00f3mo se tratan y gestionan las adquisiciones y compras de un proyecto para controlar los contratos de compra y garantizar las entregas tal como se planificaron.<\/li>\n<li>Conocer c\u00f3mo se gestionan los interesados de un proyecto para poder interactuar con ellos y aportar la informaci\u00f3n adecuada a su nivel de implicaci\u00f3n.<\/li>\n<\/ol>\n<h4><strong>Duraci\u00f3n<\/strong><\/h4>\n<p>100 horas reloj.<strong><br \/>\n<\/strong><\/p>\n<h4><strong>Certificaci\u00f3n que se expide<\/strong><\/h4>\n<p>Curso Universitario: Iniciaci\u00f3n al Project Management<\/p>\n<h4><strong>Destinatarios<\/strong><\/h4>\n<p>Profesionales que por su posici\u00f3n dentro de la empresa deban gestionar y coordinar proyectos de cualquier \u00edndole, poniendo especial \u00e9nfasis en Ingenieros\/as, Arquitectos\/as, T\u00e9cnicos\/as.<\/p>\n<h4><strong>Requisitos<\/strong><\/h4>\n<p>No posee requisitos de ingreso.<\/p>\n<h4><strong>Metodolog\u00eda y modalidad de ense\u00f1anza<\/strong><\/h4>\n<p>El curso se desarrolla totalmente en modalidad a distancia, a trav\u00e9s de una plataforma virtual de ense\u00f1anza-aprendizaje, disponible las 24 horas de todos los d\u00edas de la semana.\u00a0 El curso permanecer\u00e1 abierto durante 3 meses a partir de la inscripci\u00f3n.<\/p>\n<p>Las propuestas de aprendizaje permiten que cada estudiante las realice de acuerdo a sus tiempos, de manera asincr\u00f3nica. Las mismas se desarrollan a trav\u00e9s de diversos tipos de actividades, recursos y herramientas digitales tales como videos interactivos, actividades de aprendizaje y de autoevaluaci\u00f3n y material descargable de apoyo, enlaces a art\u00edculos, v\u00eddeos de dominio p\u00fablico y bibliograf\u00eda.<\/p>\n<p>Los cursos se organizan por m\u00f3dulos. Al finalizar cada uno, el alumno deber\u00e1 realizar una autoevaluaci\u00f3n que una vez aprobada, le permitir\u00e1 avanzar al m\u00f3dulo siguiente recorriendo una trayectoria de profundizaci\u00f3n del contenido y logro de las competencias espec\u00edficas. Cumplimentadas estas instancias, se finaliza el curso con una evaluaci\u00f3n integradora de los contenidos desarrollados.<\/p>\n","protected":false},"excerpt":{"rendered":"<h4>\u2022 100% ONLINE<\/h4>\n<h4>\u2022 PLATAFORMA DISPONIBLE LAS 24 HS.<\/h4>\n<h4>\u2022 CERTIFICACION UNIVERSITARIA<\/h4>\n","protected":false},"featured_media":970,"template":"","meta":{"site-sidebar-layout":"default","site-content-layout":"default","ast-site-content-layout":"","site-content-style":"default","site-sidebar-style":"default","ast-global-header-display":"","ast-banner-title-visibility":"","ast-main-header-display":"","ast-hfb-above-header-display":"","ast-hfb-below-header-display":"","ast-hfb-mobile-header-display":"","site-post-title":"","ast-breadcrumbs-content":"","ast-featured-img":"","footer-sml-layout":"","theme-transparent-header-meta":"default","adv-header-id-meta":"","stick-header-meta":"","header-above-stick-meta":"","header-main-stick-meta":"","header-below-stick-meta":"","astra-migrate-meta-layouts":"default","ast-page-background-enabled":"default","ast-page-background-meta":{"desktop":{"background-color":"var(--ast-global-color-4)","background-image":"","background-repeat":"repeat","background-position":"center center","background-size":"auto","background-attachment":"scroll","background-type":"","background-media":"","overlay-type":"","overlay-color":"","overlay-gradient":""},"tablet":{"background-color":"","background-image":"","background-repeat":"repeat","background-position":"center center","background-size":"auto","background-attachment":"scroll","background-type":"","background-media":"","overlay-type":"","overlay-color":"","overlay-gradient":""},"mobile":{"background-color":"","background-image":"","background-repeat":"repeat","background-position":"center center","background-size":"auto","background-attachment":"scroll","background-type":"","background-media":"","overlay-type":"","overlay-color":"","overlay-gradient":""}},"ast-content-background-meta":{"desktop":{"background-color":"var(--ast-global-color-5)","background-image":"","background-repeat":"repeat","background-position":"center center","background-size":"auto","background-attachment":"scroll","background-type":"","background-media":"","overlay-type":"","overlay-color":"","overlay-gradient":""},"tablet":{"background-color":"var(--ast-global-color-5)","background-image":"","background-repeat":"repeat","background-position":"center center","background-size":"auto","background-attachment":"scroll","background-type":"","background-media":"","overlay-type":"","overlay-color":"","overlay-gradient":""},"mobile":{"background-color":"var(--ast-global-color-5)","background-image":"","background-repeat":"repeat","background-position":"center center","background-size":"auto","background-attachment":"scroll","background-type":"","background-media":"","overlay-type":"","overlay-color":"","overlay-gradient":""}},"_joinchat":[]},"product_cat":[30,32],"product_tag":[],"class_list":{"0":"post-940","1":"product","2":"type-product","3":"status-publish","4":"has-post-thumbnail","6":"product_cat-gestion","7":"product_cat-liderazgo","8":"desktop-align-left","9":"tablet-align-left","10":"mobile-align-left","12":"first","13":"instock","14":"shipping-taxable","15":"product-type-external"},"_links":{"self":[{"href":"https:\/\/cecauf.es\/website\/wp-json\/wp\/v2\/product\/940","targetHints":{"allow":["GET"]}}],"collection":[{"href":"https:\/\/cecauf.es\/website\/wp-json\/wp\/v2\/product"}],"about":[{"href":"https:\/\/cecauf.es\/website\/wp-json\/wp\/v2\/types\/product"}],"version-history":[{"count":3,"href":"https:\/\/cecauf.es\/website\/wp-json\/wp\/v2\/product\/940\/revisions"}],"predecessor-version":[{"id":2481,"href":"https:\/\/cecauf.es\/website\/wp-json\/wp\/v2\/product\/940\/revisions\/2481"}],"wp:featuredmedia":[{"embeddable":true,"href":"https:\/\/cecauf.es\/website\/wp-json\/wp\/v2\/media\/970"}],"wp:attachment":[{"href":"https:\/\/cecauf.es\/website\/wp-json\/wp\/v2\/media?parent=940"}],"wp:term":[{"taxonomy":"product_cat","embeddable":true,"href":"https:\/\/cecauf.es\/website\/wp-json\/wp\/v2\/product_cat?post=940"},{"taxonomy":"product_tag","embeddable":true,"href":"https:\/\/cecauf.es\/website\/wp-json\/wp\/v2\/product_tag?post=940"}],"curies":[{"name":"wp","href":"https:\/\/api.w.org\/{rel}","templated":true}]}}