{"id":897,"date":"2022-07-04T14:31:02","date_gmt":"2022-07-04T14:31:02","guid":{"rendered":"https:\/\/cecauf.es\/website\/?post_type=product&#038;p=897"},"modified":"2024-01-17T02:14:00","modified_gmt":"2024-01-17T02:14:00","slug":"curso-universitario-implantacion-mantenimiento-y-mejora-de-sistemas-de-gestion-de-la-calidad__trashed","status":"publish","type":"product","link":"https:\/\/cecauf.es\/website\/producto\/curso-universitario-implantacion-mantenimiento-y-mejora-de-sistemas-de-gestion-de-la-calidad__trashed\/","title":{"rendered":"Curso: Implantaci\u00f3n, Mantenimiento y Mejora de Sistemas de Gesti\u00f3n de la Calidad"},"content":{"rendered":"<h4><strong>RESOLUCION RECTORAL N\u00b0 425\/21<\/strong><\/h4>\n<h4><span style=\"color: #ff6600;\"><strong>INICIO INMEDIATO\u00a0<\/strong><\/span><\/h4>\n<h4><strong>Descripci\u00f3n<\/strong><\/h4>\n<p>En este curso profesional el alumno aprender\u00e1 a planificar la implantaci\u00f3n de un sistema de calidad seg\u00fan la norma ISO 9001:2015, abarcando el dise\u00f1o, documentaci\u00f3n y estructura, as\u00ed como la correcta implementaci\u00f3n para la obtenci\u00f3n del certificado de entidad independiente.<\/p>\n<p><strong>\u00a0<\/strong>El estudiante desarrollar\u00e1 las siguientes competencias:<\/p>\n<ol>\n<li>Saber planificar el proyecto de implantaci\u00f3n de un sistema de gesti\u00f3n de la calidad, partiendo de un diagn\u00f3stico inicial y el compromiso de la direcci\u00f3n, a fin de ser capaz de abordarlo y lograr el cumplimiento de los requisitos de la norma ISO 9001:2015 hasta su certificaci\u00f3n por entidad acreditada independiente.<\/li>\n<li>Saber dise\u00f1ar y documentar un sistema de gesti\u00f3n de la calidad eficaz y eficiente en el cumplimiento de los requisitos de la norma ISO 9001:2015, y capaz de lograr su certificaci\u00f3n por entidad acreditada independiente.<\/li>\n<li>Saber acometer de forma eficaz y eficiente el dise\u00f1o de la estructura organizativa de un sistema de gesti\u00f3n de la calidad, su puesta en marcha y su periodo de rodaje inicial, a fin desgarantizar la correcta culminaci\u00f3n del proyecto de implantaci\u00f3n y preparaci\u00f3n para su posterior certificaci\u00f3n por entidad acreditada independiente.<\/li>\n<li>Saber preparar de forma eficaz y eficiente la certificaci\u00f3n de un sistema de gesti\u00f3n de la calidad, por entidad acreditada independiente, a fin de dar cumplimiento a los objetivos de la organizaci\u00f3n.<\/li>\n<li>Saber gestionar la operaci\u00f3n evaluaci\u00f3n y mejora continua de un sistema de gesti\u00f3n de la calidad ya implantado, a fin de mantener en el tiempo el certificado otorgado por una entidad acreditada independiente, en base a su funcionamiento eficaz y eficiente.<\/li>\n<li>Saber planificar, realizar e informar de los resultados de un programa de auditor\u00edas internas que permita evaluar el sistema de gesti\u00f3n de la calidad ya implantado, a fin de mantener en el tiempo su correcta implantaci\u00f3n y certificaci\u00f3n.<\/li>\n<\/ol>\n<h4><strong>Duraci\u00f3n<\/strong><\/h4>\n<p>35 horas reloj.<strong><br \/>\n<\/strong><\/p>\n<h4><strong>Certificaci\u00f3n que se expide<\/strong><\/h4>\n<p>Curso Universitario: Implementaci\u00f3n, Mantenimiento y Mejora de Sistemas de Gesti\u00f3n de la Calidad<\/p>\n<h4><strong>Destinatarios<\/strong><\/h4>\n<p>Profesionales que se responsabilicen o vayan a responsabilizarse de competencias en el \u00e1rea de gesti\u00f3n de la calidad de una empresa, poniendo especial \u00e9nfasis en t\u00e9cnicos de calidad o directivos del \u00e1rea de calidad.<\/p>\n<h4><strong>Requisitos<\/strong><\/h4>\n<p>No posee requisitos de ingreso.<\/p>\n<h4><strong>Metodolog\u00eda y modalidad de ense\u00f1anza<\/strong><\/h4>\n<p>El curso se desarrolla totalmente en modalidad a distancia, a trav\u00e9s de una plataforma virtual de ense\u00f1anza-aprendizaje, disponible las 24 horas de todos los d\u00edas de la semana.\u00a0 El curso permanecer\u00e1 abierto durante 3 meses a partir de la inscripci\u00f3n.<\/p>\n<p>Las propuestas de aprendizaje permiten que cada estudiante las realice de acuerdo a sus tiempos, de manera asincr\u00f3nica. Las mismas se desarrollan a trav\u00e9s de diversos tipos de actividades, recursos y herramientas digitales tales como videos interactivos, actividades de aprendizaje y de autoevaluaci\u00f3n y material descargable de apoyo, enlaces a art\u00edculos, v\u00eddeos de dominio p\u00fablico y bibliograf\u00eda.<\/p>\n<p>Los cursos se organizan por m\u00f3dulos. Al finalizar cada uno, el alumno deber\u00e1 realizar una autoevaluaci\u00f3n que una vez aprobada, le permitir\u00e1 avanzar al m\u00f3dulo siguiente recorriendo una trayectoria de profundizaci\u00f3n del contenido y logro de las competencias espec\u00edficas. Cumplimentadas estas instancias, se finaliza el curso con una evaluaci\u00f3n integradora de los contenidos desarrollados.<\/p>\n","protected":false},"excerpt":{"rendered":"<h4>\u2022 100% ONLINE<\/h4>\n<h4>\u2022 PLATAFORMA DISPONIBLE LAS 24 HS.<\/h4>\n<h4>\u2022 CERTIFICACION UNIVERSITARIA<\/h4>\n","protected":false},"featured_media":927,"template":"","meta":{"site-sidebar-layout":"default","site-content-layout":"default","ast-site-content-layout":"","site-content-style":"default","site-sidebar-style":"default","ast-global-header-display":"","ast-banner-title-visibility":"","ast-main-header-display":"","ast-hfb-above-header-display":"","ast-hfb-below-header-display":"","ast-hfb-mobile-header-display":"","site-post-title":"","ast-breadcrumbs-content":"","ast-featured-img":"","footer-sml-layout":"","theme-transparent-header-meta":"default","adv-header-id-meta":"","stick-header-meta":"","header-above-stick-meta":"","header-main-stick-meta":"","header-below-stick-meta":"","astra-migrate-meta-layouts":"default","ast-page-background-enabled":"default","ast-page-background-meta":{"desktop":{"background-color":"var(--ast-global-color-4)","background-image":"","background-repeat":"repeat","background-position":"center center","background-size":"auto","background-attachment":"scroll","background-type":"","background-media":"","overlay-type":"","overlay-color":"","overlay-gradient":""},"tablet":{"background-color":"","background-image":"","background-repeat":"repeat","background-position":"center center","background-size":"auto","background-attachment":"scroll","background-type":"","background-media":"","overlay-type":"","overlay-color":"","overlay-gradient":""},"mobile":{"background-color":"","background-image":"","background-repeat":"repeat","background-position":"center center","background-size":"auto","background-attachment":"scroll","background-type":"","background-media":"","overlay-type":"","overlay-color":"","overlay-gradient":""}},"ast-content-background-meta":{"desktop":{"background-color":"var(--ast-global-color-5)","background-image":"","background-repeat":"repeat","background-position":"center center","background-size":"auto","background-attachment":"scroll","background-type":"","background-media":"","overlay-type":"","overlay-color":"","overlay-gradient":""},"tablet":{"background-color":"var(--ast-global-color-5)","background-image":"","background-repeat":"repeat","background-position":"center center","background-size":"auto","background-attachment":"scroll","background-type":"","background-media":"","overlay-type":"","overlay-color":"","overlay-gradient":""},"mobile":{"background-color":"var(--ast-global-color-5)","background-image":"","background-repeat":"repeat","background-position":"center center","background-size":"auto","background-attachment":"scroll","background-type":"","background-media":"","overlay-type":"","overlay-color":"","overlay-gradient":""}},"_joinchat":[]},"product_cat":[30,32],"product_tag":[],"class_list":{"0":"post-897","1":"product","2":"type-product","3":"status-publish","4":"has-post-thumbnail","6":"product_cat-gestion","7":"product_cat-liderazgo","8":"desktop-align-left","9":"tablet-align-left","10":"mobile-align-left","12":"first","13":"instock","14":"shipping-taxable","15":"product-type-external"},"_links":{"self":[{"href":"https:\/\/cecauf.es\/website\/wp-json\/wp\/v2\/product\/897","targetHints":{"allow":["GET"]}}],"collection":[{"href":"https:\/\/cecauf.es\/website\/wp-json\/wp\/v2\/product"}],"about":[{"href":"https:\/\/cecauf.es\/website\/wp-json\/wp\/v2\/types\/product"}],"version-history":[{"count":3,"href":"https:\/\/cecauf.es\/website\/wp-json\/wp\/v2\/product\/897\/revisions"}],"predecessor-version":[{"id":2455,"href":"https:\/\/cecauf.es\/website\/wp-json\/wp\/v2\/product\/897\/revisions\/2455"}],"wp:featuredmedia":[{"embeddable":true,"href":"https:\/\/cecauf.es\/website\/wp-json\/wp\/v2\/media\/927"}],"wp:attachment":[{"href":"https:\/\/cecauf.es\/website\/wp-json\/wp\/v2\/media?parent=897"}],"wp:term":[{"taxonomy":"product_cat","embeddable":true,"href":"https:\/\/cecauf.es\/website\/wp-json\/wp\/v2\/product_cat?post=897"},{"taxonomy":"product_tag","embeddable":true,"href":"https:\/\/cecauf.es\/website\/wp-json\/wp\/v2\/product_tag?post=897"}],"curies":[{"name":"wp","href":"https:\/\/api.w.org\/{rel}","templated":true}]}}