{"id":896,"date":"2022-07-04T14:31:02","date_gmt":"2022-07-04T14:31:02","guid":{"rendered":"https:\/\/cecauf.es\/website\/?post_type=product&#038;p=896"},"modified":"2024-01-17T02:13:46","modified_gmt":"2024-01-17T02:13:46","slug":"curso-universitario-implantacion-y-gestion-de-sistemas-de-calidad-iso-9000-2015__trashed","status":"publish","type":"product","link":"https:\/\/cecauf.es\/website\/producto\/curso-universitario-implantacion-y-gestion-de-sistemas-de-calidad-iso-9000-2015__trashed\/","title":{"rendered":"Curso: Implantaci\u00f3n y Gesti\u00f3n de Sistemas de Calidad (ISO 9000\/2015)"},"content":{"rendered":"<h4><strong>RESOLUCION RECTORAL N\u00b0 425\/21<\/strong><\/h4>\n<h4><span style=\"color: #ff6600;\"><strong>INICIO INMEDIATO\u00a0<\/strong><\/span><\/h4>\n<h4><strong>Descripci\u00f3n<\/strong><\/h4>\n<p>En este curso profesional el alumno aprender\u00e1 el concepto de calidad de forma global para su correcta utilizaci\u00f3n en el desarrollo de los procesos de una organizaci\u00f3n, abarcando la importancia de la gesti\u00f3n de la calidad y la estructura y requisitos de la Norma ISO 9001:2015, as\u00ed como la correcta implementaci\u00f3n de \u00e9sta para la obtenci\u00f3n del certificado de entidad independiente.<\/p>\n<p><strong>\u00a0<\/strong>El estudiante desarrollar\u00e1 las siguientes competencias:<\/p>\n<ol>\n<li>Entender correctamente el significado del concepto de calidad y otros afines para su adecuada utilizaci\u00f3n en el desarrollo de los procesos de una organizaci\u00f3n.<\/li>\n<li>Entender correctamente los distintos enfoques del concepto de calidad desde la perspectiva de los denominados Padres de la Calidad para su adecuada aplicaci\u00f3n en el desarrollo de los procesos de una organizaci\u00f3n.<\/li>\n<\/ol>\n<ol start=\"3\">\n<li>Entender los distintos alcances de la gesti\u00f3n de la Calidad a lo largo de la historia a fin de contextualizar el campo de aplicaci\u00f3n actual de la gesti\u00f3n de la calidad en el desarrollo de los procesos de una organizaci\u00f3n.<\/li>\n<li>Entender la importancia de la norma ISO 9001 como modelo de referencia internacional para la implantaci\u00f3n y certificaci\u00f3n de sistemas de gesti\u00f3n de la calidad.<\/li>\n<li>Entender los principios y conceptos esenciales de la gesti\u00f3n de la calidad seg\u00fan la norma ISO 9000 de fundamentos y vocabulario para su aplicaci\u00f3n correcta en el dise\u00f1o de los procesos de un sistema de gesti\u00f3n de la calidad.<\/li>\n<li>Conocer los distintos factores que llevan a las organizaciones a implantar y certificar sistemas de gesti\u00f3n de la calidad a fin de ser sensible a su importancia en los actuales contextos de negocio.<\/li>\n<li>Conocer la estructura y forma de presentaci\u00f3n de los requisitos de la norma ISO 9001:2015, de acuerdo con la estructura de alto nivel del anexo SL, para ser capaz de plantear el proceso de implantaci\u00f3n de un sistema de gesti\u00f3n de la calidad.<\/li>\n<\/ol>\n<ol start=\"8\">\n<li>Entender y saber aplicar los requisitos relativos al contexto de la organizaci\u00f3n, de acuerdo con la norma ISO 9001:2015, para ser capaz de dise\u00f1ar, desarrollar e implantar un sistema de gesti\u00f3n de la calidad.<\/li>\n<li>Entender y saber aplicar los requisitos relativos al liderazgo de la organizaci\u00f3n, de acuerdo con la norma ISO 9001:2015, para ser capaz de dise\u00f1ar, desarrollar e implantar un sistema de gesti\u00f3n de la calidad.<\/li>\n<li>Entender y saber aplicar los requisitos relativos a los procesos de planificaci\u00f3n, de acuerdo con la norma ISO 9001:2015, para ser capaz de dise\u00f1ar, desarrollar e implantar un sistema de gesti\u00f3n de la calidad.<\/li>\n<li>Entender y saber aplicar los requisitos relativos a los procesos de apoyo, de acuerdo con la norma ISO 9001:2015, para ser capaz de dise\u00f1ar, desarrollar e implantar un sistema de gesti\u00f3n de la calidad.<\/li>\n<li>Entender y saber aplicar los requisitos relativos a los procesos de operaci\u00f3n, de acuerdo con la norma ISO 9001:2015, para ser capaz de dise\u00f1ar, desarrollar e implantar un sistema de gesti\u00f3n de la calidad.<\/li>\n<li>Entender y saber aplicar los requisitos relativos a los procesos de evaluaci\u00f3n del desempe\u00f1o, de acuerdo con la norma ISO 9001:2015, para ser capaz de dise\u00f1ar, desarrollar e implantar un sistema de gesti\u00f3n de la calidad.<\/li>\n<li>Entender y saber aplicar los requisitos relativos a los procesos de mejora, de acuerdo con la norma ISO 9001:2015, para ser capaz de dise\u00f1ar, desarrollar e implantar un sistema de gesti\u00f3n de la calidad.<\/li>\n<li>Saber planificar el proyecto de implantaci\u00f3n de un sistema de gesti\u00f3n de la calidad, partiendo de un diagn\u00f3stico inicial y el compromiso de la direcci\u00f3n, a fin de ser capaz de abordarlo y lograr el cumplimiento de los requisitos de la norma ISO 9001:2015 hasta su certificaci\u00f3n por entidad acreditada independiente.<\/li>\n<li>Saber dise\u00f1ar y documentar un sistema de gesti\u00f3n de la calidad eficaz y eficiente en el cumplimiento de los requisitos de la norma ISO 9001:2015, y capaz de lograr su certificaci\u00f3n por entidad acreditada independiente.<\/li>\n<\/ol>\n<ol start=\"17\">\n<li>Saber acometer de forma eficaz y eficiente el dise\u00f1o de la estructura organizativa de un sistema de gesti\u00f3n de la calidad, su puesta en marcha y su periodo de rodaje inicial, a fin de garantizar la correcta culminaci\u00f3n del proyecto de implantaci\u00f3n y preparaci\u00f3n para su posterior certificaci\u00f3n por entidad acreditada independiente.<\/li>\n<\/ol>\n<ol start=\"18\">\n<li>Saber preparar de forma eficaz y eficiente la certificaci\u00f3n de un sistema de gesti\u00f3n de la calidad, por entidad acreditada independiente, a fin de dar cumplimiento a los objetivos de la organizaci\u00f3n.<\/li>\n<li>Saber gestionar la operaci\u00f3n evaluaci\u00f3n y mejora continua de un sistema de gesti\u00f3n de la calidad ya implantado, a fin de mantener en el tiempo el certificado otorgado por una entidad acreditada independiente, en base a su funcionamiento eficaz y eficiente.<\/li>\n<li>Saber planificar, realizar e informar de los resultados de un programa de auditor\u00edas internas que permita evaluar el sistema de gesti\u00f3n de la calidad ya implantado, a fin de mantener en el tiempo su correcta implantaci\u00f3n y certificaci\u00f3n.<\/li>\n<\/ol>\n<h4><strong>Duraci\u00f3n<\/strong><\/h4>\n<p>90 horas reloj.<strong><br \/>\n<\/strong><\/p>\n<h4><strong>Certificaci\u00f3n que se expide<\/strong><\/h4>\n<p>Curso Universitario: Implantaci\u00f3n y Gesti\u00f3n de Sistemas de Calidad (ISO 9000\/2015)<\/p>\n<h4><strong>Destinatarios<\/strong><\/h4>\n<p>Profesionales que se responsabilicen o vayan a responsabilizarse de competencias en el \u00e1rea de gesti\u00f3n de la calidad de una empresa, poniendo especial \u00e9nfasis en t\u00e9cnicos o responsables del departamento de calidad.<\/p>\n<h4><strong>Requisitos<\/strong><\/h4>\n<p>No posee requisitos de ingreso.<\/p>\n<h4><strong>Metodolog\u00eda y modalidad de ense\u00f1anza<\/strong><\/h4>\n<p>El curso se desarrolla totalmente en modalidad a distancia, a trav\u00e9s de una plataforma virtual de ense\u00f1anza-aprendizaje, disponible las 24 horas de todos los d\u00edas de la semana.\u00a0 El curso permanecer\u00e1 abierto durante 3 meses a partir de la inscripci\u00f3n.<\/p>\n<p>Las propuestas de aprendizaje permiten que cada estudiante las realice de acuerdo a sus tiempos, de manera asincr\u00f3nica. Las mismas se desarrollan a trav\u00e9s de diversos tipos de actividades, recursos y herramientas digitales tales como videos interactivos, actividades de aprendizaje y de autoevaluaci\u00f3n y material descargable de apoyo, enlaces a art\u00edculos, v\u00eddeos de dominio p\u00fablico y bibliograf\u00eda.<\/p>\n<p>Los cursos se organizan por m\u00f3dulos. Al finalizar cada uno, el alumno deber\u00e1 realizar una autoevaluaci\u00f3n que una vez aprobada, le permitir\u00e1 avanzar al m\u00f3dulo siguiente recorriendo una trayectoria de profundizaci\u00f3n del contenido y logro de las competencias espec\u00edficas. Cumplimentadas estas instancias, se finaliza el curso con una evaluaci\u00f3n integradora de los contenidos desarrollados.<\/p>\n","protected":false},"excerpt":{"rendered":"<h4>\u2022 100% ONLINE<\/h4>\n<h4>\u2022 PLATAFORMA DISPONIBLE LAS 24 HS.<\/h4>\n<h4>\u2022 CERTIFICACION UNIVERSITARIA<\/h4>\n","protected":false},"featured_media":926,"template":"","meta":{"site-sidebar-layout":"default","site-content-layout":"default","ast-site-content-layout":"","site-content-style":"default","site-sidebar-style":"default","ast-global-header-display":"","ast-banner-title-visibility":"","ast-main-header-display":"","ast-hfb-above-header-display":"","ast-hfb-below-header-display":"","ast-hfb-mobile-header-display":"","site-post-title":"","ast-breadcrumbs-content":"","ast-featured-img":"","footer-sml-layout":"","theme-transparent-header-meta":"default","adv-header-id-meta":"","stick-header-meta":"","header-above-stick-meta":"","header-main-stick-meta":"","header-below-stick-meta":"","astra-migrate-meta-layouts":"default","ast-page-background-enabled":"default","ast-page-background-meta":{"desktop":{"background-color":"var(--ast-global-color-4)","background-image":"","background-repeat":"repeat","background-position":"center center","background-size":"auto","background-attachment":"scroll","background-type":"","background-media":"","overlay-type":"","overlay-color":"","overlay-gradient":""},"tablet":{"background-color":"","background-image":"","background-repeat":"repeat","background-position":"center center","background-size":"auto","background-attachment":"scroll","background-type":"","background-media":"","overlay-type":"","overlay-color":"","overlay-gradient":""},"mobile":{"background-color":"","background-image":"","background-repeat":"repeat","background-position":"center center","background-size":"auto","background-attachment":"scroll","background-type":"","background-media":"","overlay-type":"","overlay-color":"","overlay-gradient":""}},"ast-content-background-meta":{"desktop":{"background-color":"var(--ast-global-color-5)","background-image":"","background-repeat":"repeat","background-position":"center center","background-size":"auto","background-attachment":"scroll","background-type":"","background-media":"","overlay-type":"","overlay-color":"","overlay-gradient":""},"tablet":{"background-color":"var(--ast-global-color-5)","background-image":"","background-repeat":"repeat","background-position":"center center","background-size":"auto","background-attachment":"scroll","background-type":"","background-media":"","overlay-type":"","overlay-color":"","overlay-gradient":""},"mobile":{"background-color":"var(--ast-global-color-5)","background-image":"","background-repeat":"repeat","background-position":"center center","background-size":"auto","background-attachment":"scroll","background-type":"","background-media":"","overlay-type":"","overlay-color":"","overlay-gradient":""}},"_joinchat":[]},"product_cat":[30,32],"product_tag":[],"class_list":{"0":"post-896","1":"product","2":"type-product","3":"status-publish","4":"has-post-thumbnail","6":"product_cat-gestion","7":"product_cat-liderazgo","8":"desktop-align-left","9":"tablet-align-left","10":"mobile-align-left","12":"first","13":"instock","14":"shipping-taxable","15":"product-type-external"},"_links":{"self":[{"href":"https:\/\/cecauf.es\/website\/wp-json\/wp\/v2\/product\/896","targetHints":{"allow":["GET"]}}],"collection":[{"href":"https:\/\/cecauf.es\/website\/wp-json\/wp\/v2\/product"}],"about":[{"href":"https:\/\/cecauf.es\/website\/wp-json\/wp\/v2\/types\/product"}],"version-history":[{"count":3,"href":"https:\/\/cecauf.es\/website\/wp-json\/wp\/v2\/product\/896\/revisions"}],"predecessor-version":[{"id":2453,"href":"https:\/\/cecauf.es\/website\/wp-json\/wp\/v2\/product\/896\/revisions\/2453"}],"wp:featuredmedia":[{"embeddable":true,"href":"https:\/\/cecauf.es\/website\/wp-json\/wp\/v2\/media\/926"}],"wp:attachment":[{"href":"https:\/\/cecauf.es\/website\/wp-json\/wp\/v2\/media?parent=896"}],"wp:term":[{"taxonomy":"product_cat","embeddable":true,"href":"https:\/\/cecauf.es\/website\/wp-json\/wp\/v2\/product_cat?post=896"},{"taxonomy":"product_tag","embeddable":true,"href":"https:\/\/cecauf.es\/website\/wp-json\/wp\/v2\/product_tag?post=896"}],"curies":[{"name":"wp","href":"https:\/\/api.w.org\/{rel}","templated":true}]}}