{"id":832,"date":"2022-07-04T14:30:44","date_gmt":"2022-07-04T14:30:44","guid":{"rendered":"https:\/\/cecauf.es\/website\/?post_type=product&#038;p=832"},"modified":"2024-10-08T23:56:16","modified_gmt":"2024-10-08T23:56:16","slug":"tecnicas-de-oratoria-para-el-desarrollo-personal-y-profesional__trashed","status":"publish","type":"product","link":"https:\/\/cecauf.es\/website\/producto\/tecnicas-de-oratoria-para-el-desarrollo-personal-y-profesional__trashed\/","title":{"rendered":"Curso: T\u00e9cnicas de Oratoria para el desarrollo personal y profesional"},"content":{"rendered":"<div>\n<h4><strong>Aprobado por Resoluci\u00f3n Rectoral 336\/21<\/strong><\/h4>\n<\/div>\n<h4><span style=\"color: #ff6600;\"><strong>INICIO INMEDIATO\u00a0<\/strong><\/span><\/h4>\n<h4>Descripci\u00f3n<\/h4>\n<p>Todos los d\u00edas estamos obligados a hablar a nuestros superiores, pares, subordinados, clientes o proveedores. Por eso, es fundamental saber c\u00f3mo las palabras influyen en las relaciones laborales y personales.<\/p>\n<p>El lenguaje oral es el medio de comunicaci\u00f3n por excelencia, para conversar, disertar, negociar, atender y mantener clientes, ense\u00f1ar, dar ex\u00e1menes orales, conferencias o presentaciones comerciales. Se puede saber el contenido (el qu\u00e9), pero si no se sabe expresarlo oralmente (el c\u00f3mo), el mensaje estar\u00e1 incompleto.<\/p>\n<p>La capacitaci\u00f3n est\u00e1 destinada a toda persona que desea mejorar y lograr una buena exposici\u00f3n p\u00fablica a trav\u00e9s de la Oratoria, ya sea en el \u00e1mbito personal o profesional. El nuevo paradigma socio-laboral tiene como protagonista principal la Comunicaci\u00f3n, aspecto en el que hace foco esta propuesta desde una perspectiva integral.<\/p>\n<p><strong>El curso brindar\u00e1 herramientas para desarrollar o mejorar las siguientes capacidades:<\/strong><\/p>\n<ul>\n<li>Manejo de t\u00e9cnicas para hablar en p\u00fablico<\/li>\n<li>Uso de t\u00e9cnicas para mejorar la exposici\u00f3n oral<\/li>\n<li>Desarrollo de habilidades para la comunicaci\u00f3n interpersonal<\/li>\n<li>Manejo de estrategias para la exposici\u00f3n mediada por tecnolog\u00eda<\/li>\n<\/ul>\n<p>Uso de herramientas y criterios para un adecuado manejo en contextos laborales-profesionales.<\/p>\n<h4>Duraci\u00f3n<\/h4>\n<p>40 horas reloj<\/p>\n<h4>Certificaci\u00f3n que se expide<\/h4>\n<p>Curso de Oratoria para el Desarrollo Personal y Profesional.<\/p>\n<h4>Destinatarios:<\/h4>\n<p>Destinado a Profesionales, estudiantes, gerentes, encargados de grupos de trabajo, vendedores, p\u00fablico en general interesado en la tem\u00e1tica.<\/p>\n<h4>Requisitos de Ingreso:<\/h4>\n<p>No posee requisitos de ingreso.<\/p>\n<h4>Modalidad de Cursado y Evaluaci\u00f3n<\/h4>\n<p>El curso se dicta totalmente a distancia, el alumno se inscribe y recibe un usuario y contrase\u00f1a que le permite acceder a la plataforma virtual donde se desarrollan todos los contenidos.<\/p>\n<p>Se provee material y desarrollo de conceptos claves en diferentes formatos, como material de lectura te\u00f3rico para descargar, videos con desarrollo de los temas por parte del docente y entrevistas a profesionales especializados y material de apoyo como enlaces a art\u00edculos, v\u00eddeos de dominio p\u00fablico y bibliograf\u00eda que permiten al alumno aprender a su ritmo, manejando sus tiempos.<\/p>\n<p>Cada m\u00f3dulo tiene actividades pr\u00e1cticas y ejercitaciones, que deber\u00e1n ser aprobadas para poder avanzar con la cursada.<\/p>\n<p>El docente ir\u00e1 evaluando a los alumnos a trav\u00e9s de \u00e9stas actividades, y los acompa\u00f1ar\u00e1 atendiendo las consultas particulares a trav\u00e9s de mensajer\u00eda interna y foros de consultas.<\/p>\n<h4><\/h4>\n","protected":false},"excerpt":{"rendered":"<h4>\u2022 INICIO INMEDIATO<\/h4>\n<h4>\u2022 DURACI\u00d3N: 24 horas<\/h4>\n<h4>\u2022 100% ONLINE<\/h4>\n","protected":false},"featured_media":28991,"template":"","meta":{"site-sidebar-layout":"default","site-content-layout":"default","ast-site-content-layout":"default","site-content-style":"default","site-sidebar-style":"default","ast-global-header-display":"","ast-banner-title-visibility":"","ast-main-header-display":"","ast-hfb-above-header-display":"","ast-hfb-below-header-display":"","ast-hfb-mobile-header-display":"","site-post-title":"","ast-breadcrumbs-content":"","ast-featured-img":"","footer-sml-layout":"","theme-transparent-header-meta":"default","adv-header-id-meta":"","stick-header-meta":"","header-above-stick-meta":"","header-main-stick-meta":"","header-below-stick-meta":"","astra-migrate-meta-layouts":"set","ast-page-background-enabled":"default","ast-page-background-meta":{"desktop":{"background-color":"var(--ast-global-color-4)","background-image":"","background-repeat":"repeat","background-position":"center center","background-size":"auto","background-attachment":"scroll","background-type":"","background-media":"","overlay-type":"","overlay-color":"","overlay-gradient":""},"tablet":{"background-color":"","background-image":"","background-repeat":"repeat","background-position":"center center","background-size":"auto","background-attachment":"scroll","background-type":"","background-media":"","overlay-type":"","overlay-color":"","overlay-gradient":""},"mobile":{"background-color":"","background-image":"","background-repeat":"repeat","background-position":"center center","background-size":"auto","background-attachment":"scroll","background-type":"","background-media":"","overlay-type":"","overlay-color":"","overlay-gradient":""}},"ast-content-background-meta":{"desktop":{"background-color":"var(--ast-global-color-5)","background-image":"","background-repeat":"repeat","background-position":"center center","background-size":"auto","background-attachment":"scroll","background-type":"","background-media":"","overlay-type":"","overlay-color":"","overlay-gradient":""},"tablet":{"background-color":"var(--ast-global-color-5)","background-image":"","background-repeat":"repeat","background-position":"center center","background-size":"auto","background-attachment":"scroll","background-type":"","background-media":"","overlay-type":"","overlay-color":"","overlay-gradient":""},"mobile":{"background-color":"var(--ast-global-color-5)","background-image":"","background-repeat":"repeat","background-position":"center center","background-size":"auto","background-attachment":"scroll","background-type":"","background-media":"","overlay-type":"","overlay-color":"","overlay-gradient":""}},"_joinchat":[]},"product_cat":[23,31,32,22],"product_tag":[],"class_list":{"0":"post-832","1":"product","2":"type-product","3":"status-publish","4":"has-post-thumbnail","6":"product_cat-comunicacion","7":"product_cat-habilidades-blandas","8":"product_cat-liderazgo","9":"product_cat-marketing-y-ventas","10":"desktop-align-left","11":"tablet-align-left","12":"mobile-align-left","14":"first","15":"instock","16":"shipping-taxable","17":"product-type-external"},"_links":{"self":[{"href":"https:\/\/cecauf.es\/website\/wp-json\/wp\/v2\/product\/832","targetHints":{"allow":["GET"]}}],"collection":[{"href":"https:\/\/cecauf.es\/website\/wp-json\/wp\/v2\/product"}],"about":[{"href":"https:\/\/cecauf.es\/website\/wp-json\/wp\/v2\/types\/product"}],"version-history":[{"count":3,"href":"https:\/\/cecauf.es\/website\/wp-json\/wp\/v2\/product\/832\/revisions"}],"predecessor-version":[{"id":2330,"href":"https:\/\/cecauf.es\/website\/wp-json\/wp\/v2\/product\/832\/revisions\/2330"}],"wp:featuredmedia":[{"embeddable":true,"href":"https:\/\/cecauf.es\/website\/wp-json\/wp\/v2\/media\/28991"}],"wp:attachment":[{"href":"https:\/\/cecauf.es\/website\/wp-json\/wp\/v2\/media?parent=832"}],"wp:term":[{"taxonomy":"product_cat","embeddable":true,"href":"https:\/\/cecauf.es\/website\/wp-json\/wp\/v2\/product_cat?post=832"},{"taxonomy":"product_tag","embeddable":true,"href":"https:\/\/cecauf.es\/website\/wp-json\/wp\/v2\/product_tag?post=832"}],"curies":[{"name":"wp","href":"https:\/\/api.w.org\/{rel}","templated":true}]}}