{"id":831,"date":"2022-07-04T14:30:44","date_gmt":"2022-07-04T14:30:44","guid":{"rendered":"https:\/\/cecauf.es\/website\/?post_type=product&#038;p=831"},"modified":"2024-10-08T23:56:27","modified_gmt":"2024-10-08T23:56:27","slug":"programa-para-el-desarrollo-personal-descubre-tu-proposito-y-lidera-tu-destino__trashed","status":"publish","type":"product","link":"https:\/\/cecauf.es\/website\/producto\/programa-para-el-desarrollo-personal-descubre-tu-proposito-y-lidera-tu-destino__trashed\/","title":{"rendered":"Curso: Desarrollo Personal: Descubre tu prop\u00f3sito y lidera tu destino"},"content":{"rendered":"<div>\n<h4><strong>Aprobado por Resoluci\u00f3n Rectoral\u00a0<\/strong><strong>170\/21<\/strong><\/h4>\n<\/div>\n<h4><span style=\"color: #ff6600;\"><strong>INICIO INMEDIATO\u00a0<\/strong><\/span><\/h4>\n<h4>Descripci\u00f3n<\/h4>\n<p>Muchas personas no son felices en el trabajo y no saben qu\u00e9 hacer, se sienten esclavos del destino; no son conscientes de sus valores fundamentales y la necesidad de congruencia entre su trabajo y sus valores; no conocen sus fortalezas caracter\u00edsticas y por ende no las aprovechan al m\u00e1ximo; est\u00e1n adormecidas emocionalmente y esto les impide establecer relaciones saludables y entornos positivos; no pueden operativizar una definici\u00f3n de felicidad que les permita avanzar en ganar felicidad en su vida diaria.<\/p>\n<p>Las situaciones de distr\u00e9s, ansiedad, ataques de p\u00e1nico, trastornos diversos, suelen ser un s\u00edntoma de que algo est\u00e1 en incongruencia en nuestra vida. Lo hemos sentido, nos hemos parado en esos momentos y casi por casualidad, alguien o una comunidad nos dio una mano y nos acerc\u00f3 a un camino que nos ayud\u00f3 a reencontrar el equilibrio.<\/p>\n<p>Ante esta posible realidad cotidiana proponemos una mirada desde el coaching ontol\u00f3gico, una disciplina profesional que nos \u201cpresta preguntas\u201d para desafiar nuestras creencias y dise\u00f1ar un futuro a partir de nuevas respuestas: \u00bfC\u00f3mo quer\u00e9s vivir tu vida? \u00bfC\u00f3mo puedes responder eficazmente a esta situaci\u00f3n, dadas las circunstancias ante las cuales la vida te enfrenta?<\/p>\n<p>Leonardo Wolk, referente del\u00a0<strong>Coaching Ontol\u00f3gico,<\/strong>\u00a0propone a\u00f1adir una h al t\u00e9rmino responsabilidad (respons(h)abilidad) refiriendo la posibilidad de entrenar la habilidad de observar c\u00f3mo nos posicionamos frente a las cosas que nos acontecen y elegir las acciones desde una libertad esencial.<\/p>\n<p>Asimismo, proponemos una mirada desde la\u00a0<strong>Psicolog\u00eda Positiva<\/strong>\u00a0y la\u00a0<strong>Educaci\u00f3n Emocional\u00a0<\/strong>que nos plantea el desaf\u00edo de alcanzar una mayor conciencia emocional. La mayor parte de las personas tenemos poca conciencia de la fuerza de nuestras emociones. Sin esa conciencia no es posible desarrollar los sentimientos de empat\u00eda y las habilidades de interacci\u00f3n. El desarrollo de la conciencia emocional es clave para (como ense\u00f1a el Dr. Claude Steiner):<\/p>\n<ul>\n<li>Saber lo que sentimos<\/li>\n<li>Saber lo que otros sienten<\/li>\n<li>Descubrir las causas de esos sentimientos y<\/li>\n<li>Conocer el probable efecto de nuestros sentimientos sobre los dem\u00e1s.<\/li>\n<\/ul>\n<p>Tambi\u00e9n desde la Psicolog\u00eda,\u00a0<strong>el An\u00e1lisis Transaccional<\/strong>\u00a0del Dr. Eric Berne nos ayudar\u00e1 a comprender las relaciones humanas centr\u00e1ndonos en las interacciones sociales y reflexionando sobre aquellos patrones que se repiten en nuestras relaciones interpersonales y que nos llevan a buenos resultados, patrones que forman nuestro Gui\u00f3n de Vida y que podemos reescribir.<\/p>\n<p>Por \u00faltimo, pero no menos importante, la Psicolog\u00eda\u00a0<strong>Gestalt\u00a0<\/strong>aporta desde la percepci\u00f3n, una mirada de la realidad centrada en la persona, nos ayuda a entender c\u00f3mo decodificar las sensaciones recibidas por los sentidos e interpretadas por la mente. A partir de un juego casi imperceptible priorizamos\u00a0 est\u00edmulos que traemos a primer plano, hacemos\u00a0<em>foco<\/em>, y desestimamos otros que oficializan de fondo. Figura -fondo, un sutil ejercicio de atenci\u00f3n guiado por las experiencias vividas, los recorridos transitados, las emociones movilizadas y los conocimientos adquiridos. La realidad cobra sentido para nosotros desde nuestras percepciones y la interpretaci\u00f3n que asignamos a esos hechos o sucesos.<\/p>\n<p>Quienes participan de este curso tambi\u00e9n tienen la posibilidad de integrar la \u201cComunidad Artesanos del Futuro\u201d del Laboratorio de Liderazgo Innovador, una comunidad de pr\u00e1ctica, para no estar solos en este camino de redescubrimiento. Durante el curso habr\u00e1 informaci\u00f3n al respecto.<\/p>\n<p>El objetivo principal de este curso es aportar valor a los participantes,\u00a0<strong>incrementando\u00a0<\/strong>su autoconocimiento, autoliderazgo y capacidad de dise\u00f1ar su futuro, y\u00a0<strong>reduciendo\u00a0<\/strong>la frustraci\u00f3n que genera el desconocer un prop\u00f3sito, la incongruencia de los valores fundamentales con la actividad diaria, la ansiedad de no saber c\u00f3mo sentirse mejor y ganar felicidad diariamente.<\/p>\n<p>Los objetivos de este programa son:<\/p>\n<ul>\n<li><em>Introducir a los participantes los conceptos centrales y pr\u00e1cticas que les permitan comprender los patrones con los que se desenvuelven y que conforman su gui\u00f3n de vida, para que apoyados en sus valores fundamentales, ideales propios y deseos, puedan comenzar con libertad, responsabilidad y compromiso, el camino de dise\u00f1o de su futuro.<\/em><\/li>\n<li><em>Iniciar a los participantes en la gesti\u00f3n de las emociones como condicionantes de comportamientos y factores clave en los procesos de cambio interno.<\/em><\/li>\n<li><em>Concientizar a los participantes de c\u00f3mo sus creencias y valores relacionados con la felicidad y el \u00e9xito intervienen en su capacidad de dise\u00f1ar el futuro so\u00f1ado. Facilitar el reconocimiento de sus fortalezas y las pr\u00e1cticas para desarrollarlas y apalancar su propio desarrollo personal y profesional, en el camino a ganar felicidad.<\/em><\/li>\n<li><em>Impulsar a los participantes a la combinaci\u00f3n de los elementos descubiertos y\/o relevados en este curso para abrir nuevas posibilidades y encaminarse en dise\u00f1ar su futuro.<\/em><\/li>\n<\/ul>\n<h4>Duraci\u00f3n<\/h4>\n<p>20 horas<\/p>\n<h4>Certificaci\u00f3n que se expide<\/h4>\n<p>Programa para el desarrollo personal: Descubre tu prop\u00f3sito y lidera tu destino.<\/p>\n<h4>Destinatarios<\/h4>\n<p>Personas interesadas en tem\u00e1ticas relacionadas al autoconocimiento, desarrollo personal, liderazgo, autoayuda, emprendedorismo.<br \/>\nInteresados que deseen obtener herramientas para hacer un cambio en\u00a0 su vida personal y\/o profesional.<\/p>\n<h4>Requisitos de Ingreso:<\/h4>\n<p>No posee requisitos de ingreso.<\/p>\n<h4>Modalidad de Cursado y Evaluaci\u00f3n<\/h4>\n<p>La metodolog\u00eda combina materiales audiovisuales generados por el equipo facilitador, como as\u00ed tambi\u00e9n textos de elaboraci\u00f3n propia, referencias bibliogr\u00e1ficas y multimediales.<\/p>\n<p>Cada m\u00f3dulo contiene una serie de autoevaluaciones para medir la comprensi\u00f3n de los conceptos clave y una gu\u00eda de pr\u00e1cticas recomendadas y optativas (sin supervisi\u00f3n). As\u00ed, en cada m\u00f3dulo el alumno tendr\u00e1 disponible el siguiente material:<\/p>\n<ul>\n<li>Lecturas: cada m\u00f3dulo incluye lecturas breves que desarrollan conceptos te\u00f3ricos y ejemplos de los conceptos clave all\u00ed tratados.<\/li>\n<li>Ejercicios de reflexi\u00f3n: en funci\u00f3n de los temas, se plantear\u00e1n ejercicios en la bit\u00e1cora del participante.<\/li>\n<li>Cuestionarios de evaluaci\u00f3n: en cada unidad el alumno encontrar\u00e1 cuestionarios de evaluaci\u00f3n, cuya realizaci\u00f3n es obligatoria para acceder al certificado de aprobaci\u00f3n del curso. Las preguntas planificadas en las autoevaluaciones son de cuatro tipos: verdadero o falso, selecci\u00f3n m\u00faltiple, respuesta m\u00faltiple y relacionamiento.<\/li>\n<li>Video de presentaci\u00f3n y cierre: en cada unidad el alumno tendr\u00e1 disponible un video para presentar los contenidos fundamentales del m\u00f3dulo y otro para presentar las principales lecciones o conclusiones del mismo.<\/li>\n<li>Video facilitador: Los facilitadores del curso expondr\u00e1n los contenidos m\u00e1s relevantes de cada m\u00f3dulo,\u00a0 a fin de facilitar el proceso de aprendizaje, complement\u00e1ndolo con las lecturas.<\/li>\n<\/ul>\n<h4><\/h4>\n","protected":false},"excerpt":{"rendered":"<h4>\u2022 INICIO INMEDIATO<\/h4>\n<h4>\u2022 DURACI\u00d3N: 20 horas<\/h4>\n<h4>\u2022 100% ONLINE<\/h4>\n","protected":false},"featured_media":28992,"template":"","meta":{"site-sidebar-layout":"default","site-content-layout":"default","ast-site-content-layout":"default","site-content-style":"default","site-sidebar-style":"default","ast-global-header-display":"","ast-banner-title-visibility":"","ast-main-header-display":"","ast-hfb-above-header-display":"","ast-hfb-below-header-display":"","ast-hfb-mobile-header-display":"","site-post-title":"","ast-breadcrumbs-content":"","ast-featured-img":"","footer-sml-layout":"","theme-transparent-header-meta":"default","adv-header-id-meta":"","stick-header-meta":"","header-above-stick-meta":"","header-main-stick-meta":"","header-below-stick-meta":"","astra-migrate-meta-layouts":"set","ast-page-background-enabled":"default","ast-page-background-meta":{"desktop":{"background-color":"var(--ast-global-color-4)","background-image":"","background-repeat":"repeat","background-position":"center center","background-size":"auto","background-attachment":"scroll","background-type":"","background-media":"","overlay-type":"","overlay-color":"","overlay-gradient":""},"tablet":{"background-color":"","background-image":"","background-repeat":"repeat","background-position":"center center","background-size":"auto","background-attachment":"scroll","background-type":"","background-media":"","overlay-type":"","overlay-color":"","overlay-gradient":""},"mobile":{"background-color":"","background-image":"","background-repeat":"repeat","background-position":"center center","background-size":"auto","background-attachment":"scroll","background-type":"","background-media":"","overlay-type":"","overlay-color":"","overlay-gradient":""}},"ast-content-background-meta":{"desktop":{"background-color":"var(--ast-global-color-5)","background-image":"","background-repeat":"repeat","background-position":"center center","background-size":"auto","background-attachment":"scroll","background-type":"","background-media":"","overlay-type":"","overlay-color":"","overlay-gradient":""},"tablet":{"background-color":"var(--ast-global-color-5)","background-image":"","background-repeat":"repeat","background-position":"center center","background-size":"auto","background-attachment":"scroll","background-type":"","background-media":"","overlay-type":"","overlay-color":"","overlay-gradient":""},"mobile":{"background-color":"var(--ast-global-color-5)","background-image":"","background-repeat":"repeat","background-position":"center center","background-size":"auto","background-attachment":"scroll","background-type":"","background-media":"","overlay-type":"","overlay-color":"","overlay-gradient":""}},"_joinchat":[]},"product_cat":[23,31,32],"product_tag":[],"class_list":{"0":"post-831","1":"product","2":"type-product","3":"status-publish","4":"has-post-thumbnail","6":"product_cat-comunicacion","7":"product_cat-habilidades-blandas","8":"product_cat-liderazgo","9":"desktop-align-left","10":"tablet-align-left","11":"mobile-align-left","13":"first","14":"instock","15":"shipping-taxable","16":"product-type-external"},"_links":{"self":[{"href":"https:\/\/cecauf.es\/website\/wp-json\/wp\/v2\/product\/831","targetHints":{"allow":["GET"]}}],"collection":[{"href":"https:\/\/cecauf.es\/website\/wp-json\/wp\/v2\/product"}],"about":[{"href":"https:\/\/cecauf.es\/website\/wp-json\/wp\/v2\/types\/product"}],"version-history":[{"count":3,"href":"https:\/\/cecauf.es\/website\/wp-json\/wp\/v2\/product\/831\/revisions"}],"predecessor-version":[{"id":2356,"href":"https:\/\/cecauf.es\/website\/wp-json\/wp\/v2\/product\/831\/revisions\/2356"}],"wp:featuredmedia":[{"embeddable":true,"href":"https:\/\/cecauf.es\/website\/wp-json\/wp\/v2\/media\/28992"}],"wp:attachment":[{"href":"https:\/\/cecauf.es\/website\/wp-json\/wp\/v2\/media?parent=831"}],"wp:term":[{"taxonomy":"product_cat","embeddable":true,"href":"https:\/\/cecauf.es\/website\/wp-json\/wp\/v2\/product_cat?post=831"},{"taxonomy":"product_tag","embeddable":true,"href":"https:\/\/cecauf.es\/website\/wp-json\/wp\/v2\/product_tag?post=831"}],"curies":[{"name":"wp","href":"https:\/\/api.w.org\/{rel}","templated":true}]}}