{"id":790,"date":"2022-07-04T14:01:42","date_gmt":"2022-07-04T14:01:42","guid":{"rendered":"https:\/\/cecauf.es\/website\/?post_type=product&#038;p=790"},"modified":"2024-10-02T19:19:30","modified_gmt":"2024-10-02T19:19:30","slug":"curso-universitario-storytelling-aplicado-al-ambito-comercial__trashed","status":"publish","type":"product","link":"https:\/\/cecauf.es\/website\/producto\/curso-universitario-storytelling-aplicado-al-ambito-comercial__trashed\/","title":{"rendered":"Curso: Storytelling Aplicado al \u00c1mbito Comercial"},"content":{"rendered":"<h4><strong>RESOLUCION RECTORAL N\u00b0 425\/21<\/strong><\/h4>\n<h4><span style=\"color: #ff6600;\"><strong>INICIO INMEDIATO\u00a0<\/strong><\/span><\/h4>\n<h4><strong>Descripci\u00f3n<\/strong><\/h4>\n<p>En este curso profesional el alumno aprender\u00e1 el concepto de Storytelling abarcando aspectos como las claves del Storytelling en diferentes \u00e1mbitos (pol\u00edtica, publicidad, cine, empresarial), las caracter\u00edsticas del comercial para usar historias en la venta, as\u00ed como los errores comunicativos y las claves de la Econom\u00eda Conductual para el dise\u00f1o de Storytelling que ayuden al comercial a vender.<\/p>\n<p><strong>\u00a0<\/strong>El estudiante desarrollar\u00e1 las siguientes competencias:<\/p>\n<ol>\n<li>Identificar las claves que nos unifican a los seres humanos como consumidores de historias desde nuestro nacimiento, para poder aprovechar esta base conceptual en el dise\u00f1o del storytelling comercial.<\/li>\n<li>Definir claramente el concepto de Storytelling para poder encuadrar adecuadamente nuestro dise\u00f1o posterior de Storytelling comercial.<\/li>\n<li>Reconocer las claves del Storytelling aplicado al \u00e1mbito de la Pol\u00edtica, para extraer de esos ejemplos aprendizajes aplicables al \u00e1mbito comercial.<\/li>\n<li>Identificar las claves del Storytelling aplicado al \u00e1mbito de la Publicidad, para extraer de esos ejemplos aprendizajes aplicables al \u00e1mbito comercial.<\/li>\n<li>Distinguir las claves del Storytelling aplicado al \u00e1mbito del Cine, para extraer de esos ejemplos aprendizajes aplicables al \u00e1mbito comercial.<\/li>\n<li>Reconocer las claves del Storytelling aplicado al \u00e1mbito Empresarial, para extraer de esos ejemplos aprendizajes al \u00e1mbito comercial.<\/li>\n<li>Identificar las habilidades y capacidades personales que un Comercial necesita para utilizar y aplicar convenientemente el Storytelling en el \u00e1mbito comercial (y con ello conseguir vender m\u00e1s).<\/li>\n<li>Diferenciar los errores habituales que los Comerciales cometen cuando articulan y transmiten su discurso al cliente para evitarlos a la hora de dise\u00f1ar nuevas formas de comunicar para vender, especialmente en entornos comerciales denominados \u00abdif\u00edciles\u00bb.<\/li>\n<li>Comprender las claves de la Econom\u00eda Conductual y c\u00f3mo funcionan los \u00absesgos cognitivos\u00bb para entender c\u00f3mo las personas tomamos decisiones y por lo tanto c\u00f3mo dise\u00f1ar historias (Storytelling) que ayuden al Comercial a vender.<\/li>\n<\/ol>\n<h4><strong>Duraci\u00f3n<\/strong><\/h4>\n<p>20 horas reloj.<strong><br \/>\n<\/strong><\/p>\n<h4><strong>Certificaci\u00f3n que se expide<\/strong><\/h4>\n<p>Curso Universitario: Storytelling Aplicado al Ambito Comercial<\/p>\n<h4><strong>Destinatarios<\/strong><\/h4>\n<p>Profesionales de cualquier sector que se dediquen a la venta, poniendo especial \u00e9nfasis en puestos de comercial y operador telemarketing, director comercial, jefe de ventas, as\u00ed como otros profesionales con funciones comerciales, director general, director marketing, director RRHH, gerente de ventas o responsable de compras.<\/p>\n<h4><strong>Requisitos<\/strong><\/h4>\n<p>No posee requisitos de ingreso.<\/p>\n<h4><strong>Metodolog\u00eda y modalidad de ense\u00f1anza<\/strong><\/h4>\n<p>El curso se desarrolla totalmente en modalidad a distancia, a trav\u00e9s de una plataforma virtual de ense\u00f1anza-aprendizaje, disponible las 24 horas de todos los d\u00edas de la semana.\u00a0 El curso permanecer\u00e1 abierto durante 3 meses a partir de la inscripci\u00f3n.<\/p>\n<p>Las propuestas de aprendizaje permiten que cada estudiante las realice de acuerdo a sus tiempos, de manera asincr\u00f3nica. Las mismas se desarrollan a trav\u00e9s de diversos tipos de actividades, recursos y herramientas digitales tales como videos interactivos, actividades de aprendizaje y de autoevaluaci\u00f3n y material descargable de apoyo, enlaces a art\u00edculos, v\u00eddeos de dominio p\u00fablico y bibliograf\u00eda.<\/p>\n<p>Los cursos se organizan por m\u00f3dulos. Al finalizar cada uno, el alumno deber\u00e1 realizar una autoevaluaci\u00f3n que una vez aprobada, le permitir\u00e1 avanzar al m\u00f3dulo siguiente recorriendo una trayectoria de profundizaci\u00f3n del contenido y logro de las competencias espec\u00edficas. Cumplimentadas estas instancias, se finaliza el curso con una evaluaci\u00f3n integradora de los contenidos desarrollados.<\/p>\n","protected":false},"excerpt":{"rendered":"<h4>\u2022 100% ONLINE<\/h4>\n<h4>\u2022 PLATAFORMA DISPONIBLE LAS 24 HS.<\/h4>\n<h4>\u2022 CERTIFICACION UNIVERSITARIA<\/h4>\n","protected":false},"featured_media":28885,"template":"","meta":{"site-sidebar-layout":"default","site-content-layout":"default","ast-site-content-layout":"default","site-content-style":"default","site-sidebar-style":"default","ast-global-header-display":"","ast-banner-title-visibility":"","ast-main-header-display":"","ast-hfb-above-header-display":"","ast-hfb-below-header-display":"","ast-hfb-mobile-header-display":"","site-post-title":"","ast-breadcrumbs-content":"","ast-featured-img":"","footer-sml-layout":"","theme-transparent-header-meta":"default","adv-header-id-meta":"","stick-header-meta":"","header-above-stick-meta":"","header-main-stick-meta":"","header-below-stick-meta":"","astra-migrate-meta-layouts":"set","ast-page-background-enabled":"default","ast-page-background-meta":{"desktop":{"background-color":"var(--ast-global-color-4)","background-image":"","background-repeat":"repeat","background-position":"center center","background-size":"auto","background-attachment":"scroll","background-type":"","background-media":"","overlay-type":"","overlay-color":"","overlay-gradient":""},"tablet":{"background-color":"","background-image":"","background-repeat":"repeat","background-position":"center center","background-size":"auto","background-attachment":"scroll","background-type":"","background-media":"","overlay-type":"","overlay-color":"","overlay-gradient":""},"mobile":{"background-color":"","background-image":"","background-repeat":"repeat","background-position":"center center","background-size":"auto","background-attachment":"scroll","background-type":"","background-media":"","overlay-type":"","overlay-color":"","overlay-gradient":""}},"ast-content-background-meta":{"desktop":{"background-color":"var(--ast-global-color-5)","background-image":"","background-repeat":"repeat","background-position":"center center","background-size":"auto","background-attachment":"scroll","background-type":"","background-media":"","overlay-type":"","overlay-color":"","overlay-gradient":""},"tablet":{"background-color":"var(--ast-global-color-5)","background-image":"","background-repeat":"repeat","background-position":"center center","background-size":"auto","background-attachment":"scroll","background-type":"","background-media":"","overlay-type":"","overlay-color":"","overlay-gradient":""},"mobile":{"background-color":"var(--ast-global-color-5)","background-image":"","background-repeat":"repeat","background-position":"center center","background-size":"auto","background-attachment":"scroll","background-type":"","background-media":"","overlay-type":"","overlay-color":"","overlay-gradient":""}},"_joinchat":[]},"product_cat":[23,30,22],"product_tag":[],"class_list":{"0":"post-790","1":"product","2":"type-product","3":"status-publish","4":"has-post-thumbnail","6":"product_cat-comunicacion","7":"product_cat-gestion","8":"product_cat-marketing-y-ventas","9":"desktop-align-left","10":"tablet-align-left","11":"mobile-align-left","13":"first","14":"instock","15":"shipping-taxable","16":"product-type-external"},"_links":{"self":[{"href":"https:\/\/cecauf.es\/website\/wp-json\/wp\/v2\/product\/790","targetHints":{"allow":["GET"]}}],"collection":[{"href":"https:\/\/cecauf.es\/website\/wp-json\/wp\/v2\/product"}],"about":[{"href":"https:\/\/cecauf.es\/website\/wp-json\/wp\/v2\/types\/product"}],"version-history":[{"count":3,"href":"https:\/\/cecauf.es\/website\/wp-json\/wp\/v2\/product\/790\/revisions"}],"predecessor-version":[{"id":2313,"href":"https:\/\/cecauf.es\/website\/wp-json\/wp\/v2\/product\/790\/revisions\/2313"}],"wp:featuredmedia":[{"embeddable":true,"href":"https:\/\/cecauf.es\/website\/wp-json\/wp\/v2\/media\/28885"}],"wp:attachment":[{"href":"https:\/\/cecauf.es\/website\/wp-json\/wp\/v2\/media?parent=790"}],"wp:term":[{"taxonomy":"product_cat","embeddable":true,"href":"https:\/\/cecauf.es\/website\/wp-json\/wp\/v2\/product_cat?post=790"},{"taxonomy":"product_tag","embeddable":true,"href":"https:\/\/cecauf.es\/website\/wp-json\/wp\/v2\/product_tag?post=790"}],"curies":[{"name":"wp","href":"https:\/\/api.w.org\/{rel}","templated":true}]}}