{"id":759,"date":"2022-07-04T14:01:20","date_gmt":"2022-07-04T14:01:20","guid":{"rendered":"https:\/\/cecauf.es\/website\/?post_type=product&#038;p=759"},"modified":"2024-10-08T15:07:07","modified_gmt":"2024-10-08T15:07:07","slug":"curso-universitario-seo-posicionamiento-web-organico__trashed","status":"publish","type":"product","link":"https:\/\/cecauf.es\/website\/producto\/curso-universitario-seo-posicionamiento-web-organico__trashed\/","title":{"rendered":"Curso: SEO. Posicionamiento Web Org\u00e1nico"},"content":{"rendered":"<h4><strong>RESOLUCION RECTORAL N\u00b0 425\/21<\/strong><\/h4>\n<h4><span style=\"color: #ff6600;\"><strong>INICIO INMEDIATO\u00a0<\/strong><\/span><\/h4>\n<h4><strong>Descripci\u00f3n<\/strong><\/h4>\n<p>En este curso profesional el alumno aprender\u00e1 las claves para la optimizaci\u00f3n del posicionamiento org\u00e1nico de una p\u00e1gina web, abarcando el an\u00e1lisis de la intenci\u00f3n de b\u00fasqueda de los usuarios, identificando su competencia directa y sus estrategias de palabras clave, as\u00ed como detectando los factores de navegabilidad de un sitio web, para mejorar la experiencia de usuario y su nivel de satisfacci\u00f3n.<\/p>\n<p><strong>\u00a0<\/strong>El estudiante desarrollar\u00e1 las siguientes competencias:<\/p>\n<ol>\n<li>Identificar y evaluar adecuadamente los aspectos t\u00e9cnicos de un sitio web para mejorar su rendimiento y, por extensi\u00f3n, su posicionamiento org\u00e1nico.<\/li>\n<li>Estudiar y conocer la intenci\u00f3n de b\u00fasqueda de los usuarios para identificar y asociar las cadenas de texto m\u00e1s utilizadas cuando realizan una b\u00fasqueda.<\/li>\n<li>Estudiar y conocer la intenci\u00f3n de b\u00fasqueda de los usuarios para identificar y asociar las cadenas de texto m\u00e1s utilizadas cuando realizan una b\u00fasqueda.<\/li>\n<li>Evaluar la viabilidad e impacto de las posibles combinaciones de palabras clave de b\u00fasqueda para elegir aquellas que presenten mayores oportunidades de negocio.<\/li>\n<li>Identificar la competencia directa y analizar sus estrategias de palabras clave de b\u00fasqueda para detectar nichos o sectores en los que se pueda obtener ventaja competitiva.<\/li>\n<li>Jerarquizar las p\u00e1ginas de un sitio web bajo una arquitectura web \u00f3ptima para optimizar el flujo de autoridad a trav\u00e9s de los enlaces internos.<\/li>\n<li>Maquetar y estructurar el contenido, textual y gr\u00e1fico, de las p\u00e1ginas web para optimizar cada p\u00e1gina seg\u00fan los resultados del an\u00e1lisis de palabras clave.<\/li>\n<li>Etiquetar el contenido de las p\u00e1ginas web con marcado estructurado de datos (Schema) para resaltar los enlaces en los resultados de b\u00fasqueda.<\/li>\n<li>Discernir la importancia de los conceptos relacionados con la autoridad de los dominios web para conocer y evaluar su impacto en el posicionamiento org\u00e1nico del sitio web.<\/li>\n<li>Desarrollar una estrategia de Link Building para aportar m\u00e1s autoridad, valor y tr\u00e1fico de calidad al sitio web.<\/li>\n<li>Analizar los sitios web de la competencia directa y evaluar sus estructuras de enlaces externos entrantes para dise\u00f1ar una estrategia de enlaces externos de mayor calidad.<\/li>\n<li>Conocer los factores que pueden afectar la navegabilidad de un sitio web para mejorar la experiencia de usuario y su nivel de satisfacci\u00f3n.<\/li>\n<li>Monitorizar y valorar el grado de aceptaci\u00f3n de los usuarios a los elementos de la p\u00e1gina web para identificar c\u00f3mo mejorar la interacci\u00f3n de los mismos.<\/li>\n<\/ol>\n<h4><strong>Duraci\u00f3n<\/strong><\/h4>\n<p>35 horas reloj.<strong><br \/>\n<\/strong><\/p>\n<h4><strong>Certificaci\u00f3n que se expide<\/strong><\/h4>\n<p>Curso Universitario: Seo. Posicionamiento Web Org\u00e1nico<\/p>\n<h4><strong>Destinatarios<\/strong><\/h4>\n<p>Consultores de marketing digital y t\u00e9cnicos web, aunque su impacto puede afectar indirectamente a otros perfiles profesionales, con un especial \u00e9nfasis en desarrolladores web, administradores de sistema o dise\u00f1adores web que son quienes implantar\u00e1n muchas de las soluciones propuestas por el consultor.<\/p>\n<h4><strong>Requisitos<\/strong><\/h4>\n<p>No posee requisitos de ingreso.<\/p>\n<h4><strong>Metodolog\u00eda y modalidad de ense\u00f1anza<\/strong><\/h4>\n<p>El curso se desarrolla totalmente en modalidad a distancia, a trav\u00e9s de una plataforma virtual de ense\u00f1anza-aprendizaje, disponible las 24 horas de todos los d\u00edas de la semana.\u00a0 El curso permanecer\u00e1 abierto durante 3 meses a partir de la inscripci\u00f3n.<\/p>\n<p>Las propuestas de aprendizaje permiten que cada estudiante las realice de acuerdo a sus tiempos, de manera asincr\u00f3nica. Las mismas se desarrollan a trav\u00e9s de diversos tipos de actividades, recursos y herramientas digitales tales como videos interactivos, actividades de aprendizaje y de autoevaluaci\u00f3n y material descargable de apoyo, enlaces a art\u00edculos, v\u00eddeos de dominio p\u00fablico y bibliograf\u00eda.<\/p>\n<p>Los cursos se organizan por m\u00f3dulos. Al finalizar cada uno, el alumno deber\u00e1 realizar una autoevaluaci\u00f3n que una vez aprobada, le permitir\u00e1 avanzar al m\u00f3dulo siguiente recorriendo una trayectoria de profundizaci\u00f3n del contenido y logro de las competencias espec\u00edficas. Cumplimentadas estas instancias, se finaliza el curso con una evaluaci\u00f3n integradora de los contenidos desarrollados.<\/p>\n","protected":false},"excerpt":{"rendered":"<h4>\u2022 100% ONLINE<\/h4>\n<h4>\u2022 PLATAFORMA DISPONIBLE LAS 24 HS.<\/h4>\n<h4>\u2022 CERTIFICACION UNIVERSITARIA<\/h4>\n","protected":false},"featured_media":28897,"template":"","meta":{"site-sidebar-layout":"default","site-content-layout":"default","ast-site-content-layout":"default","site-content-style":"default","site-sidebar-style":"default","ast-global-header-display":"","ast-banner-title-visibility":"","ast-main-header-display":"","ast-hfb-above-header-display":"","ast-hfb-below-header-display":"","ast-hfb-mobile-header-display":"","site-post-title":"","ast-breadcrumbs-content":"","ast-featured-img":"","footer-sml-layout":"","theme-transparent-header-meta":"default","adv-header-id-meta":"","stick-header-meta":"","header-above-stick-meta":"","header-main-stick-meta":"","header-below-stick-meta":"","astra-migrate-meta-layouts":"set","ast-page-background-enabled":"default","ast-page-background-meta":{"desktop":{"background-color":"var(--ast-global-color-4)","background-image":"","background-repeat":"repeat","background-position":"center center","background-size":"auto","background-attachment":"scroll","background-type":"","background-media":"","overlay-type":"","overlay-color":"","overlay-gradient":""},"tablet":{"background-color":"","background-image":"","background-repeat":"repeat","background-position":"center center","background-size":"auto","background-attachment":"scroll","background-type":"","background-media":"","overlay-type":"","overlay-color":"","overlay-gradient":""},"mobile":{"background-color":"","background-image":"","background-repeat":"repeat","background-position":"center center","background-size":"auto","background-attachment":"scroll","background-type":"","background-media":"","overlay-type":"","overlay-color":"","overlay-gradient":""}},"ast-content-background-meta":{"desktop":{"background-color":"var(--ast-global-color-5)","background-image":"","background-repeat":"repeat","background-position":"center center","background-size":"auto","background-attachment":"scroll","background-type":"","background-media":"","overlay-type":"","overlay-color":"","overlay-gradient":""},"tablet":{"background-color":"var(--ast-global-color-5)","background-image":"","background-repeat":"repeat","background-position":"center center","background-size":"auto","background-attachment":"scroll","background-type":"","background-media":"","overlay-type":"","overlay-color":"","overlay-gradient":""},"mobile":{"background-color":"var(--ast-global-color-5)","background-image":"","background-repeat":"repeat","background-position":"center center","background-size":"auto","background-attachment":"scroll","background-type":"","background-media":"","overlay-type":"","overlay-color":"","overlay-gradient":""}},"_joinchat":[]},"product_cat":[23,22],"product_tag":[],"class_list":{"0":"post-759","1":"product","2":"type-product","3":"status-publish","4":"has-post-thumbnail","6":"product_cat-comunicacion","7":"product_cat-marketing-y-ventas","8":"desktop-align-left","9":"tablet-align-left","10":"mobile-align-left","12":"first","13":"instock","14":"shipping-taxable","15":"product-type-external"},"_links":{"self":[{"href":"https:\/\/cecauf.es\/website\/wp-json\/wp\/v2\/product\/759","targetHints":{"allow":["GET"]}}],"collection":[{"href":"https:\/\/cecauf.es\/website\/wp-json\/wp\/v2\/product"}],"about":[{"href":"https:\/\/cecauf.es\/website\/wp-json\/wp\/v2\/types\/product"}],"version-history":[{"count":3,"href":"https:\/\/cecauf.es\/website\/wp-json\/wp\/v2\/product\/759\/revisions"}],"predecessor-version":[{"id":2302,"href":"https:\/\/cecauf.es\/website\/wp-json\/wp\/v2\/product\/759\/revisions\/2302"}],"wp:featuredmedia":[{"embeddable":true,"href":"https:\/\/cecauf.es\/website\/wp-json\/wp\/v2\/media\/28897"}],"wp:attachment":[{"href":"https:\/\/cecauf.es\/website\/wp-json\/wp\/v2\/media?parent=759"}],"wp:term":[{"taxonomy":"product_cat","embeddable":true,"href":"https:\/\/cecauf.es\/website\/wp-json\/wp\/v2\/product_cat?post=759"},{"taxonomy":"product_tag","embeddable":true,"href":"https:\/\/cecauf.es\/website\/wp-json\/wp\/v2\/product_tag?post=759"}],"curies":[{"name":"wp","href":"https:\/\/api.w.org\/{rel}","templated":true}]}}