{"id":754,"date":"2022-07-04T14:01:19","date_gmt":"2022-07-04T14:01:19","guid":{"rendered":"https:\/\/cecauf.es\/website\/?post_type=product&#038;p=754"},"modified":"2024-10-08T15:18:05","modified_gmt":"2024-10-08T15:18:05","slug":"curso-universitario-planificacion-digital-de-medios-y-performace-marketing__trashed","status":"publish","type":"product","link":"https:\/\/cecauf.es\/website\/producto\/curso-universitario-planificacion-digital-de-medios-y-performace-marketing__trashed\/","title":{"rendered":"Curso: Planificaci\u00f3n Digital de Medios y Performace Marketing"},"content":{"rendered":"<h4><strong>RESOLUCION RECTORAL N\u00b0 425\/21<\/strong><\/h4>\n<h4><span style=\"color: #ff6600;\"><strong>INICIO INMEDIATO\u00a0<\/strong><\/span><\/h4>\n<h4><strong>Descripci\u00f3n<\/strong><\/h4>\n<p>En este curso profesional el alumno aprender\u00e1 a planificar una estrategia de marketing online, abarcando aspectos como la publicidad digital y sus formatos, la creaci\u00f3n de campa\u00f1as de Display, la gesti\u00f3n de Influencers, la creaci\u00f3n de c\u00e1psulas de contenido digital, la configuraci\u00f3n deestrategias de marketing, la diferencia entre compra program\u00e1tica y RTB, as\u00ed como creando campa\u00f1asde afiliaci\u00f3n y dise\u00f1ando t\u00e1cticas de publicidad contextual.<\/p>\n<p><strong>\u00a0<\/strong>El estudiante desarrollar\u00e1 las siguientes competencias:<\/p>\n<ol>\n<li>Saber establecer objetivos para orientar a resultados de campa\u00f1as digitales de marketing.<\/li>\n<li>Fijar m\u00e9tricas clave para orientar a resultados campa\u00f1as de marketing online.<\/li>\n<li>Crear un panel de control para evitar desviaciones en las estimaciones y resultados de las campa\u00f1as.<\/li>\n<li>Entender las caracter\u00edsticas de la publicidad digital as\u00ed como los tipos de formatos que la componen.<\/li>\n<li>Comprender la contribuci\u00f3n del Display a las campa\u00f1as, as\u00ed como su idoneidad y ubicaci\u00f3n en el funnel de conversi\u00f3n.<\/li>\n<li>Analizar los fundamentos de las campa\u00f1as de Display a trav\u00e9s de Facebook y su contribuci\u00f3n a la estrategia de marketing.<\/li>\n<li>Crear campa\u00f1as de Display en Instagram para alcanzar los objetivos fijados en la estrategia de marketing.<\/li>\n<li>Crear una red de Influencers para que se conviertan en prescriptores de marca.<\/li>\n<li>Realizar c\u00e1psulas de contenido audiovisual para enriquecer la planificaci\u00f3n de marketing desde la perspectiva own, paid y earned media.<\/li>\n<li>Dise\u00f1ar acciones de branded content a trav\u00e9s de canales propios o de terceros para estimular tr\u00e1fico o extender la notoriedad de marca.<\/li>\n<li>Configurar estrategias de email marketing para optimizar ratios de apertura y rendimiento.<\/li>\n<li>Conocer la tecnolog\u00eda de retargeting para identificar su idoneidad dentro de la estrategia de Display.<\/li>\n<li>Dise\u00f1ar campa\u00f1as de compra program\u00e1tica y sistema de pujas de espacios publicitarios en tiempo real (RTB) para impactar a audiencias segmentadas.<\/li>\n<li>Saber realizar una campa\u00f1a de afiliaci\u00f3n a trav\u00e9s de medios digitales para garantizar conversiones.<\/li>\n<li>Dise\u00f1ar t\u00e1cticas de publicidad contextual con segmentaci\u00f3n tem\u00e1tica para adecuar el contenido publicitario a la l\u00ednea editorial del Publisher.<\/li>\n<\/ol>\n<h4><strong>Duraci\u00f3n<\/strong><\/h4>\n<p>35 horas reloj.<strong><br \/>\n<\/strong><\/p>\n<h4><strong>Certificaci\u00f3n que se expide<\/strong><\/h4>\n<p>Curso Universitario: Planificaci\u00f3n Digital de Medios y Performace Marketing<\/p>\n<h4><strong>Destinatarios<\/strong><\/h4>\n<p>Profesionales de cualquier sector que quieran aprender o profundizar en el conocimiento de la planificaci\u00f3n digital, poniendo especial \u00e9nfasis en t\u00e9cnicos de marketing, media planner y marketing\u00a0manager.<\/p>\n<h4><strong>Requisitos<\/strong><\/h4>\n<p>No posee requisitos de ingreso.<\/p>\n<h4><strong>Metodolog\u00eda y modalidad de ense\u00f1anza<\/strong><\/h4>\n<p>El curso se desarrolla totalmente en modalidad a distancia, a trav\u00e9s de una plataforma virtual de ense\u00f1anza-aprendizaje, disponible las 24 horas de todos los d\u00edas de la semana.\u00a0 El curso permanecer\u00e1 abierto durante 3 meses a partir de la inscripci\u00f3n.<\/p>\n<p>Las propuestas de aprendizaje permiten que cada estudiante las realice de acuerdo a sus tiempos, de manera asincr\u00f3nica. Las mismas se desarrollan a trav\u00e9s de diversos tipos de actividades, recursos y herramientas digitales tales como videos interactivos, actividades de aprendizaje y de autoevaluaci\u00f3n y material descargable de apoyo, enlaces a art\u00edculos, v\u00eddeos de dominio p\u00fablico y bibliograf\u00eda.<\/p>\n<p>Los cursos se organizan por m\u00f3dulos. Al finalizar cada uno, el alumno deber\u00e1 realizar una autoevaluaci\u00f3n que una vez aprobada, le permitir\u00e1 avanzar al m\u00f3dulo siguiente recorriendo una trayectoria de profundizaci\u00f3n del contenido y logro de las competencias espec\u00edficas. Cumplimentadas estas instancias, se finaliza el curso con una evaluaci\u00f3n integradora de los contenidos desarrollados.<\/p>\n","protected":false},"excerpt":{"rendered":"<h4>\u2022 100% ONLINE<\/h4>\n<h4>\u2022 PLATAFORMA DISPONIBLE LAS 24 HS.<\/h4>\n<h4>\u2022 CERTIFICACION UNIVERSITARIA<\/h4>\n","protected":false},"featured_media":28905,"template":"","meta":{"site-sidebar-layout":"default","site-content-layout":"default","ast-site-content-layout":"default","site-content-style":"default","site-sidebar-style":"default","ast-global-header-display":"","ast-banner-title-visibility":"","ast-main-header-display":"","ast-hfb-above-header-display":"","ast-hfb-below-header-display":"","ast-hfb-mobile-header-display":"","site-post-title":"","ast-breadcrumbs-content":"","ast-featured-img":"","footer-sml-layout":"","theme-transparent-header-meta":"default","adv-header-id-meta":"","stick-header-meta":"","header-above-stick-meta":"","header-main-stick-meta":"","header-below-stick-meta":"","astra-migrate-meta-layouts":"set","ast-page-background-enabled":"default","ast-page-background-meta":{"desktop":{"background-color":"var(--ast-global-color-4)","background-image":"","background-repeat":"repeat","background-position":"center center","background-size":"auto","background-attachment":"scroll","background-type":"","background-media":"","overlay-type":"","overlay-color":"","overlay-gradient":""},"tablet":{"background-color":"","background-image":"","background-repeat":"repeat","background-position":"center center","background-size":"auto","background-attachment":"scroll","background-type":"","background-media":"","overlay-type":"","overlay-color":"","overlay-gradient":""},"mobile":{"background-color":"","background-image":"","background-repeat":"repeat","background-position":"center center","background-size":"auto","background-attachment":"scroll","background-type":"","background-media":"","overlay-type":"","overlay-color":"","overlay-gradient":""}},"ast-content-background-meta":{"desktop":{"background-color":"var(--ast-global-color-5)","background-image":"","background-repeat":"repeat","background-position":"center center","background-size":"auto","background-attachment":"scroll","background-type":"","background-media":"","overlay-type":"","overlay-color":"","overlay-gradient":""},"tablet":{"background-color":"var(--ast-global-color-5)","background-image":"","background-repeat":"repeat","background-position":"center center","background-size":"auto","background-attachment":"scroll","background-type":"","background-media":"","overlay-type":"","overlay-color":"","overlay-gradient":""},"mobile":{"background-color":"var(--ast-global-color-5)","background-image":"","background-repeat":"repeat","background-position":"center center","background-size":"auto","background-attachment":"scroll","background-type":"","background-media":"","overlay-type":"","overlay-color":"","overlay-gradient":""}},"_joinchat":[]},"product_cat":[23,22],"product_tag":[],"class_list":{"0":"post-754","1":"product","2":"type-product","3":"status-publish","4":"has-post-thumbnail","6":"product_cat-comunicacion","7":"product_cat-marketing-y-ventas","8":"desktop-align-left","9":"tablet-align-left","10":"mobile-align-left","12":"first","13":"instock","14":"shipping-taxable","15":"product-type-external"},"_links":{"self":[{"href":"https:\/\/cecauf.es\/website\/wp-json\/wp\/v2\/product\/754","targetHints":{"allow":["GET"]}}],"collection":[{"href":"https:\/\/cecauf.es\/website\/wp-json\/wp\/v2\/product"}],"about":[{"href":"https:\/\/cecauf.es\/website\/wp-json\/wp\/v2\/types\/product"}],"version-history":[{"count":3,"href":"https:\/\/cecauf.es\/website\/wp-json\/wp\/v2\/product\/754\/revisions"}],"predecessor-version":[{"id":28900,"href":"https:\/\/cecauf.es\/website\/wp-json\/wp\/v2\/product\/754\/revisions\/28900"}],"wp:featuredmedia":[{"embeddable":true,"href":"https:\/\/cecauf.es\/website\/wp-json\/wp\/v2\/media\/28905"}],"wp:attachment":[{"href":"https:\/\/cecauf.es\/website\/wp-json\/wp\/v2\/media?parent=754"}],"wp:term":[{"taxonomy":"product_cat","embeddable":true,"href":"https:\/\/cecauf.es\/website\/wp-json\/wp\/v2\/product_cat?post=754"},{"taxonomy":"product_tag","embeddable":true,"href":"https:\/\/cecauf.es\/website\/wp-json\/wp\/v2\/product_tag?post=754"}],"curies":[{"name":"wp","href":"https:\/\/api.w.org\/{rel}","templated":true}]}}