{"id":747,"date":"2022-07-04T14:01:19","date_gmt":"2022-07-04T14:01:19","guid":{"rendered":"https:\/\/cecauf.es\/website\/?post_type=product&#038;p=747"},"modified":"2024-10-08T15:33:58","modified_gmt":"2024-10-08T15:33:58","slug":"curso-universitario-community-manager__trashed","status":"publish","type":"product","link":"https:\/\/cecauf.es\/website\/producto\/curso-universitario-community-manager__trashed\/","title":{"rendered":"Curso: Community Manager"},"content":{"rendered":"<h4><strong>RESOLUCION RECTORAL N\u00b0 425\/21<\/strong><\/h4>\n<h4><span style=\"color: #ff6600;\"><strong>INICIO INMEDIATO\u00a0<\/strong><\/span><\/h4>\n<h4><strong>Descripci\u00f3n<\/strong><\/h4>\n<p>En este curso profesional el alumno aprender\u00e1 todo el \u00e1mbito de actuaci\u00f3n para ejercer la labor de Community Manager de una manera satisfactoria, abarcando el estudio de la planificaci\u00f3n estrat\u00e9gica integral, analizando cada una de las redes sociales de mayor relevancia en la actualidad, as\u00ed como la gesti\u00f3n de Blogs, las m\u00e9tricas y anal\u00edticas necesarias.<\/p>\n<p><strong>\u00a0<\/strong>El estudiante desarrollar\u00e1 las siguientes competencias:<\/p>\n<ol>\n<li>Conceptualizar el CRM como una estrategia gerencial y diferenciarla del CRM como software para poder orientar los objetivos de un proyecto CRM en una empresa.<\/li>\n<li>Planificar estrategias efectivas para mejorar el impacto de las acciones como community manager, de cara a aumentar el impacto y buscar la viralidad.<\/li>\n<li>Entender la importancia de medir y analizar las acciones y publicaciones realizadas para mejorar la comunicaci\u00f3n corporativa.<\/li>\n<li>Comprender la importancia de la reputaci\u00f3n online para salvaguardar la imagen corporativa.<\/li>\n<li>Entender el funcionamiento, la tipolog\u00eda y la importancia del blog corporativo para determinar el m\u00e1s adecuado para cada empresa.<\/li>\n<li>Entender c\u00f3mo realizar contenido \u00fanico y diferencial para un blog corporativo en Blogger.<\/li>\n<li>Conocer las principales redes sociales existentes para definir la estrategia corporativa en Social Media.<\/li>\n<li>Conocer Facebook como red social y sus aplicaciones para uso corporativo.<\/li>\n<li>Conocer Twitter como red social y sus aplicaciones para uso corporativo.<\/li>\n<li>Conocer Instagram como red social y sus aplicaciones empresariales para uso corporativo.<\/li>\n<li>Conocer LinkedIn como red social y sus aplicaciones empresariales para uso corporativo.<\/li>\n<li>Conocer Youtube como red social y sus aplicaciones empresariales para uso corporativo.<\/li>\n<li>Obtener la capacidad para crear un plan de social media adecuado para nuestra estrategia de comunicaci\u00f3n para completar el plan de marketing empresarial.<\/li>\n<li>Conocer las principales herramientas a utilizar para realizar las labores de community manager para desarrollar la labor de community manager.<\/li>\n<\/ol>\n<h4><strong>Duraci\u00f3n<\/strong><\/h4>\n<p>60 horas reloj.<strong><br \/>\n<\/strong><\/p>\n<h4><strong>Certificaci\u00f3n que se expide<\/strong><\/h4>\n<p>Curso Universitario: Community Manager<\/p>\n<h4><strong>Destinatarios<\/strong><\/h4>\n<p>Profesionales de la comunicaci\u00f3n y el marketing o aquellos que quieran mejorar su estrategia de comunicaci\u00f3n corporativa, con un especial \u00e9nfasis a su presencia en redes sociales y el posicionamiento digital de la empresa.<\/p>\n<h4><strong>Requisitos<\/strong><\/h4>\n<p>No posee requisitos de ingreso.<\/p>\n<h4><strong>Metodolog\u00eda y modalidad de ense\u00f1anza<\/strong><\/h4>\n<p>El curso se desarrolla totalmente en modalidad a distancia, a trav\u00e9s de una plataforma virtual de ense\u00f1anza-aprendizaje, disponible las 24 horas de todos los d\u00edas de la semana.\u00a0 El curso permanecer\u00e1 abierto durante 3 meses a partir de la inscripci\u00f3n.<\/p>\n<p>Las propuestas de aprendizaje permiten que cada estudiante las realice de acuerdo a sus tiempos, de manera asincr\u00f3nica. Las mismas se desarrollan a trav\u00e9s de diversos tipos de actividades, recursos y herramientas digitales tales como videos interactivos, actividades de aprendizaje y de autoevaluaci\u00f3n y material descargable de apoyo, enlaces a art\u00edculos, v\u00eddeos de dominio p\u00fablico y bibliograf\u00eda.<\/p>\n<p>Los cursos se organizan por m\u00f3dulos. Al finalizar cada uno, el alumno deber\u00e1 realizar una autoevaluaci\u00f3n que una vez aprobada, le permitir\u00e1 avanzar al m\u00f3dulo siguiente recorriendo una trayectoria de profundizaci\u00f3n del contenido y logro de las competencias espec\u00edficas. Cumplimentadas estas instancias, se finaliza el curso con una evaluaci\u00f3n integradora de los contenidos desarrollados.<\/p>\n","protected":false},"excerpt":{"rendered":"<h4>\u2022 100% ONLINE<\/h4>\n<h4>\u2022 PLATAFORMA DISPONIBLE LAS 24 HS.<\/h4>\n<h4>\u2022 CERTIFICACION UNIVERSITARIA<\/h4>\n","protected":false},"featured_media":28909,"template":"","meta":{"site-sidebar-layout":"default","site-content-layout":"default","ast-site-content-layout":"default","site-content-style":"default","site-sidebar-style":"default","ast-global-header-display":"","ast-banner-title-visibility":"","ast-main-header-display":"","ast-hfb-above-header-display":"","ast-hfb-below-header-display":"","ast-hfb-mobile-header-display":"","site-post-title":"","ast-breadcrumbs-content":"","ast-featured-img":"","footer-sml-layout":"","theme-transparent-header-meta":"default","adv-header-id-meta":"","stick-header-meta":"","header-above-stick-meta":"","header-main-stick-meta":"","header-below-stick-meta":"","astra-migrate-meta-layouts":"set","ast-page-background-enabled":"default","ast-page-background-meta":{"desktop":{"background-color":"var(--ast-global-color-4)","background-image":"","background-repeat":"repeat","background-position":"center center","background-size":"auto","background-attachment":"scroll","background-type":"","background-media":"","overlay-type":"","overlay-color":"","overlay-gradient":""},"tablet":{"background-color":"","background-image":"","background-repeat":"repeat","background-position":"center center","background-size":"auto","background-attachment":"scroll","background-type":"","background-media":"","overlay-type":"","overlay-color":"","overlay-gradient":""},"mobile":{"background-color":"","background-image":"","background-repeat":"repeat","background-position":"center center","background-size":"auto","background-attachment":"scroll","background-type":"","background-media":"","overlay-type":"","overlay-color":"","overlay-gradient":""}},"ast-content-background-meta":{"desktop":{"background-color":"var(--ast-global-color-5)","background-image":"","background-repeat":"repeat","background-position":"center center","background-size":"auto","background-attachment":"scroll","background-type":"","background-media":"","overlay-type":"","overlay-color":"","overlay-gradient":""},"tablet":{"background-color":"var(--ast-global-color-5)","background-image":"","background-repeat":"repeat","background-position":"center center","background-size":"auto","background-attachment":"scroll","background-type":"","background-media":"","overlay-type":"","overlay-color":"","overlay-gradient":""},"mobile":{"background-color":"var(--ast-global-color-5)","background-image":"","background-repeat":"repeat","background-position":"center center","background-size":"auto","background-attachment":"scroll","background-type":"","background-media":"","overlay-type":"","overlay-color":"","overlay-gradient":""}},"_joinchat":[]},"product_cat":[23,22],"product_tag":[],"class_list":{"0":"post-747","1":"product","2":"type-product","3":"status-publish","4":"has-post-thumbnail","6":"product_cat-comunicacion","7":"product_cat-marketing-y-ventas","8":"desktop-align-left","9":"tablet-align-left","10":"mobile-align-left","12":"first","13":"instock","14":"shipping-taxable","15":"product-type-external"},"_links":{"self":[{"href":"https:\/\/cecauf.es\/website\/wp-json\/wp\/v2\/product\/747","targetHints":{"allow":["GET"]}}],"collection":[{"href":"https:\/\/cecauf.es\/website\/wp-json\/wp\/v2\/product"}],"about":[{"href":"https:\/\/cecauf.es\/website\/wp-json\/wp\/v2\/types\/product"}],"version-history":[{"count":2,"href":"https:\/\/cecauf.es\/website\/wp-json\/wp\/v2\/product\/747\/revisions"}],"predecessor-version":[{"id":2266,"href":"https:\/\/cecauf.es\/website\/wp-json\/wp\/v2\/product\/747\/revisions\/2266"}],"wp:featuredmedia":[{"embeddable":true,"href":"https:\/\/cecauf.es\/website\/wp-json\/wp\/v2\/media\/28909"}],"wp:attachment":[{"href":"https:\/\/cecauf.es\/website\/wp-json\/wp\/v2\/media?parent=747"}],"wp:term":[{"taxonomy":"product_cat","embeddable":true,"href":"https:\/\/cecauf.es\/website\/wp-json\/wp\/v2\/product_cat?post=747"},{"taxonomy":"product_tag","embeddable":true,"href":"https:\/\/cecauf.es\/website\/wp-json\/wp\/v2\/product_tag?post=747"}],"curies":[{"name":"wp","href":"https:\/\/api.w.org\/{rel}","templated":true}]}}