{"id":736,"date":"2022-07-04T14:01:18","date_gmt":"2022-07-04T14:01:18","guid":{"rendered":"https:\/\/cecauf.es\/website\/?post_type=product&#038;p=736"},"modified":"2024-10-08T17:14:05","modified_gmt":"2024-10-08T17:14:05","slug":"curso-universitario-estrategias-sem-y-ppc-con-google-ads__trashed","status":"publish","type":"product","link":"https:\/\/cecauf.es\/website\/producto\/curso-universitario-estrategias-sem-y-ppc-con-google-ads__trashed\/","title":{"rendered":"Curso: Estrategias SEM y PPC con Google Ads"},"content":{"rendered":"<h4><strong>RESOLUCION RECTORAL N\u00b0 425\/21<\/strong><\/h4>\n<h4><span style=\"color: #ff6600;\"><strong>INICIO INMEDIATO\u00a0<\/strong><\/span><\/h4>\n<h4><strong>Descripci\u00f3n<\/strong><\/h4>\n<p>En este curso profesional el alumno aprender\u00e1 el SEM y el posicionamiento de pago con Google Adwords. Tambi\u00e9n, crear\u00e1 campa\u00f1as de b\u00fasqueda y Display para tener mejor CTR y ROI, as\u00ed como aprender\u00e1 a analizar e interpretar los resultados en Google Adwords.<\/p>\n<p><strong>\u00a0<\/strong>El estudiante desarrollar\u00e1 las siguientes competencias:<\/p>\n<ol>\n<li>Analizar los fundamentos b\u00e1sicos de la publicidad en buscadores, as\u00ed como el contexto actual del SEO y el SEM para saber elegir la mejor estrategia seg\u00fan los objetivos y el presupuesto.<\/li>\n<li>Configuraci\u00f3n de una cuenta publicitaria y funciones m\u00e1s importantes para saber manejarse por el panel de cara la creaci\u00f3n de campa\u00f1as.<\/li>\n<li>Saber crear e instalar diferentes tipos de conversiones para medir el n\u00famero de objetivos cumplidos con las campa\u00f1as.<\/li>\n<li>Vincular Google Analytics y Google Ads. Esto permitir\u00e1 a los anunciantes mejorar sus campa\u00f1as y a tener informes m\u00e1s completos y avanzados.<\/li>\n<li>Planificar y estructurar campa\u00f1as de b\u00fasqueda en Google Ads usando el planificador de palabras clave.<\/li>\n<li>Configurar una campa\u00f1a de b\u00fasqueda desde cero para aparecer en las primeras posiciones de Google.<\/li>\n<li>Optimizar de campa\u00f1as de b\u00fasqueda y las pujas Smart Bidding para mejorar la tasa de conversi\u00f3n de las campa\u00f1as.<\/li>\n<li>Crear audiencias para incrementar la notoriedad de marca y dirigir los anuncios a potenciales clientes.<\/li>\n<li>Crear campa\u00f1as de Display y Youtube para atraer tr\u00e1fico web y aumentar la notoriedad de marca.<\/li>\n<li>Conocer las ventajas de herramientas SEM para reducir el tiempo de optimizaci\u00f3n de las campa\u00f1as.<\/li>\n<\/ol>\n<h4><strong>Duraci\u00f3n<\/strong><\/h4>\n<p>25 horas reloj.<strong><br \/>\n<\/strong><\/p>\n<h4><strong>Certificaci\u00f3n que se expide<\/strong><\/h4>\n<p>Curso Universitario: Estrategias SEM y PPC con Google Ads<\/p>\n<h4><strong>Destinatarios<\/strong><\/h4>\n<p>Profesionales del sector de la comunicaci\u00f3n,\u00a0 del\u00a0 marketing,\u00a0 empresarios\u00a0 individuales que quieran conocer o mejorar sus estrategias de posicionamiento web mediante herramientas de pago, con un especial \u00e9nfasis en desarrolladores y creadores de contenido web.<\/p>\n<h4><strong>Requisitos<\/strong><\/h4>\n<p>No posee requisitos de ingreso.<\/p>\n<h4><strong>Metodolog\u00eda y modalidad de ense\u00f1anza<\/strong><\/h4>\n<p>El curso se desarrolla totalmente en modalidad a distancia, a trav\u00e9s de una plataforma virtual de ense\u00f1anza-aprendizaje, disponible las 24 horas de todos los d\u00edas de la semana.\u00a0 El curso permanecer\u00e1 abierto durante 3 meses a partir de la inscripci\u00f3n.<\/p>\n<p>Las propuestas de aprendizaje permiten que cada estudiante las realice de acuerdo a sus tiempos, de manera asincr\u00f3nica. Las mismas se desarrollan a trav\u00e9s de diversos tipos de actividades, recursos y herramientas digitales tales como videos interactivos, actividades de aprendizaje y de autoevaluaci\u00f3n y material descargable de apoyo, enlaces a art\u00edculos, v\u00eddeos de dominio p\u00fablico y bibliograf\u00eda.<\/p>\n<p>Los cursos se organizan por m\u00f3dulos. Al finalizar cada uno, el alumno deber\u00e1 realizar una autoevaluaci\u00f3n que una vez aprobada, le permitir\u00e1 avanzar al m\u00f3dulo siguiente recorriendo una trayectoria de profundizaci\u00f3n del contenido y logro de las competencias espec\u00edficas. Cumplimentadas estas instancias, se finaliza el curso con una evaluaci\u00f3n integradora de los contenidos desarrollados.<\/p>\n","protected":false},"excerpt":{"rendered":"<h4>\u2022 100% ONLINE<\/h4>\n<h4>\u2022 PLATAFORMA DISPONIBLE LAS 24 HS.<\/h4>\n<h4>\u2022 CERTIFICACION UNIVERSITARIA<\/h4>\n","protected":false},"featured_media":28920,"template":"","meta":{"site-sidebar-layout":"default","site-content-layout":"default","ast-site-content-layout":"default","site-content-style":"default","site-sidebar-style":"default","ast-global-header-display":"","ast-banner-title-visibility":"","ast-main-header-display":"","ast-hfb-above-header-display":"","ast-hfb-below-header-display":"","ast-hfb-mobile-header-display":"","site-post-title":"","ast-breadcrumbs-content":"","ast-featured-img":"","footer-sml-layout":"","theme-transparent-header-meta":"default","adv-header-id-meta":"","stick-header-meta":"","header-above-stick-meta":"","header-main-stick-meta":"","header-below-stick-meta":"","astra-migrate-meta-layouts":"set","ast-page-background-enabled":"default","ast-page-background-meta":{"desktop":{"background-color":"var(--ast-global-color-4)","background-image":"","background-repeat":"repeat","background-position":"center center","background-size":"auto","background-attachment":"scroll","background-type":"","background-media":"","overlay-type":"","overlay-color":"","overlay-gradient":""},"tablet":{"background-color":"","background-image":"","background-repeat":"repeat","background-position":"center center","background-size":"auto","background-attachment":"scroll","background-type":"","background-media":"","overlay-type":"","overlay-color":"","overlay-gradient":""},"mobile":{"background-color":"","background-image":"","background-repeat":"repeat","background-position":"center center","background-size":"auto","background-attachment":"scroll","background-type":"","background-media":"","overlay-type":"","overlay-color":"","overlay-gradient":""}},"ast-content-background-meta":{"desktop":{"background-color":"var(--ast-global-color-5)","background-image":"","background-repeat":"repeat","background-position":"center center","background-size":"auto","background-attachment":"scroll","background-type":"","background-media":"","overlay-type":"","overlay-color":"","overlay-gradient":""},"tablet":{"background-color":"var(--ast-global-color-5)","background-image":"","background-repeat":"repeat","background-position":"center center","background-size":"auto","background-attachment":"scroll","background-type":"","background-media":"","overlay-type":"","overlay-color":"","overlay-gradient":""},"mobile":{"background-color":"var(--ast-global-color-5)","background-image":"","background-repeat":"repeat","background-position":"center center","background-size":"auto","background-attachment":"scroll","background-type":"","background-media":"","overlay-type":"","overlay-color":"","overlay-gradient":""}},"_joinchat":[]},"product_cat":[23,22],"product_tag":[],"class_list":{"0":"post-736","1":"product","2":"type-product","3":"status-publish","4":"has-post-thumbnail","6":"product_cat-comunicacion","7":"product_cat-marketing-y-ventas","8":"desktop-align-left","9":"tablet-align-left","10":"mobile-align-left","12":"first","13":"instock","14":"shipping-taxable","15":"product-type-external"},"_links":{"self":[{"href":"https:\/\/cecauf.es\/website\/wp-json\/wp\/v2\/product\/736","targetHints":{"allow":["GET"]}}],"collection":[{"href":"https:\/\/cecauf.es\/website\/wp-json\/wp\/v2\/product"}],"about":[{"href":"https:\/\/cecauf.es\/website\/wp-json\/wp\/v2\/types\/product"}],"version-history":[{"count":3,"href":"https:\/\/cecauf.es\/website\/wp-json\/wp\/v2\/product\/736\/revisions"}],"predecessor-version":[{"id":2273,"href":"https:\/\/cecauf.es\/website\/wp-json\/wp\/v2\/product\/736\/revisions\/2273"}],"wp:featuredmedia":[{"embeddable":true,"href":"https:\/\/cecauf.es\/website\/wp-json\/wp\/v2\/media\/28920"}],"wp:attachment":[{"href":"https:\/\/cecauf.es\/website\/wp-json\/wp\/v2\/media?parent=736"}],"wp:term":[{"taxonomy":"product_cat","embeddable":true,"href":"https:\/\/cecauf.es\/website\/wp-json\/wp\/v2\/product_cat?post=736"},{"taxonomy":"product_tag","embeddable":true,"href":"https:\/\/cecauf.es\/website\/wp-json\/wp\/v2\/product_tag?post=736"}],"curies":[{"name":"wp","href":"https:\/\/api.w.org\/{rel}","templated":true}]}}