{"id":692,"date":"2022-07-04T14:00:55","date_gmt":"2022-07-04T14:00:55","guid":{"rendered":"https:\/\/cecauf.es\/website\/?post_type=product&#038;p=692"},"modified":"2024-10-08T17:40:47","modified_gmt":"2024-10-08T17:40:47","slug":"curso-universitario-transporte-internacional__trashed","status":"publish","type":"product","link":"https:\/\/cecauf.es\/website\/producto\/curso-universitario-transporte-internacional__trashed\/","title":{"rendered":"Curso: Transporte Internacional"},"content":{"rendered":"<h4><strong>RESOLUCION RECTORAL N\u00b0 425\/21<\/strong><\/h4>\n<h4><span style=\"color: #ff6600;\"><strong>INICIO INMEDIATO\u00a0<\/strong><\/span><\/h4>\n<h4><strong>Descripci\u00f3n<\/strong><\/h4>\n<p>En este curso profesional el alumno aprender\u00e1 la importancia del transporte en la econom\u00eda global, abarcando aspectos como las ventajas e inconvenientes del transporte, las redes de infraestructura, los costes y proceso documental en las operaciones de tr<\/p>\n<p><strong>\u00a0<\/strong>El estudiante desarrollar\u00e1 las siguientes competencias:<\/p>\n<ol>\n<li>Entender la importancia del transporte en una econom\u00eda global, para adquirir una visi\u00f3n global de la dimensi\u00f3n e importancia del transporte en el \u00e1mbito empresarial.<\/li>\n<li>Diferenciar los medios de transporte y la tipolog\u00eda de veh\u00edculos para aprender a valorar las ventajas y desventajas que ofrecen cada uno de los medios de transporte y en qu\u00e9 casos utilizar uno u otro.<\/li>\n<li>Conocer los incoterms 2010 y las modificaciones incoterms 2020 para aprender a elegir el incoterms m\u00e1s adecuado en funci\u00f3n de la estrategia comercial de la empresa.<\/li>\n<li>Reconocer los diferentes tipos de contrataci\u00f3n y reg\u00edmenes para los diferentes medios de transportes dentro del marco aduanero comunitario para saber aquellos aspectos necesarios para contratar diferentes medios de transporte.<\/li>\n<li>Entender la importancia de la planificaci\u00f3n de rutas en el transporte de larga distancia por carretera (operaciones intracomunitarias) y su metodolog\u00eda para aprender los m\u00e9todos de planificaci\u00f3n m\u00e1s utilizados.<\/li>\n<li>Valorar la importancia de las infraestructuras en la actividad log\u00edstica de distribuci\u00f3n, para tener nociones sobre las infraestructuras y redes que conforman la red log\u00edstica.<\/li>\n<li>Analizar c\u00f3mo cotizan los diferentes medios de transporte y qu\u00e9 costes incluyen para entender los diferentes costes que conlleva uno u otro medio de transporte.<\/li>\n<li>Identificar la documentaci\u00f3n b\u00e1sica en la operativa internacional para manejar con facilidad los documentos de una operativa internacional, tales como contratos de transporte, documentaci\u00f3n comercial y certificados.<\/li>\n<li>Reconocer los diferentes tipos de p\u00f3lizas m\u00e1s utilizadas en la operativa internacional para saber cu\u00e1ndo utilizar una u otra p\u00f3liza en funci\u00f3n del riesgo, frecuencia de env\u00edo, riesgos pol\u00edticos, etc.<\/li>\n<li>Conocer los documentos necesarios cuando la mercanc\u00eda viaja en r\u00e9gimen de tr\u00e1nsito.<\/li>\n<\/ol>\n<h4><strong>Duraci\u00f3n<\/strong><\/h4>\n<p>25 horas reloj.<strong><br \/>\n<\/strong><\/p>\n<h4><strong>Certificaci\u00f3n que se expide<\/strong><\/h4>\n<p>Curso Universitario: Transporte Internacional<\/p>\n<h4><strong>Destinatarios<\/strong><\/h4>\n<p>Profesionales de empresas de actividad log\u00edstica y transporte que quieran ampliar sus conocimientos en el concepto de transporte internacional, poniendo especial \u00e9nfasis en directivos, mandos intermedios y trabajadores del departamento de log\u00edstica y\/o transporte.<\/p>\n<h4><strong>Requisitos<\/strong><\/h4>\n<p>No posee requisitos de ingreso.<\/p>\n<h4><strong>Metodolog\u00eda y modalidad de ense\u00f1anza<\/strong><\/h4>\n<p>El curso se desarrolla totalmente en modalidad a distancia, a trav\u00e9s de una plataforma virtual de ense\u00f1anza-aprendizaje, disponible las 24 horas de todos los d\u00edas de la semana.\u00a0 El curso permanecer\u00e1 abierto durante 3 meses a partir de la inscripci\u00f3n.<\/p>\n<p>Las propuestas de aprendizaje permiten que cada estudiante las realice de acuerdo a sus tiempos, de manera asincr\u00f3nica. Las mismas se desarrollan a trav\u00e9s de diversos tipos de actividades, recursos y herramientas digitales tales como videos interactivos, actividades de aprendizaje y de autoevaluaci\u00f3n y material descargable de apoyo, enlaces a art\u00edculos, v\u00eddeos de dominio p\u00fablico y bibliograf\u00eda.<\/p>\n<p>Los cursos se organizan por m\u00f3dulos. Al finalizar cada uno, el alumno deber\u00e1 realizar una autoevaluaci\u00f3n que una vez aprobada, le permitir\u00e1 avanzar al m\u00f3dulo siguiente recorriendo una trayectoria de profundizaci\u00f3n del contenido y logro de las competencias espec\u00edficas. Cumplimentadas estas instancias, se finaliza el curso con una evaluaci\u00f3n integradora de los contenidos desarrollados.<\/p>\n","protected":false},"excerpt":{"rendered":"<h4>\u2022 100% ONLINE<\/h4>\n<h4>\u2022 PLATAFORMA DISPONIBLE LAS 24 HS.<\/h4>\n<h4>\u2022 CERTIFICACION UNIVERSITARIA<\/h4>\n","protected":false},"featured_media":28932,"template":"","meta":{"site-sidebar-layout":"default","site-content-layout":"default","ast-site-content-layout":"default","site-content-style":"default","site-sidebar-style":"default","ast-global-header-display":"","ast-banner-title-visibility":"","ast-main-header-display":"","ast-hfb-above-header-display":"","ast-hfb-below-header-display":"","ast-hfb-mobile-header-display":"","site-post-title":"","ast-breadcrumbs-content":"","ast-featured-img":"","footer-sml-layout":"","theme-transparent-header-meta":"default","adv-header-id-meta":"","stick-header-meta":"","header-above-stick-meta":"","header-main-stick-meta":"","header-below-stick-meta":"","astra-migrate-meta-layouts":"set","ast-page-background-enabled":"default","ast-page-background-meta":{"desktop":{"background-color":"var(--ast-global-color-4)","background-image":"","background-repeat":"repeat","background-position":"center center","background-size":"auto","background-attachment":"scroll","background-type":"","background-media":"","overlay-type":"","overlay-color":"","overlay-gradient":""},"tablet":{"background-color":"","background-image":"","background-repeat":"repeat","background-position":"center center","background-size":"auto","background-attachment":"scroll","background-type":"","background-media":"","overlay-type":"","overlay-color":"","overlay-gradient":""},"mobile":{"background-color":"","background-image":"","background-repeat":"repeat","background-position":"center center","background-size":"auto","background-attachment":"scroll","background-type":"","background-media":"","overlay-type":"","overlay-color":"","overlay-gradient":""}},"ast-content-background-meta":{"desktop":{"background-color":"var(--ast-global-color-5)","background-image":"","background-repeat":"repeat","background-position":"center center","background-size":"auto","background-attachment":"scroll","background-type":"","background-media":"","overlay-type":"","overlay-color":"","overlay-gradient":""},"tablet":{"background-color":"var(--ast-global-color-5)","background-image":"","background-repeat":"repeat","background-position":"center center","background-size":"auto","background-attachment":"scroll","background-type":"","background-media":"","overlay-type":"","overlay-color":"","overlay-gradient":""},"mobile":{"background-color":"var(--ast-global-color-5)","background-image":"","background-repeat":"repeat","background-position":"center center","background-size":"auto","background-attachment":"scroll","background-type":"","background-media":"","overlay-type":"","overlay-color":"","overlay-gradient":""}},"_joinchat":[]},"product_cat":[30,22],"product_tag":[],"class_list":{"0":"post-692","1":"product","2":"type-product","3":"status-publish","4":"has-post-thumbnail","6":"product_cat-gestion","7":"product_cat-marketing-y-ventas","8":"desktop-align-left","9":"tablet-align-left","10":"mobile-align-left","12":"first","13":"instock","14":"shipping-taxable","15":"product-type-external"},"_links":{"self":[{"href":"https:\/\/cecauf.es\/website\/wp-json\/wp\/v2\/product\/692","targetHints":{"allow":["GET"]}}],"collection":[{"href":"https:\/\/cecauf.es\/website\/wp-json\/wp\/v2\/product"}],"about":[{"href":"https:\/\/cecauf.es\/website\/wp-json\/wp\/v2\/types\/product"}],"version-history":[{"count":2,"href":"https:\/\/cecauf.es\/website\/wp-json\/wp\/v2\/product\/692\/revisions"}],"predecessor-version":[{"id":2251,"href":"https:\/\/cecauf.es\/website\/wp-json\/wp\/v2\/product\/692\/revisions\/2251"}],"wp:featuredmedia":[{"embeddable":true,"href":"https:\/\/cecauf.es\/website\/wp-json\/wp\/v2\/media\/28932"}],"wp:attachment":[{"href":"https:\/\/cecauf.es\/website\/wp-json\/wp\/v2\/media?parent=692"}],"wp:term":[{"taxonomy":"product_cat","embeddable":true,"href":"https:\/\/cecauf.es\/website\/wp-json\/wp\/v2\/product_cat?post=692"},{"taxonomy":"product_tag","embeddable":true,"href":"https:\/\/cecauf.es\/website\/wp-json\/wp\/v2\/product_tag?post=692"}],"curies":[{"name":"wp","href":"https:\/\/api.w.org\/{rel}","templated":true}]}}