{"id":669,"date":"2022-07-04T14:00:32","date_gmt":"2022-07-04T14:00:32","guid":{"rendered":"https:\/\/cecauf.es\/website\/?post_type=product&#038;p=669"},"modified":"2024-10-08T19:49:17","modified_gmt":"2024-10-08T19:49:17","slug":"curso-universitario-principales-aspectos-numericos-de-un-ecommerce__trashed","status":"publish","type":"product","link":"https:\/\/cecauf.es\/website\/producto\/curso-universitario-principales-aspectos-numericos-de-un-ecommerce__trashed\/","title":{"rendered":"Curso: Principales Aspectos Num\u00e9ricos de un eCommerce"},"content":{"rendered":"<h4><strong>RESOLUCION RECTORAL N\u00b0 425\/21<\/strong><\/h4>\n<h4><span style=\"color: #ff6600;\"><strong>INICIO INMEDIATO\u00a0<\/strong><\/span><\/h4>\n<h4><strong>Descripci\u00f3n<\/strong><\/h4>\n<p>En este curso profesional el alumno aprender\u00e1 los elementos importantes en un eCommerce, abarcando aspectos como los econ\u00f3micos, las plataformas de pago y los distintos canales de Marketing, as\u00ed como los aspectos log\u00edsticos y las principales m\u00e9tricas y KPIs para la anal\u00edtica en un eCommerce.<\/p>\n<p><strong>\u00a0<\/strong>El estudiante desarrollar\u00e1 las siguientes competencias:<\/p>\n<ol>\n<li>Conocer los principales aspectos econ\u00f3micos de un eCommerce para poder valorar la creaci\u00f3n de uno.<\/li>\n<li>Distinguir los principales gestores de contenido (CMS) y plataformas de pago existentes para eCommerce para poder elegir las m\u00e1s adecuadas en cada proyecto.<\/li>\n<li>Reconocer los distintos canales de marketing que puede utilizar un eCommerce para poder elegir los m\u00e1s adecuados en cada proyecto.<\/li>\n<li>Distinguir los principales aspectos log\u00edsticos de un eCommerce para poder valorarlos si se quiere montar uno.<\/li>\n<li>Conocer las principales m\u00e9tricas y KPIs de un eCommerce para conocer su estado y evoluci\u00f3n y acciones a acometer.<\/li>\n<\/ol>\n<h4><strong>Duraci\u00f3n<\/strong><\/h4>\n<p>20 horas reloj.<strong><br \/>\n<\/strong><\/p>\n<h4><strong>Certificaci\u00f3n que se expide<\/strong><\/h4>\n<p>Curso Universitario: Principales Aspectos Num\u00e9ricos de un Ecommerce<\/p>\n<h4><strong>Destinatarios<\/strong><\/h4>\n<p>Profesionales de cualquier sector que est\u00e9n interesados en ampliar su mercado de ventas a nivel online, poniendo especial \u00e9nfasis en Directores, Mandos Intermedios, Personal de Marketing eCommerce, de Log\u00edstica eCommerce, as\u00ed como Financiero\/Analistas eCommerce, etc.<\/p>\n<h4><strong>Requisitos<\/strong><\/h4>\n<p>No posee requisitos de ingreso.<\/p>\n<h4><strong>Metodolog\u00eda y modalidad de ense\u00f1anza<\/strong><\/h4>\n<p>El curso se desarrolla totalmente en modalidad a distancia, a trav\u00e9s de una plataforma virtual de ense\u00f1anza-aprendizaje, disponible las 24 horas de todos los d\u00edas de la semana.\u00a0 El curso permanecer\u00e1 abierto durante 3 meses a partir de la inscripci\u00f3n.<\/p>\n<p>Las propuestas de aprendizaje permiten que cada estudiante las realice de acuerdo a sus tiempos, de manera asincr\u00f3nica. Las mismas se desarrollan a trav\u00e9s de diversos tipos de actividades, recursos y herramientas digitales tales como videos interactivos, actividades de aprendizaje y de autoevaluaci\u00f3n y material descargable de apoyo, enlaces a art\u00edculos, v\u00eddeos de dominio p\u00fablico y bibliograf\u00eda.<\/p>\n<p>Los cursos se organizan por m\u00f3dulos. Al finalizar cada uno, el alumno deber\u00e1 realizar una autoevaluaci\u00f3n que una vez aprobada, le permitir\u00e1 avanzar al m\u00f3dulo siguiente recorriendo una trayectoria de profundizaci\u00f3n del contenido y logro de las competencias espec\u00edficas. Cumplimentadas estas instancias, se finaliza el curso con una evaluaci\u00f3n integradora de los contenidos desarrollados.<\/p>\n","protected":false},"excerpt":{"rendered":"<h4>\u2022 100% ONLINE<\/h4>\n<h4>\u2022 PLATAFORMA DISPONIBLE LAS 24 HS.<\/h4>\n<h4>\u2022 CERTIFICACION UNIVERSITARIA<\/h4>\n","protected":false},"featured_media":28947,"template":"","meta":{"site-sidebar-layout":"default","site-content-layout":"default","ast-site-content-layout":"default","site-content-style":"default","site-sidebar-style":"default","ast-global-header-display":"","ast-banner-title-visibility":"","ast-main-header-display":"","ast-hfb-above-header-display":"","ast-hfb-below-header-display":"","ast-hfb-mobile-header-display":"","site-post-title":"","ast-breadcrumbs-content":"","ast-featured-img":"","footer-sml-layout":"","theme-transparent-header-meta":"default","adv-header-id-meta":"","stick-header-meta":"","header-above-stick-meta":"","header-main-stick-meta":"","header-below-stick-meta":"","astra-migrate-meta-layouts":"set","ast-page-background-enabled":"default","ast-page-background-meta":{"desktop":{"background-color":"var(--ast-global-color-4)","background-image":"","background-repeat":"repeat","background-position":"center center","background-size":"auto","background-attachment":"scroll","background-type":"","background-media":"","overlay-type":"","overlay-color":"","overlay-gradient":""},"tablet":{"background-color":"","background-image":"","background-repeat":"repeat","background-position":"center center","background-size":"auto","background-attachment":"scroll","background-type":"","background-media":"","overlay-type":"","overlay-color":"","overlay-gradient":""},"mobile":{"background-color":"","background-image":"","background-repeat":"repeat","background-position":"center center","background-size":"auto","background-attachment":"scroll","background-type":"","background-media":"","overlay-type":"","overlay-color":"","overlay-gradient":""}},"ast-content-background-meta":{"desktop":{"background-color":"var(--ast-global-color-5)","background-image":"","background-repeat":"repeat","background-position":"center center","background-size":"auto","background-attachment":"scroll","background-type":"","background-media":"","overlay-type":"","overlay-color":"","overlay-gradient":""},"tablet":{"background-color":"var(--ast-global-color-5)","background-image":"","background-repeat":"repeat","background-position":"center center","background-size":"auto","background-attachment":"scroll","background-type":"","background-media":"","overlay-type":"","overlay-color":"","overlay-gradient":""},"mobile":{"background-color":"var(--ast-global-color-5)","background-image":"","background-repeat":"repeat","background-position":"center center","background-size":"auto","background-attachment":"scroll","background-type":"","background-media":"","overlay-type":"","overlay-color":"","overlay-gradient":""}},"_joinchat":[]},"product_cat":[30,22],"product_tag":[],"class_list":{"0":"post-669","1":"product","2":"type-product","3":"status-publish","4":"has-post-thumbnail","6":"product_cat-gestion","7":"product_cat-marketing-y-ventas","8":"desktop-align-left","9":"tablet-align-left","10":"mobile-align-left","12":"first","13":"instock","14":"shipping-taxable","15":"product-type-external"},"_links":{"self":[{"href":"https:\/\/cecauf.es\/website\/wp-json\/wp\/v2\/product\/669","targetHints":{"allow":["GET"]}}],"collection":[{"href":"https:\/\/cecauf.es\/website\/wp-json\/wp\/v2\/product"}],"about":[{"href":"https:\/\/cecauf.es\/website\/wp-json\/wp\/v2\/types\/product"}],"version-history":[{"count":3,"href":"https:\/\/cecauf.es\/website\/wp-json\/wp\/v2\/product\/669\/revisions"}],"predecessor-version":[{"id":28946,"href":"https:\/\/cecauf.es\/website\/wp-json\/wp\/v2\/product\/669\/revisions\/28946"}],"wp:featuredmedia":[{"embeddable":true,"href":"https:\/\/cecauf.es\/website\/wp-json\/wp\/v2\/media\/28947"}],"wp:attachment":[{"href":"https:\/\/cecauf.es\/website\/wp-json\/wp\/v2\/media?parent=669"}],"wp:term":[{"taxonomy":"product_cat","embeddable":true,"href":"https:\/\/cecauf.es\/website\/wp-json\/wp\/v2\/product_cat?post=669"},{"taxonomy":"product_tag","embeddable":true,"href":"https:\/\/cecauf.es\/website\/wp-json\/wp\/v2\/product_tag?post=669"}],"curies":[{"name":"wp","href":"https:\/\/api.w.org\/{rel}","templated":true}]}}