{"id":642,"date":"2022-07-04T14:00:01","date_gmt":"2022-07-04T14:00:01","guid":{"rendered":"https:\/\/cecauf.es\/website\/?post_type=product&#038;p=642"},"modified":"2024-10-08T21:09:35","modified_gmt":"2024-10-08T21:09:35","slug":"curso-universitario-inversion-en-renta-fija-y-renta-variable__trashed","status":"publish","type":"product","link":"https:\/\/cecauf.es\/website\/producto\/curso-universitario-inversion-en-renta-fija-y-renta-variable__trashed\/","title":{"rendered":"Curso: Inversi\u00f3n en Renta Fija y Renta Variable"},"content":{"rendered":"<h4><strong>RESOLUCION RECTORAL N\u00b0 425\/21<\/strong><\/h4>\n<h4><span style=\"color: #ff6600;\"><strong>INICIO INMEDIATO\u00a0<\/strong><\/span><\/h4>\n<h4><strong>Descripci\u00f3n<\/strong><\/h4>\n<p>En este curso profesional el alumno aprender\u00e1 desde una perspectiva te\u00f3rica a realizar un estudio y an\u00e1lisis de inversiones, abarcando las entidades m\u00e1s importantes del sistema financiero espa\u00f1ol y analizando las operaciones de mercado para una adecuada planificaci\u00f3n, as\u00ed como manejando los conceptos de an\u00e1lisis t\u00e9cnico y fundamental.<\/p>\n<p><strong>\u00a0<\/strong>El estudiante desarrollar\u00e1 las siguientes competencias:<\/p>\n<ol>\n<li>Conocer los mecanismos existentes para canalizar el ahorro a la inversi\u00f3n.<\/li>\n<li>Conocer qu\u00e9 entidades principales participan en el sistema financiero espa\u00f1ol y su funci\u00f3n para poder interpretar correctamente las posibles operaciones de inversi\u00f3n.<\/li>\n<li>Saber interpretar el resultado de una emisi\u00f3n de letras y bonos, y la rentabilidad que ofrecen para realizar una correcta planificaci\u00f3n de la inversi\u00f3n.<\/li>\n<li>Saber calcular el precio de una compraventa (simple o doble) en el mercado secundario de una letra y un bono y su rentabilidad para realizar una correcta planificaci\u00f3n de la inversi\u00f3n.<\/li>\n<li>Conocer el mecanismo de las operaciones de mercado primario y secundario de renta variable para realizar una correcta planificaci\u00f3n de la inversi\u00f3n.<\/li>\n<li>Conocer los principales conceptos del an\u00e1lisis t\u00e9cnico y del an\u00e1lisis fundamental para poder fundamentar las operaciones de inversi\u00f3n.<\/li>\n<\/ol>\n<h4><strong>Duraci\u00f3n<\/strong><\/h4>\n<p>60 horas reloj.<strong><br \/>\n<\/strong><\/p>\n<h4><strong>Certificaci\u00f3n que se expide<\/strong><\/h4>\n<p>Curso Universitario: Inversi\u00f3n en Renta Fija y Renta Variable<\/p>\n<h4><strong>Destinatarios<\/strong><\/h4>\n<p>Profesionales que quieran aprender y manejar el concepto de inversi\u00f3n, con un especial \u00e9nfasis en directores y coordinadores de empresas.<\/p>\n<h4><strong>Requisitos<\/strong><\/h4>\n<p>No posee requisitos de ingreso.<\/p>\n<h4><strong>Metodolog\u00eda y modalidad de ense\u00f1anza<\/strong><\/h4>\n<p>El curso se desarrolla totalmente en modalidad a distancia, a trav\u00e9s de una plataforma virtual de ense\u00f1anza-aprendizaje, disponible las 24 horas de todos los d\u00edas de la semana.\u00a0 El curso permanecer\u00e1 abierto durante 3 meses a partir de la inscripci\u00f3n.<\/p>\n<p>Las propuestas de aprendizaje permiten que cada estudiante las realice de acuerdo a sus tiempos, de manera asincr\u00f3nica. Las mismas se desarrollan a trav\u00e9s de diversos tipos de actividades, recursos y herramientas digitales tales como videos interactivos, actividades de aprendizaje y de autoevaluaci\u00f3n y material descargable de apoyo, enlaces a art\u00edculos, v\u00eddeos de dominio p\u00fablico y bibliograf\u00eda.<\/p>\n<p>Los cursos se organizan por m\u00f3dulos. Al finalizar cada uno, el alumno deber\u00e1 realizar una autoevaluaci\u00f3n que una vez aprobada, le permitir\u00e1 avanzar al m\u00f3dulo siguiente recorriendo una trayectoria de profundizaci\u00f3n del contenido y logro de las competencias espec\u00edficas. Cumplimentadas estas instancias, se finaliza el curso con una evaluaci\u00f3n integradora de los contenidos desarrollados.<\/p>\n","protected":false},"excerpt":{"rendered":"<h4>\u2022 100% ONLINE<\/h4>\n<h4>\u2022 PLATAFORMA DISPONIBLE LAS 24 HS.<\/h4>\n<h4>\u2022 CERTIFICACION UNIVERSITARIA<\/h4>\n","protected":false},"featured_media":28963,"template":"","meta":{"site-sidebar-layout":"default","site-content-layout":"default","ast-site-content-layout":"default","site-content-style":"default","site-sidebar-style":"default","ast-global-header-display":"","ast-banner-title-visibility":"","ast-main-header-display":"","ast-hfb-above-header-display":"","ast-hfb-below-header-display":"","ast-hfb-mobile-header-display":"","site-post-title":"","ast-breadcrumbs-content":"","ast-featured-img":"","footer-sml-layout":"","theme-transparent-header-meta":"default","adv-header-id-meta":"","stick-header-meta":"","header-above-stick-meta":"","header-main-stick-meta":"","header-below-stick-meta":"","astra-migrate-meta-layouts":"set","ast-page-background-enabled":"default","ast-page-background-meta":{"desktop":{"background-color":"var(--ast-global-color-4)","background-image":"","background-repeat":"repeat","background-position":"center center","background-size":"auto","background-attachment":"scroll","background-type":"","background-media":"","overlay-type":"","overlay-color":"","overlay-gradient":""},"tablet":{"background-color":"","background-image":"","background-repeat":"repeat","background-position":"center center","background-size":"auto","background-attachment":"scroll","background-type":"","background-media":"","overlay-type":"","overlay-color":"","overlay-gradient":""},"mobile":{"background-color":"","background-image":"","background-repeat":"repeat","background-position":"center center","background-size":"auto","background-attachment":"scroll","background-type":"","background-media":"","overlay-type":"","overlay-color":"","overlay-gradient":""}},"ast-content-background-meta":{"desktop":{"background-color":"var(--ast-global-color-5)","background-image":"","background-repeat":"repeat","background-position":"center center","background-size":"auto","background-attachment":"scroll","background-type":"","background-media":"","overlay-type":"","overlay-color":"","overlay-gradient":""},"tablet":{"background-color":"var(--ast-global-color-5)","background-image":"","background-repeat":"repeat","background-position":"center center","background-size":"auto","background-attachment":"scroll","background-type":"","background-media":"","overlay-type":"","overlay-color":"","overlay-gradient":""},"mobile":{"background-color":"var(--ast-global-color-5)","background-image":"","background-repeat":"repeat","background-position":"center center","background-size":"auto","background-attachment":"scroll","background-type":"","background-media":"","overlay-type":"","overlay-color":"","overlay-gradient":""}},"_joinchat":[]},"product_cat":[22],"product_tag":[],"class_list":{"0":"post-642","1":"product","2":"type-product","3":"status-publish","4":"has-post-thumbnail","6":"product_cat-marketing-y-ventas","7":"desktop-align-left","8":"tablet-align-left","9":"mobile-align-left","11":"first","12":"instock","13":"shipping-taxable","14":"product-type-external"},"_links":{"self":[{"href":"https:\/\/cecauf.es\/website\/wp-json\/wp\/v2\/product\/642","targetHints":{"allow":["GET"]}}],"collection":[{"href":"https:\/\/cecauf.es\/website\/wp-json\/wp\/v2\/product"}],"about":[{"href":"https:\/\/cecauf.es\/website\/wp-json\/wp\/v2\/types\/product"}],"version-history":[{"count":2,"href":"https:\/\/cecauf.es\/website\/wp-json\/wp\/v2\/product\/642\/revisions"}],"predecessor-version":[{"id":2216,"href":"https:\/\/cecauf.es\/website\/wp-json\/wp\/v2\/product\/642\/revisions\/2216"}],"wp:featuredmedia":[{"embeddable":true,"href":"https:\/\/cecauf.es\/website\/wp-json\/wp\/v2\/media\/28963"}],"wp:attachment":[{"href":"https:\/\/cecauf.es\/website\/wp-json\/wp\/v2\/media?parent=642"}],"wp:term":[{"taxonomy":"product_cat","embeddable":true,"href":"https:\/\/cecauf.es\/website\/wp-json\/wp\/v2\/product_cat?post=642"},{"taxonomy":"product_tag","embeddable":true,"href":"https:\/\/cecauf.es\/website\/wp-json\/wp\/v2\/product_tag?post=642"}],"curies":[{"name":"wp","href":"https:\/\/api.w.org\/{rel}","templated":true}]}}