{"id":628,"date":"2022-07-04T13:59:56","date_gmt":"2022-07-04T13:59:56","guid":{"rendered":"https:\/\/cecauf.es\/website\/?post_type=product&#038;p=628"},"modified":"2024-10-08T21:24:31","modified_gmt":"2024-10-08T21:24:31","slug":"curso-de-oratoria-y-expresion-corporal-comunicar-para-liderar__trashed","status":"publish","type":"product","link":"https:\/\/cecauf.es\/website\/producto\/curso-de-oratoria-y-expresion-corporal-comunicar-para-liderar__trashed\/","title":{"rendered":"Curso de Oratoria y Expresi\u00f3n Corporal. Comunicar para Liderar"},"content":{"rendered":"<h4><strong>Aprobado por Resoluci\u00f3n Rectoral N\u00b0 413\/20<\/strong><\/h4>\n<h4><strong><span style=\"color: #ff6600;\">INICIO INMEDIATO<\/span>\u00a0<\/strong><\/h4>\n<h4>Descripci\u00f3n<\/h4>\n<p>Es imposible no comunicar, por eso debemos aprender a hacerlo bien. Somos comunicaci\u00f3n y de nuestra efectividad en las interacciones depende buena parte del \u00e9xito o el fracaso en las cosas que emprendemos en cualquier \u00e1mbito. En consecuencia, aprender los secretos para mejorar la comunicaci\u00f3n interpersonal es fundamental para nuestro desarrollo, personal y profesional. Las t\u00e9cnicas de oratoria, y expresi\u00f3n corporal incluidas en este curso, pretenden brindar herramientas efectivas y pr\u00e1cticas para favorecer una mejor comunicaci\u00f3n que potencie todas las \u00e1reas de la persona.<\/p>\n<p>El curso ofrece herramientas para descubrir y mejorar habilidades de<strong>\u00a0comunicaci\u00f3n interpersonal\u00a0<\/strong>orientadas a optimizar resultados<strong>.<\/strong><\/p>\n<p>En este curso podr\u00e1 aprender a comprender cabalmente c\u00f3mo funcionan los circuitos de comunicaci\u00f3n para poder intervenir efectivamente sobre ellos y convertirse en un buen comunicador.<\/p>\n<p><strong>Capacidades que se busca desarrollar:<\/strong><\/p>\n<ul>\n<li>Causar mejores primeras impresiones.<\/li>\n<li>Uso correcto del Lenguaje No verbal.<\/li>\n<li>Comprender y poner en pr\u00e1ctica las bases de construcci\u00f3n de discurso.<\/li>\n<li>Comunicarse efectivamente en persona y en la virtualidad.<\/li>\n<li>Convertirse en un buen negociador.<\/li>\n<\/ul>\n<h4>Duraci\u00f3n<\/h4>\n<p>30 horas reloj.<\/p>\n<h4>Certificaci\u00f3n que se expide<\/h4>\n<p>Curso de Oratoria y Expresi\u00f3n Corporal. Comunicar para liderar.<\/p>\n<h4>Destinatarios<\/h4>\n<ul>\n<li>Profesionales que deseen mejorar su forma de comunicarse para un mejor desempe\u00f1o laboral.<\/li>\n<li>Estudiantes en general.<\/li>\n<li>Gerentes, encargados, responsables de grupos de trabajo.<\/li>\n<li>Vendedores.<\/li>\n<li>P\u00fablico en general que desee mejorar aspectos de la comunicaci\u00f3n interpersonal.<\/li>\n<\/ul>\n<h4>Requisitos de Ingreso<\/h4>\n<p>No posee.<\/p>\n<h4>Modalidad de Cursado y Evaluaci\u00f3n<\/h4>\n<p>El Curso es totalmente a distancia; el alumno se inscribe y recibe un usuario y contrase\u00f1a que le permite acceder a la plataforma virtual donde se desarrollan todos los contenidos.<\/p>\n<p>El mismo est\u00e1 dividido en 6 m\u00f3dulos, cada uno presenta los contenidos a partir de v\u00eddeos diagramados y animados en formato audiovisual y videos en persona en los que se explican y ejemplifican los conceptos.<\/p>\n<p>El docente atender\u00e1 las consultas particulares a trav\u00e9s de mensajer\u00eda interna y foros de consultas.<\/p>\n<p>Durante la cursada, el alumno ser\u00e1 evaluado con distintas actividades propuestas por el docente,\u00a0 como cuestionarios de autoevaluaci\u00f3n, que permitan al alumno afianzar el aprendizaje del\u00a0 m\u00f3dulo que est\u00e9 cursando para poder avanzar con el siguiente. Los mismos deben ser aprobados con el 60%.<\/p>\n<p>Aprobadas todas las instancias parciales, el alumno deber\u00e1 presentar un trabajo final integrador que aborda los contenidos desarrollados. El mismo consiste en la presentaci\u00f3n de un video final integrador.<\/p>\n<p>El alumno que apruebe el Trabajo final integrador recibir\u00e1 la certificaci\u00f3n del curso, el alumno que no cumpla con estos requisitos, recibir\u00e1 un certificado de asistencia.<\/p>\n","protected":false},"excerpt":{"rendered":"<h4>\u2022 INICIO INMEDIATO<\/h4>\n<h4>\u2022 DURACI\u00d3N: 30 horas reloj<\/h4>\n<h4>\u2022 100% ONLINE<\/h4>\n","protected":false},"featured_media":28977,"template":"","meta":{"site-sidebar-layout":"default","site-content-layout":"default","ast-site-content-layout":"default","site-content-style":"default","site-sidebar-style":"default","ast-global-header-display":"","ast-banner-title-visibility":"","ast-main-header-display":"","ast-hfb-above-header-display":"","ast-hfb-below-header-display":"","ast-hfb-mobile-header-display":"","site-post-title":"","ast-breadcrumbs-content":"","ast-featured-img":"","footer-sml-layout":"","theme-transparent-header-meta":"default","adv-header-id-meta":"","stick-header-meta":"","header-above-stick-meta":"","header-main-stick-meta":"","header-below-stick-meta":"","astra-migrate-meta-layouts":"set","ast-page-background-enabled":"default","ast-page-background-meta":{"desktop":{"background-color":"var(--ast-global-color-4)","background-image":"","background-repeat":"repeat","background-position":"center center","background-size":"auto","background-attachment":"scroll","background-type":"","background-media":"","overlay-type":"","overlay-color":"","overlay-gradient":""},"tablet":{"background-color":"","background-image":"","background-repeat":"repeat","background-position":"center center","background-size":"auto","background-attachment":"scroll","background-type":"","background-media":"","overlay-type":"","overlay-color":"","overlay-gradient":""},"mobile":{"background-color":"","background-image":"","background-repeat":"repeat","background-position":"center center","background-size":"auto","background-attachment":"scroll","background-type":"","background-media":"","overlay-type":"","overlay-color":"","overlay-gradient":""}},"ast-content-background-meta":{"desktop":{"background-color":"var(--ast-global-color-5)","background-image":"","background-repeat":"repeat","background-position":"center center","background-size":"auto","background-attachment":"scroll","background-type":"","background-media":"","overlay-type":"","overlay-color":"","overlay-gradient":""},"tablet":{"background-color":"var(--ast-global-color-5)","background-image":"","background-repeat":"repeat","background-position":"center center","background-size":"auto","background-attachment":"scroll","background-type":"","background-media":"","overlay-type":"","overlay-color":"","overlay-gradient":""},"mobile":{"background-color":"var(--ast-global-color-5)","background-image":"","background-repeat":"repeat","background-position":"center center","background-size":"auto","background-attachment":"scroll","background-type":"","background-media":"","overlay-type":"","overlay-color":"","overlay-gradient":""}},"_joinchat":[]},"product_cat":[23,31,32,22],"product_tag":[],"class_list":{"0":"post-628","1":"product","2":"type-product","3":"status-publish","4":"has-post-thumbnail","6":"product_cat-comunicacion","7":"product_cat-habilidades-blandas","8":"product_cat-liderazgo","9":"product_cat-marketing-y-ventas","10":"desktop-align-left","11":"tablet-align-left","12":"mobile-align-left","14":"first","15":"instock","16":"shipping-taxable","17":"product-type-external"},"_links":{"self":[{"href":"https:\/\/cecauf.es\/website\/wp-json\/wp\/v2\/product\/628","targetHints":{"allow":["GET"]}}],"collection":[{"href":"https:\/\/cecauf.es\/website\/wp-json\/wp\/v2\/product"}],"about":[{"href":"https:\/\/cecauf.es\/website\/wp-json\/wp\/v2\/types\/product"}],"version-history":[{"count":1,"href":"https:\/\/cecauf.es\/website\/wp-json\/wp\/v2\/product\/628\/revisions"}],"predecessor-version":[{"id":1647,"href":"https:\/\/cecauf.es\/website\/wp-json\/wp\/v2\/product\/628\/revisions\/1647"}],"wp:featuredmedia":[{"embeddable":true,"href":"https:\/\/cecauf.es\/website\/wp-json\/wp\/v2\/media\/28977"}],"wp:attachment":[{"href":"https:\/\/cecauf.es\/website\/wp-json\/wp\/v2\/media?parent=628"}],"wp:term":[{"taxonomy":"product_cat","embeddable":true,"href":"https:\/\/cecauf.es\/website\/wp-json\/wp\/v2\/product_cat?post=628"},{"taxonomy":"product_tag","embeddable":true,"href":"https:\/\/cecauf.es\/website\/wp-json\/wp\/v2\/product_tag?post=628"}],"curies":[{"name":"wp","href":"https:\/\/api.w.org\/{rel}","templated":true}]}}