{"id":2796,"date":"2023-10-27T05:06:54","date_gmt":"2023-10-27T05:06:54","guid":{"rendered":"https:\/\/cecauf.es\/website\/?post_type=product&#038;p=2796"},"modified":"2024-01-17T01:44:52","modified_gmt":"2024-01-17T01:44:52","slug":"curso-logistica-gestion-de-la-cadena-de-suministros","status":"publish","type":"product","link":"https:\/\/cecauf.es\/website\/producto\/curso-logistica-gestion-de-la-cadena-de-suministros\/","title":{"rendered":"Curso: Log\u00edstica. Gesti\u00f3n de la cadena de suministros"},"content":{"rendered":"<h4><strong>RESOLUCION RECTORAL N\u00b0 425\/21<\/strong><\/h4>\n<h4><span style=\"color: #ff6600;\"><strong>INICIO INMEDIATO\u00a0<\/strong><\/span><\/h4>\n<h4><strong>Descripci\u00f3n<\/strong><\/h4>\n<p>En este curso profesional el alumno aprender\u00e1 el concepto de log\u00edstica a nivel internacional abarcando aspectos como las infraestructuras y plataformas log\u00edsticas, la gesti\u00f3n de la cadena de suministros, la optimizaci\u00f3n y componentes de los costes log\u00edsti<\/p>\n<p><strong>\u00a0<\/strong>El estudiante desarrollar\u00e1 las siguientes competencias:<\/p>\n<ol>\n<li>Conocer la funci\u00f3n de la log\u00edstica empresarial y la organizaci\u00f3n actual del flujo de materiales, atendiendo a sus cuatro pilares fundamentales: aprovisionamiento, producci\u00f3n, distribuci\u00f3n y servicio postventa, para adquirir los conocimientos b\u00e1sicos sobre las \u00e1reas m\u00e1s importantes de la log\u00edstica y alcanzar una visi\u00f3n global del conjunto de acciones llevadas a cabo en una empresa de \u00e1mbito log\u00edstico.<\/li>\n<li>Diferenciar todas aquellas infraestructuras industriales dotadas de espacios y equipamientos, destinadas a operaciones log\u00edsticas, para saber seleccionar las instalaciones log\u00edsticas m\u00e1s adecuadas para cada operaci\u00f3n.<\/li>\n<li>Reconocer los diferentes tipos de operadores log\u00edsticos y saber cu\u00e1les son las funciones de cada uno de ellos para saber seleccionar los operadores log\u00edsticos m\u00e1s adecuados para cada operaci\u00f3n.<\/li>\n<li>Analizar los objetivos principales de la cadena de suministros y los eslabones principales que conforman la gesti\u00f3n de la cadena de suministros: aprovisionamiento, compras, producci\u00f3n, almacenaje y distribuci\u00f3n, para adquirir los conocimientos b\u00e1sicos sobre las \u00e1reas m\u00e1s importantes de la log\u00edstica y alcanzar una visi\u00f3n global del conjunto de acciones llevadas a cabo en una empresa de \u00e1mbito log\u00edstico. De esta manera, maximizar beneficios y minimizar riesgos en la toma de decisiones.<\/li>\n<li>Comprender los fundamentos de Lean Manufacturing, para familiarizarse con las herramientas que favorecen sistemas de producci\u00f3n adecuados, basados en el ritmo de producci\u00f3n correcto, carga de trabajo adecuada y sistemas de producci\u00f3n basados en JIT.<\/li>\n<li>Reconocer los objetivos principales de la cadena de suministros y los eslabones principales que conforman la gesti\u00f3n de la cadena de suministros: aprovisionamiento, compras, producci\u00f3n, almacenaje y distribuci\u00f3n, para aprender a calcular los costes que conllevan las operaciones log\u00edsticas.<\/li>\n<li>Identificar los costes directos e indirectos dentro de la cadena de suministros, para aprender a calcular los costes que conllevan las operaciones log\u00edsticas.<\/li>\n<li>Comprender los costes asociados a la log\u00edstica, tales como costes financieros o costes de Outsourcing, para aprender a calcular los costes asociados que conllevan las operaciones log\u00edsticas.<\/li>\n<\/ol>\n<h4><strong>Duraci\u00f3n<\/strong><\/h4>\n<p>25 horas reloj.<strong><br \/>\n<\/strong><\/p>\n<h4><strong>Certificaci\u00f3n que se expide<\/strong><\/h4>\n<p>Curso Universitario: Log\u00edstica. Gesti\u00f3n de la Cadena de Suministros<\/p>\n<h4><strong>Destinatarios<\/strong><\/h4>\n<p>Profesionales de empresas de actividad log\u00edstica y transporte que quieran ampliar sus conocimientos en el concepto de transporte internacional, poniendo especial \u00e9nfasis en directivos, mandos intermedios y trabajadores del departamento de log\u00edstica y\/o transporte.<\/p>\n<h4><strong>Requisitos<\/strong><\/h4>\n<p>No posee requisitos de ingreso.<\/p>\n<h4><strong>Metodolog\u00eda y modalidad de ense\u00f1anza<\/strong><\/h4>\n<p>El curso se desarrolla totalmente en modalidad a distancia, a trav\u00e9s de una plataforma virtual de ense\u00f1anza-aprendizaje, disponible las 24 horas de todos los d\u00edas de la semana.\u00a0 El curso permanecer\u00e1 abierto durante 3 meses a partir de la inscripci\u00f3n.<\/p>\n<p>Las propuestas de aprendizaje permiten que cada estudiante las realice de acuerdo a sus tiempos, de manera asincr\u00f3nica. Las mismas se desarrollan a trav\u00e9s de diversos tipos de actividades, recursos y herramientas digitales tales como videos interactivos, actividades de aprendizaje y de autoevaluaci\u00f3n y material descargable de apoyo, enlaces a art\u00edculos, v\u00eddeos de dominio p\u00fablico y bibliograf\u00eda.<\/p>\n<p>Los cursos se organizan por m\u00f3dulos. Al finalizar cada uno, el alumno deber\u00e1 realizar una autoevaluaci\u00f3n que una vez aprobada, le permitir\u00e1 avanzar al m\u00f3dulo siguiente recorriendo una trayectoria de profundizaci\u00f3n del contenido y logro de las competencias espec\u00edficas. Cumplimentadas estas instancias, se finaliza el curso con una evaluaci\u00f3n integradora de los contenidos desarrollados.<\/p>\n","protected":false},"excerpt":{"rendered":"<h4>\u2022 100% ONLINE<\/h4>\n<h4>\u2022 PLATAFORMA DISPONIBLE LAS 24 HS.<\/h4>\n<h4>\u2022 CERTIFICACION UNIVERSITARIA<\/h4>\n","protected":false},"featured_media":717,"template":"","meta":{"site-sidebar-layout":"default","site-content-layout":"default","ast-site-content-layout":"","site-content-style":"default","site-sidebar-style":"default","ast-global-header-display":"","ast-banner-title-visibility":"","ast-main-header-display":"","ast-hfb-above-header-display":"","ast-hfb-below-header-display":"","ast-hfb-mobile-header-display":"","site-post-title":"","ast-breadcrumbs-content":"","ast-featured-img":"","footer-sml-layout":"","theme-transparent-header-meta":"default","adv-header-id-meta":"","stick-header-meta":"","header-above-stick-meta":"","header-main-stick-meta":"","header-below-stick-meta":"","astra-migrate-meta-layouts":"default","ast-page-background-enabled":"default","ast-page-background-meta":{"desktop":{"background-color":"var(--ast-global-color-4)","background-image":"","background-repeat":"repeat","background-position":"center center","background-size":"auto","background-attachment":"scroll","background-type":"","background-media":"","overlay-type":"","overlay-color":"","overlay-gradient":""},"tablet":{"background-color":"","background-image":"","background-repeat":"repeat","background-position":"center center","background-size":"auto","background-attachment":"scroll","background-type":"","background-media":"","overlay-type":"","overlay-color":"","overlay-gradient":""},"mobile":{"background-color":"","background-image":"","background-repeat":"repeat","background-position":"center center","background-size":"auto","background-attachment":"scroll","background-type":"","background-media":"","overlay-type":"","overlay-color":"","overlay-gradient":""}},"ast-content-background-meta":{"desktop":{"background-color":"var(--ast-global-color-5)","background-image":"","background-repeat":"repeat","background-position":"center center","background-size":"auto","background-attachment":"scroll","background-type":"","background-media":"","overlay-type":"","overlay-color":"","overlay-gradient":""},"tablet":{"background-color":"var(--ast-global-color-5)","background-image":"","background-repeat":"repeat","background-position":"center center","background-size":"auto","background-attachment":"scroll","background-type":"","background-media":"","overlay-type":"","overlay-color":"","overlay-gradient":""},"mobile":{"background-color":"var(--ast-global-color-5)","background-image":"","background-repeat":"repeat","background-position":"center center","background-size":"auto","background-attachment":"scroll","background-type":"","background-media":"","overlay-type":"","overlay-color":"","overlay-gradient":""}},"_joinchat":[]},"product_cat":[51],"product_tag":[],"class_list":{"0":"post-2796","1":"product","2":"type-product","3":"status-publish","4":"has-post-thumbnail","6":"product_cat-cefms","7":"desktop-align-left","8":"tablet-align-left","9":"mobile-align-left","11":"first","12":"instock","13":"sale","14":"shipping-taxable","15":"product-type-external"},"_links":{"self":[{"href":"https:\/\/cecauf.es\/website\/wp-json\/wp\/v2\/product\/2796","targetHints":{"allow":["GET"]}}],"collection":[{"href":"https:\/\/cecauf.es\/website\/wp-json\/wp\/v2\/product"}],"about":[{"href":"https:\/\/cecauf.es\/website\/wp-json\/wp\/v2\/types\/product"}],"version-history":[{"count":1,"href":"https:\/\/cecauf.es\/website\/wp-json\/wp\/v2\/product\/2796\/revisions"}],"predecessor-version":[{"id":2797,"href":"https:\/\/cecauf.es\/website\/wp-json\/wp\/v2\/product\/2796\/revisions\/2797"}],"wp:featuredmedia":[{"embeddable":true,"href":"https:\/\/cecauf.es\/website\/wp-json\/wp\/v2\/media\/717"}],"wp:attachment":[{"href":"https:\/\/cecauf.es\/website\/wp-json\/wp\/v2\/media?parent=2796"}],"wp:term":[{"taxonomy":"product_cat","embeddable":true,"href":"https:\/\/cecauf.es\/website\/wp-json\/wp\/v2\/product_cat?post=2796"},{"taxonomy":"product_tag","embeddable":true,"href":"https:\/\/cecauf.es\/website\/wp-json\/wp\/v2\/product_tag?post=2796"}],"curies":[{"name":"wp","href":"https:\/\/api.w.org\/{rel}","templated":true}]}}