{"id":2649,"date":"2022-12-28T20:13:59","date_gmt":"2022-12-28T20:13:59","guid":{"rendered":"https:\/\/cecauf.es\/website\/?post_type=product&#038;p=2649"},"modified":"2024-10-02T19:04:39","modified_gmt":"2024-10-02T19:04:39","slug":"programa-superior-en-acompanamiento-terapeutico","status":"publish","type":"product","link":"https:\/\/cecauf.es\/website\/producto\/programa-superior-en-acompanamiento-terapeutico\/","title":{"rendered":"Programa Superior en Acompa\u00f1amiento Terap\u00e9utico"},"content":{"rendered":"<div><a href=\"https:\/\/cecauf.es\/website\/wp-content\/uploads\/2022\/12\/336-21-Propuesta-cursos-Espana.pdf\">Aprobado por Resoluci\u00f3n Rectoral N\u00ba 336\/21<\/a><\/div>\n<div>\n<div class=\"vc_empty_space\"><\/div>\n<\/div>\n<h4><strong>INICIO INMEDIATO<\/strong><\/h4>\n<h4>Descripci\u00f3n<\/h4>\n<p>El Acompa\u00f1ante Terap\u00e9utico trabaja como miembro de un equipo terap\u00e9utico en diferentes situaciones: tratamiento de adicciones, trastornos alimentarios, discapacidad, cuidados paliativos, acompa\u00f1amiento escolar, psicosis, entre otras.<\/p>\n<p>El objetivo del Programa Superior es capacitar a este recurso auxiliar, para acompa\u00f1ar a la persona en su cotidianeidad, consolid\u00e1ndose como una herramienta eficaz y de gran valoraci\u00f3n dentro de cualquier equipo terap\u00e9utico.<\/p>\n<h4>\u00c1mbito de Trabajo<\/h4>\n<p>\u2022 Diversas instituciones de salud privadas y oficiales: internaci\u00f3n cl\u00ednica, hospitales de d\u00eda, instituciones psicopedag\u00f3gicas, de rehabilitaci\u00f3n, etc.<br \/>\n\u2022 De forma particular durante internaci\u00f3n domiciliaria o tratamientos ambulatorios.<\/p>\n<h4>Duraci\u00f3n<\/h4>\n<p>232 horas<\/p>\n<h4>Certificaci\u00f3n que se expide<\/h4>\n<p>Programa Superior en Acompa\u00f1amiento Terap\u00e9utico<\/p>\n<h4>Modalidad de Cursado y Evaluaci\u00f3n<\/h4>\n<p>Desarrollo de las clases: a DISTANCIA, a trav\u00e9s de una exclusiva Plataforma de Educaci\u00f3n a Distancia desarrollada por la Universidad el alumno accede con cualquier dispositivo, PC, m\u00f3vil, Tablet, etc., y en cualquier momento al material de clases (videos, apuntes, autoevaluaciones y asistencia permanente de tutores especializados).<\/p>\n<p>Una vez completadas las 12 unidades deber\u00e1 realizar un examen final a trav\u00e9s de la Plataforma para obtener la Certificaci\u00f3n Universitaria.<\/p>\n","protected":false},"excerpt":{"rendered":"<p>Aprobado por Resoluci\u00f3n Rectoral N\u00ba 336\/21 INICIO INMEDIATO Descripci\u00f3n El Acompa\u00f1ante Terap\u00e9utico trabaja como miembro de un equipo terap\u00e9utico en diferentes situaciones: tratamiento de adicciones, trastornos alimentarios, discapacidad, cuidados paliativos, acompa\u00f1amiento escolar, psicosis, entre otras. El objetivo del Programa Superior es capacitar a este recurso auxiliar, para acompa\u00f1ar a la persona en su cotidianeidad, consolid\u00e1ndose [&hellip;]<\/p>\n","protected":false},"featured_media":28878,"template":"","meta":{"site-sidebar-layout":"default","site-content-layout":"default","ast-site-content-layout":"default","site-content-style":"default","site-sidebar-style":"default","ast-global-header-display":"","ast-banner-title-visibility":"","ast-main-header-display":"","ast-hfb-above-header-display":"","ast-hfb-below-header-display":"","ast-hfb-mobile-header-display":"","site-post-title":"","ast-breadcrumbs-content":"","ast-featured-img":"","footer-sml-layout":"","theme-transparent-header-meta":"default","adv-header-id-meta":"","stick-header-meta":"","header-above-stick-meta":"","header-main-stick-meta":"","header-below-stick-meta":"","astra-migrate-meta-layouts":"set","ast-page-background-enabled":"default","ast-page-background-meta":{"desktop":{"background-color":"var(--ast-global-color-4)","background-image":"","background-repeat":"repeat","background-position":"center center","background-size":"auto","background-attachment":"scroll","background-type":"","background-media":"","overlay-type":"","overlay-color":"","overlay-gradient":""},"tablet":{"background-color":"","background-image":"","background-repeat":"repeat","background-position":"center center","background-size":"auto","background-attachment":"scroll","background-type":"","background-media":"","overlay-type":"","overlay-color":"","overlay-gradient":""},"mobile":{"background-color":"","background-image":"","background-repeat":"repeat","background-position":"center center","background-size":"auto","background-attachment":"scroll","background-type":"","background-media":"","overlay-type":"","overlay-color":"","overlay-gradient":""}},"ast-content-background-meta":{"desktop":{"background-color":"var(--ast-global-color-5)","background-image":"","background-repeat":"repeat","background-position":"center center","background-size":"auto","background-attachment":"scroll","background-type":"","background-media":"","overlay-type":"","overlay-color":"","overlay-gradient":""},"tablet":{"background-color":"var(--ast-global-color-5)","background-image":"","background-repeat":"repeat","background-position":"center center","background-size":"auto","background-attachment":"scroll","background-type":"","background-media":"","overlay-type":"","overlay-color":"","overlay-gradient":""},"mobile":{"background-color":"var(--ast-global-color-5)","background-image":"","background-repeat":"repeat","background-position":"center center","background-size":"auto","background-attachment":"scroll","background-type":"","background-media":"","overlay-type":"","overlay-color":"","overlay-gradient":""}},"_joinchat":[]},"product_cat":[48],"product_tag":[],"class_list":{"0":"post-2649","1":"product","2":"type-product","3":"status-publish","4":"has-post-thumbnail","6":"product_cat-salud","7":"desktop-align-left","8":"tablet-align-left","9":"mobile-align-left","11":"first","12":"instock","13":"shipping-taxable","14":"product-type-external"},"_links":{"self":[{"href":"https:\/\/cecauf.es\/website\/wp-json\/wp\/v2\/product\/2649","targetHints":{"allow":["GET"]}}],"collection":[{"href":"https:\/\/cecauf.es\/website\/wp-json\/wp\/v2\/product"}],"about":[{"href":"https:\/\/cecauf.es\/website\/wp-json\/wp\/v2\/types\/product"}],"version-history":[{"count":1,"href":"https:\/\/cecauf.es\/website\/wp-json\/wp\/v2\/product\/2649\/revisions"}],"predecessor-version":[{"id":2651,"href":"https:\/\/cecauf.es\/website\/wp-json\/wp\/v2\/product\/2649\/revisions\/2651"}],"wp:featuredmedia":[{"embeddable":true,"href":"https:\/\/cecauf.es\/website\/wp-json\/wp\/v2\/media\/28878"}],"wp:attachment":[{"href":"https:\/\/cecauf.es\/website\/wp-json\/wp\/v2\/media?parent=2649"}],"wp:term":[{"taxonomy":"product_cat","embeddable":true,"href":"https:\/\/cecauf.es\/website\/wp-json\/wp\/v2\/product_cat?post=2649"},{"taxonomy":"product_tag","embeddable":true,"href":"https:\/\/cecauf.es\/website\/wp-json\/wp\/v2\/product_tag?post=2649"}],"curies":[{"name":"wp","href":"https:\/\/api.w.org\/{rel}","templated":true}]}}