{"id":2645,"date":"2022-12-28T20:12:28","date_gmt":"2022-12-28T20:12:28","guid":{"rendered":"https:\/\/cecauf.es\/website\/?post_type=product&#038;p=2645"},"modified":"2024-10-02T19:06:18","modified_gmt":"2024-10-02T19:06:18","slug":"programa-superior-en-asistencia-gerontologica","status":"publish","type":"product","link":"https:\/\/cecauf.es\/website\/producto\/programa-superior-en-asistencia-gerontologica\/","title":{"rendered":"Programa Superior en Asistencia Gerontol\u00f3gica"},"content":{"rendered":"<div><a href=\"https:\/\/cecauf.es\/website\/wp-content\/uploads\/2022\/12\/336-21-Propuesta-cursos-Espana-1.pdf\">Aprobado por Resoluci\u00f3n Rectoral N\u00ba 336\/21<\/a><\/div>\n<div>\n<div class=\"vc_empty_space\"><\/div>\n<\/div>\n<h4><strong>INICIO INMEDIATO<\/strong><\/h4>\n<h4>Descripci\u00f3n<\/h4>\n<p>El Asistente Gerontol\u00f3gico acompa\u00f1a y asiste al adulto mayor en un importante ciclo de la vida.<\/p>\n<p>El objetivo del Programa Superior es capacitar al Asistente para brindar atenci\u00f3n preventiva, recreativa y asistencial al anciano, estimulando sus capacidades e integr\u00e1ndolo a las actividades del grupo familiar.<\/p>\n<h4>\u00c1mbito de Trabajo<\/h4>\n<p>\u2022 Domicilio (cuidado del anciano sano o enfermo en su casa).<br \/>\n\u2022 Residencias geri\u00e1tricas (cuidado del enfermo, estimulaci\u00f3n para actividades de recreaci\u00f3n y promoci\u00f3n de la salud en el anciano sano, contenci\u00f3n).<br \/>\n\u2022 Centros de d\u00eda (acompa\u00f1amiento del anciano, actividades de servicio).<br \/>\n\u2022 Hospitales o Cl\u00ednicas (cuidado del enfermo internado, asistencia elemental, acompa\u00f1amiento).<br \/>\n\u2022 Servicio personalizado para tr\u00e1mites y gestiones ante obras sociales, o administraci\u00f3n sanatorial\/hospitalaria.<\/p>\n<h4>Duraci\u00f3n<\/h4>\n<p>232 horas<\/p>\n<h4>Certificaci\u00f3n que se expide<\/h4>\n<p>Programa Superior en Asistencia Gerontol\u00f3gica<\/p>\n<h4>Modalidad de Cursado y Evaluaci\u00f3n<\/h4>\n<p>Desarrollo de las clases: a DISTANCIA, a trav\u00e9s de una exclusiva Plataforma de Educaci\u00f3n a Distancia desarrollada por la Universidad el alumno accede con cualquier dispositivo, PC, m\u00f3vil, Tablet, etc., y en cualquier momento al material de clases (videos, apuntes, autoevaluaciones y asistencia permanente de tutores especializados).<\/p>\n<p>Una vez completadas las 12 unidades deber\u00e1 realizar un examen final a trav\u00e9s de la Plataforma para obtener la Certificaci\u00f3n Universitaria.<\/p>\n","protected":false},"excerpt":{"rendered":"<p>Aprobado por Resoluci\u00f3n Rectoral N\u00ba 336\/21 INICIO INMEDIATO Descripci\u00f3n El Asistente Gerontol\u00f3gico acompa\u00f1a y asiste al adulto mayor en un importante ciclo de la vida. El objetivo del Programa Superior es capacitar al Asistente para brindar atenci\u00f3n preventiva, recreativa y asistencial al anciano, estimulando sus capacidades e integr\u00e1ndolo a las actividades del grupo familiar. \u00c1mbito [&hellip;]<\/p>\n","protected":false},"featured_media":28881,"template":"","meta":{"site-sidebar-layout":"default","site-content-layout":"default","ast-site-content-layout":"default","site-content-style":"default","site-sidebar-style":"default","ast-global-header-display":"","ast-banner-title-visibility":"","ast-main-header-display":"","ast-hfb-above-header-display":"","ast-hfb-below-header-display":"","ast-hfb-mobile-header-display":"","site-post-title":"","ast-breadcrumbs-content":"","ast-featured-img":"","footer-sml-layout":"","theme-transparent-header-meta":"default","adv-header-id-meta":"","stick-header-meta":"","header-above-stick-meta":"","header-main-stick-meta":"","header-below-stick-meta":"","astra-migrate-meta-layouts":"set","ast-page-background-enabled":"default","ast-page-background-meta":{"desktop":{"background-color":"var(--ast-global-color-4)","background-image":"","background-repeat":"repeat","background-position":"center center","background-size":"auto","background-attachment":"scroll","background-type":"","background-media":"","overlay-type":"","overlay-color":"","overlay-gradient":""},"tablet":{"background-color":"","background-image":"","background-repeat":"repeat","background-position":"center center","background-size":"auto","background-attachment":"scroll","background-type":"","background-media":"","overlay-type":"","overlay-color":"","overlay-gradient":""},"mobile":{"background-color":"","background-image":"","background-repeat":"repeat","background-position":"center center","background-size":"auto","background-attachment":"scroll","background-type":"","background-media":"","overlay-type":"","overlay-color":"","overlay-gradient":""}},"ast-content-background-meta":{"desktop":{"background-color":"var(--ast-global-color-5)","background-image":"","background-repeat":"repeat","background-position":"center center","background-size":"auto","background-attachment":"scroll","background-type":"","background-media":"","overlay-type":"","overlay-color":"","overlay-gradient":""},"tablet":{"background-color":"var(--ast-global-color-5)","background-image":"","background-repeat":"repeat","background-position":"center center","background-size":"auto","background-attachment":"scroll","background-type":"","background-media":"","overlay-type":"","overlay-color":"","overlay-gradient":""},"mobile":{"background-color":"var(--ast-global-color-5)","background-image":"","background-repeat":"repeat","background-position":"center center","background-size":"auto","background-attachment":"scroll","background-type":"","background-media":"","overlay-type":"","overlay-color":"","overlay-gradient":""}},"_joinchat":[]},"product_cat":[48],"product_tag":[],"class_list":{"0":"post-2645","1":"product","2":"type-product","3":"status-publish","4":"has-post-thumbnail","6":"product_cat-salud","7":"desktop-align-left","8":"tablet-align-left","9":"mobile-align-left","11":"first","12":"instock","13":"shipping-taxable","14":"product-type-external"},"_links":{"self":[{"href":"https:\/\/cecauf.es\/website\/wp-json\/wp\/v2\/product\/2645","targetHints":{"allow":["GET"]}}],"collection":[{"href":"https:\/\/cecauf.es\/website\/wp-json\/wp\/v2\/product"}],"about":[{"href":"https:\/\/cecauf.es\/website\/wp-json\/wp\/v2\/types\/product"}],"version-history":[{"count":1,"href":"https:\/\/cecauf.es\/website\/wp-json\/wp\/v2\/product\/2645\/revisions"}],"predecessor-version":[{"id":2648,"href":"https:\/\/cecauf.es\/website\/wp-json\/wp\/v2\/product\/2645\/revisions\/2648"}],"wp:featuredmedia":[{"embeddable":true,"href":"https:\/\/cecauf.es\/website\/wp-json\/wp\/v2\/media\/28881"}],"wp:attachment":[{"href":"https:\/\/cecauf.es\/website\/wp-json\/wp\/v2\/media?parent=2645"}],"wp:term":[{"taxonomy":"product_cat","embeddable":true,"href":"https:\/\/cecauf.es\/website\/wp-json\/wp\/v2\/product_cat?post=2645"},{"taxonomy":"product_tag","embeddable":true,"href":"https:\/\/cecauf.es\/website\/wp-json\/wp\/v2\/product_tag?post=2645"}],"curies":[{"name":"wp","href":"https:\/\/api.w.org\/{rel}","templated":true}]}}