{"id":2641,"date":"2022-12-28T20:10:16","date_gmt":"2022-12-28T20:10:16","guid":{"rendered":"https:\/\/cecauf.es\/website\/?post_type=product&#038;p=2641"},"modified":"2024-10-02T19:05:20","modified_gmt":"2024-10-02T19:05:20","slug":"programa-superior-en-asistencia-de-rehabilitacion-de-adicciones","status":"publish","type":"product","link":"https:\/\/cecauf.es\/website\/producto\/programa-superior-en-asistencia-de-rehabilitacion-de-adicciones\/","title":{"rendered":"Programa Superior en Asistencia de Rehabilitaci\u00f3n de Adicciones"},"content":{"rendered":"<div><a href=\"https:\/\/cecauf.es\/website\/wp-content\/uploads\/2022\/12\/336-21-Propuesta-cursos-Espana.pdf\">Aprobado por Resoluci\u00f3n Rectoral N\u00ba 336\/21<\/a><\/div>\n<div>\n<div class=\"vc_empty_space\"><\/div>\n<\/div>\n<h4><strong>INICIO INMEDIATO<\/strong><\/h4>\n<h4>Descripci\u00f3n<\/h4>\n<p>El Asistente en Rehabilitaci\u00f3n de Adicciones es un agente muy demandado y necesario en nuestro pa\u00eds, ya que constituye un recurso auxiliar fundamental para la prevenci\u00f3n y tratamiento del consumo de drogas y alcohol.<\/p>\n<p>El objetivo del Programa Superior es capacitar al Asistente en todos los aspectos de esta lacra que azota y enferma a la sociedad; con una mirada integral de la persona del adicto y del sufrimiento que conlleva.<\/p>\n<h4>\u00c1mbito de Trabajo<\/h4>\n<p>El Asistente en Rehabilitaci\u00f3n de Adicciones trabaja como miembro de un equipo terap\u00e9utico, asistiendo a profesionales en centros de d\u00eda, cl\u00ednicas de rehabilitaci\u00f3n, instituciones de promoci\u00f3n de la salud, instituciones educativas, comunidades terap\u00e9uticas, entre otros \u00e1mbitos importantes.<\/p>\n<h4>Duraci\u00f3n<\/h4>\n<p>232 horas<\/p>\n<h4>Certificaci\u00f3n que se expide<\/h4>\n<p>Programa Superior en Asistencia de Rehabilitaci\u00f3n de Adicciones<\/p>\n<h4>Modalidad de Cursado y Evaluaci\u00f3n<\/h4>\n<p>Desarrollo de las clases: a DISTANCIA, a trav\u00e9s de una exclusiva Plataforma de Educaci\u00f3n a Distancia desarrollada por la Universidad el alumno accede con cualquier dispositivo, PC, m\u00f3vil, Tablet, etc., y en cualquier momento al material de clases (videos, apuntes, autoevaluaciones y asistencia permanente de tutores especializados).<\/p>\n<p>Una vez completadas las 12 unidades deber\u00e1 realizar un examen final a trav\u00e9s de la Plataforma para obtener la Certificaci\u00f3n Universitaria.<\/p>\n","protected":false},"excerpt":{"rendered":"<p>Aprobado por Resoluci\u00f3n Rectoral N\u00ba 336\/21 INICIO INMEDIATO Descripci\u00f3n El Asistente en Rehabilitaci\u00f3n de Adicciones es un agente muy demandado y necesario en nuestro pa\u00eds, ya que constituye un recurso auxiliar fundamental para la prevenci\u00f3n y tratamiento del consumo de drogas y alcohol. El objetivo del Programa Superior es capacitar al Asistente en todos los [&hellip;]<\/p>\n","protected":false},"featured_media":28879,"template":"","meta":{"site-sidebar-layout":"default","site-content-layout":"default","ast-site-content-layout":"default","site-content-style":"default","site-sidebar-style":"default","ast-global-header-display":"","ast-banner-title-visibility":"","ast-main-header-display":"","ast-hfb-above-header-display":"","ast-hfb-below-header-display":"","ast-hfb-mobile-header-display":"","site-post-title":"","ast-breadcrumbs-content":"","ast-featured-img":"","footer-sml-layout":"","theme-transparent-header-meta":"default","adv-header-id-meta":"","stick-header-meta":"","header-above-stick-meta":"","header-main-stick-meta":"","header-below-stick-meta":"","astra-migrate-meta-layouts":"set","ast-page-background-enabled":"default","ast-page-background-meta":{"desktop":{"background-color":"var(--ast-global-color-4)","background-image":"","background-repeat":"repeat","background-position":"center center","background-size":"auto","background-attachment":"scroll","background-type":"","background-media":"","overlay-type":"","overlay-color":"","overlay-gradient":""},"tablet":{"background-color":"","background-image":"","background-repeat":"repeat","background-position":"center center","background-size":"auto","background-attachment":"scroll","background-type":"","background-media":"","overlay-type":"","overlay-color":"","overlay-gradient":""},"mobile":{"background-color":"","background-image":"","background-repeat":"repeat","background-position":"center center","background-size":"auto","background-attachment":"scroll","background-type":"","background-media":"","overlay-type":"","overlay-color":"","overlay-gradient":""}},"ast-content-background-meta":{"desktop":{"background-color":"var(--ast-global-color-5)","background-image":"","background-repeat":"repeat","background-position":"center center","background-size":"auto","background-attachment":"scroll","background-type":"","background-media":"","overlay-type":"","overlay-color":"","overlay-gradient":""},"tablet":{"background-color":"var(--ast-global-color-5)","background-image":"","background-repeat":"repeat","background-position":"center center","background-size":"auto","background-attachment":"scroll","background-type":"","background-media":"","overlay-type":"","overlay-color":"","overlay-gradient":""},"mobile":{"background-color":"var(--ast-global-color-5)","background-image":"","background-repeat":"repeat","background-position":"center center","background-size":"auto","background-attachment":"scroll","background-type":"","background-media":"","overlay-type":"","overlay-color":"","overlay-gradient":""}},"_joinchat":[]},"product_cat":[48],"product_tag":[],"class_list":{"0":"post-2641","1":"product","2":"type-product","3":"status-publish","4":"has-post-thumbnail","6":"product_cat-salud","7":"desktop-align-left","8":"tablet-align-left","9":"mobile-align-left","11":"first","12":"instock","13":"shipping-taxable","14":"product-type-external"},"_links":{"self":[{"href":"https:\/\/cecauf.es\/website\/wp-json\/wp\/v2\/product\/2641","targetHints":{"allow":["GET"]}}],"collection":[{"href":"https:\/\/cecauf.es\/website\/wp-json\/wp\/v2\/product"}],"about":[{"href":"https:\/\/cecauf.es\/website\/wp-json\/wp\/v2\/types\/product"}],"version-history":[{"count":1,"href":"https:\/\/cecauf.es\/website\/wp-json\/wp\/v2\/product\/2641\/revisions"}],"predecessor-version":[{"id":2644,"href":"https:\/\/cecauf.es\/website\/wp-json\/wp\/v2\/product\/2641\/revisions\/2644"}],"wp:featuredmedia":[{"embeddable":true,"href":"https:\/\/cecauf.es\/website\/wp-json\/wp\/v2\/media\/28879"}],"wp:attachment":[{"href":"https:\/\/cecauf.es\/website\/wp-json\/wp\/v2\/media?parent=2641"}],"wp:term":[{"taxonomy":"product_cat","embeddable":true,"href":"https:\/\/cecauf.es\/website\/wp-json\/wp\/v2\/product_cat?post=2641"},{"taxonomy":"product_tag","embeddable":true,"href":"https:\/\/cecauf.es\/website\/wp-json\/wp\/v2\/product_tag?post=2641"}],"curies":[{"name":"wp","href":"https:\/\/api.w.org\/{rel}","templated":true}]}}