{"id":1260,"date":"2022-07-04T22:50:39","date_gmt":"2022-07-04T22:50:39","guid":{"rendered":"https:\/\/cecauf.es\/website\/?post_type=product&#038;p=1260"},"modified":"2024-10-09T01:45:49","modified_gmt":"2024-10-09T01:45:49","slug":"curso-universitario-excel-2016-iniciacion-entorno-analisis-de-datos-e-impresion","status":"publish","type":"product","link":"https:\/\/cecauf.es\/website\/producto\/curso-universitario-excel-2016-iniciacion-entorno-analisis-de-datos-e-impresion\/","title":{"rendered":"Curso: Excel 2016 Iniciaci\u00f3n: Entorno, An\u00e1lisis de Datos e Impresi\u00f3n"},"content":{"rendered":"<h4><strong>RESOLUCION RECTORAL N\u00b0 425\/21<\/strong><\/h4>\n<h4><span style=\"color: #ff6600;\"><strong>INICIO INMEDIATO\u00a0<\/strong><\/span><\/h4>\n<h4><strong>Descripci\u00f3n<\/strong><\/h4>\n<p>En este curso profesional el alumno aprender\u00e1 a manejar Excel de forma b\u00e1sica, abarcando aspectos como formatos y estilos, insertar y eliminar elementos vistas, f\u00f3rmulas y funciones b\u00e1sicas, as\u00ed como gr\u00e1ficos e impresi\u00f3n.<\/p>\n<p><strong>\u00a0<\/strong>El estudiante desarrollar\u00e1 las siguientes competencias:<\/p>\n<ol>\n<li>Conocer el entorno Excel y las principales novedades de esta versi\u00f3n para ubicarnos de forma general en la aplicaci\u00f3n.<\/li>\n<li>Trabajar los primeros pasos con Excel para crear libros nuevos.<\/li>\n<li>Administrar hojas de c\u00e1lculo y libros de Excel para organizar mi trabajo dentro de un archivo.<\/li>\n<li>Saber c\u00f3mo introducir y editar datos en Excel para generar hojas de c\u00e1lculo eficaces.<\/li>\n<li>Conocer los formatos de celdas para visualizar los datos de diversas formas.<\/li>\n<li>Saber estructurar hojas, filas y columnas para establecer medidas las filas y columnas.<\/li>\n<li>Conocer las t\u00e9cnicas de insertar y eliminar elementos para modificar la estructura de una hoja o archivo de Excel.<\/li>\n<li>Trabajar con vistas para poder utilizar m\u00e1s de un libro en una misma pantalla.<\/li>\n<li>Conocer c\u00f3mo introducir f\u00f3rmulas y funciones b\u00e1sicas para realizar nuestros primeros c\u00e1lculos.<\/li>\n<li>Trabajo con funciones b\u00e1sicas para aprender el funcionamiento de las referencias a celdas.<\/li>\n<li>Generar un gr\u00e1fico en Excel para conocer c\u00f3mo representar visualmente los datos.<\/li>\n<li>Conocer los distintos tipos de gr\u00e1ficos sencillos en Excel para elegir adecuadamente la representaci\u00f3n seg\u00fan los datos origen.<\/li>\n<li>Modificaciones sencillas de gr\u00e1ficos para cambiar sus aspectos.<\/li>\n<li>Conocer los Minigr\u00e1ficos, Mapas 3D y paseos guiados para obtener visualizaciones novedosas.<\/li>\n<li>Preparar un documento para su impresi\u00f3n.<\/li>\n<\/ol>\n<h4><strong>Duraci\u00f3n<\/strong><\/h4>\n<p>60 horas reloj.<strong><br \/>\n<\/strong><\/p>\n<h4><strong>Certificaci\u00f3n que se expide<\/strong><\/h4>\n<p>Curso Universitario: Excel 2016 Iniciaci\u00f3n. Entorno, an\u00e1lisis de Datos e Impresi\u00f3n<\/p>\n<h4><strong>Destinatarios<\/strong><\/h4>\n<p>Profesionales de cualquier sector que quieran iniciarse en el uso de la herramienta de hojas de c\u00e1lculo Excel a un nivel b\u00e1sico.<\/p>\n<h4><strong>Requisitos<\/strong><\/h4>\n<p>No posee requisitos de ingreso.<\/p>\n<h4><strong>Metodolog\u00eda y modalidad de ense\u00f1anza<\/strong><\/h4>\n<p>El curso se desarrolla totalmente en modalidad a distancia, a trav\u00e9s de una plataforma virtual de ense\u00f1anza-aprendizaje, disponible las 24 horas de todos los d\u00edas de la semana.\u00a0 El curso permanecer\u00e1 abierto durante 3 meses a partir de la inscripci\u00f3n.<\/p>\n<p>Las propuestas de aprendizaje permiten que cada estudiante las realice de acuerdo a sus tiempos, de manera asincr\u00f3nica. Las mismas se desarrollan a trav\u00e9s de diversos tipos de actividades, recursos y herramientas digitales tales como videos interactivos, actividades de aprendizaje y de autoevaluaci\u00f3n y material descargable de apoyo, enlaces a art\u00edculos, v\u00eddeos de dominio p\u00fablico y bibliograf\u00eda.<\/p>\n<p>Los cursos se organizan por m\u00f3dulos. Al finalizar cada uno, el alumno deber\u00e1 realizar una autoevaluaci\u00f3n que una vez aprobada, le permitir\u00e1 avanzar al m\u00f3dulo siguiente recorriendo una trayectoria de profundizaci\u00f3n del contenido y logro de las competencias espec\u00edficas. Cumplimentadas estas instancias, se finaliza el curso con una evaluaci\u00f3n integradora de los contenidos desarrollados.<\/p>\n","protected":false},"excerpt":{"rendered":"<h4>\u2022 100% ONLINE<\/h4>\n<h4>\u2022 PLATAFORMA DISPONIBLE LAS 24 HS.<\/h4>\n<h4>\u2022 CERTIFICACION UNIVERSITARIA<\/h4>\n","protected":false},"featured_media":29041,"template":"","meta":{"site-sidebar-layout":"default","site-content-layout":"default","ast-site-content-layout":"default","site-content-style":"default","site-sidebar-style":"default","ast-global-header-display":"","ast-banner-title-visibility":"","ast-main-header-display":"","ast-hfb-above-header-display":"","ast-hfb-below-header-display":"","ast-hfb-mobile-header-display":"","site-post-title":"","ast-breadcrumbs-content":"","ast-featured-img":"","footer-sml-layout":"","theme-transparent-header-meta":"default","adv-header-id-meta":"","stick-header-meta":"","header-above-stick-meta":"","header-main-stick-meta":"","header-below-stick-meta":"","astra-migrate-meta-layouts":"set","ast-page-background-enabled":"default","ast-page-background-meta":{"desktop":{"background-color":"var(--ast-global-color-4)","background-image":"","background-repeat":"repeat","background-position":"center center","background-size":"auto","background-attachment":"scroll","background-type":"","background-media":"","overlay-type":"","overlay-color":"","overlay-gradient":""},"tablet":{"background-color":"","background-image":"","background-repeat":"repeat","background-position":"center center","background-size":"auto","background-attachment":"scroll","background-type":"","background-media":"","overlay-type":"","overlay-color":"","overlay-gradient":""},"mobile":{"background-color":"","background-image":"","background-repeat":"repeat","background-position":"center center","background-size":"auto","background-attachment":"scroll","background-type":"","background-media":"","overlay-type":"","overlay-color":"","overlay-gradient":""}},"ast-content-background-meta":{"desktop":{"background-color":"var(--ast-global-color-5)","background-image":"","background-repeat":"repeat","background-position":"center center","background-size":"auto","background-attachment":"scroll","background-type":"","background-media":"","overlay-type":"","overlay-color":"","overlay-gradient":""},"tablet":{"background-color":"var(--ast-global-color-5)","background-image":"","background-repeat":"repeat","background-position":"center center","background-size":"auto","background-attachment":"scroll","background-type":"","background-media":"","overlay-type":"","overlay-color":"","overlay-gradient":""},"mobile":{"background-color":"var(--ast-global-color-5)","background-image":"","background-repeat":"repeat","background-position":"center center","background-size":"auto","background-attachment":"scroll","background-type":"","background-media":"","overlay-type":"","overlay-color":"","overlay-gradient":""}},"_joinchat":[]},"product_cat":[28],"product_tag":[],"class_list":{"0":"post-1260","1":"product","2":"type-product","3":"status-publish","4":"has-post-thumbnail","6":"product_cat-ofimatica-y-tecnologia","7":"desktop-align-left","8":"tablet-align-left","9":"mobile-align-left","11":"first","12":"instock","13":"shipping-taxable","14":"product-type-external"},"_links":{"self":[{"href":"https:\/\/cecauf.es\/website\/wp-json\/wp\/v2\/product\/1260","targetHints":{"allow":["GET"]}}],"collection":[{"href":"https:\/\/cecauf.es\/website\/wp-json\/wp\/v2\/product"}],"about":[{"href":"https:\/\/cecauf.es\/website\/wp-json\/wp\/v2\/types\/product"}],"version-history":[{"count":3,"href":"https:\/\/cecauf.es\/website\/wp-json\/wp\/v2\/product\/1260\/revisions"}],"predecessor-version":[{"id":2418,"href":"https:\/\/cecauf.es\/website\/wp-json\/wp\/v2\/product\/1260\/revisions\/2418"}],"wp:featuredmedia":[{"embeddable":true,"href":"https:\/\/cecauf.es\/website\/wp-json\/wp\/v2\/media\/29041"}],"wp:attachment":[{"href":"https:\/\/cecauf.es\/website\/wp-json\/wp\/v2\/media?parent=1260"}],"wp:term":[{"taxonomy":"product_cat","embeddable":true,"href":"https:\/\/cecauf.es\/website\/wp-json\/wp\/v2\/product_cat?post=1260"},{"taxonomy":"product_tag","embeddable":true,"href":"https:\/\/cecauf.es\/website\/wp-json\/wp\/v2\/product_tag?post=1260"}],"curies":[{"name":"wp","href":"https:\/\/api.w.org\/{rel}","templated":true}]}}