{"id":1257,"date":"2022-07-04T22:50:39","date_gmt":"2022-07-04T22:50:39","guid":{"rendered":"https:\/\/cecauf.es\/website\/?post_type=product&#038;p=1257"},"modified":"2024-10-09T01:46:26","modified_gmt":"2024-10-09T01:46:26","slug":"curso-universitario-excel-2016-avanzado-graficos-funciones-tablas-y-macros","status":"publish","type":"product","link":"https:\/\/cecauf.es\/website\/producto\/curso-universitario-excel-2016-avanzado-graficos-funciones-tablas-y-macros\/","title":{"rendered":"Curso: Excel 2016 Avanzado: Gr\u00e1ficos, Funciones, Tablas y Macros"},"content":{"rendered":"<h4><strong>RESOLUCION RECTORAL N\u00b0 425\/21<\/strong><\/h4>\n<h4><span style=\"color: #ff6600;\"><strong>INICIO INMEDIATO\u00a0<\/strong><\/span><\/h4>\n<h4><strong>Descripci\u00f3n<\/strong><\/h4>\n<p>En este curso profesional el alumno aprender\u00e1 a manejar Excel en su versi\u00f3n avanzada, abarcando los tipos de gr\u00e1ficos, sus novedades y formas, las funciones avanzadas de b\u00fasqueda, texto, estad\u00edsticas, etc., la diferencia entre tablas y listas, as\u00ed como las herramientas de an\u00e1lisis y macros.<\/p>\n<p><strong>\u00a0<\/strong>El estudiante desarrollar\u00e1 las siguientes competencias:<\/p>\n<ol>\n<li>Saber diferenciar los tipos de gr\u00e1ficos que existen en Excel 2016 para saber qu\u00e9 gr\u00e1fico utilizar en los diferentes supuestos.<\/li>\n<li>Conocer las principales novedades de gr\u00e1ficos en Excel 2016 mediante un supuesto pr\u00e1ctico para poder aplicar todos los gr\u00e1ficos en cada momento.<\/li>\n<li>Aprender las opciones de formato y presentaci\u00f3n m\u00e1s importantes para realizar gr\u00e1ficos de gran impacto visual.<\/li>\n<li>Saber utilizar minigr\u00e1ficos en celdas y conocer su utilizaci\u00f3n para tener alternativas a gr\u00e1ficos habituales.<\/li>\n<li>Conocer las funciones de b\u00fasqueda m\u00e1s usadas para aplicarlas en supuesto de b\u00fasqueda de valores.<\/li>\n<li>Conocer las funciones de texto m\u00e1s usadas para aplicarlas en supuestos con celdas de texto.<\/li>\n<li>Conocer las funciones l\u00f3gicas m\u00e1s usadas para aplicarlas en supuestos de elecci\u00f3n de valores.<\/li>\n<li>Conocer las funciones estad\u00edsticas m\u00e1s usadas para aplicarlas en supuestos de estad\u00edstica.<\/li>\n<li>Conocer las funciones de fecha m\u00e1s usadas para aplicarlas en supuestos.<\/li>\n<li>Aprender las herramientas de auditor\u00eda para solventar errores comunes en c\u00e1lculos con funciones que utilice cronolog\u00eda de datos.<\/li>\n<li>Saber diferenciar las caracter\u00edsticas entre tablas y listas en Excel para saber utilizar cada una de ellas en los diferentes supuestos.<\/li>\n<li>Saber crear tablas en Excel y conocer sus caracter\u00edsticas m\u00e1s importantes para su manejo para sacar provecho a la manipulaci\u00f3n de grandes cantidades de datos.<\/li>\n<li>Saber utilizar tablas de datos para crear tablas din\u00e1micas m\u00e1s eficaces.<\/li>\n<li>Saber crear mis primeras macros utilizando el grabador para comprender el funcionamiento de automatizar tareas.<\/li>\n<li>Conocer las formas de referenciar celdas en la grabaci\u00f3n de macros para realizar tareas automatizadas con rangos fijos o variables.<\/li>\n<li>Saber realizar un ejemplo pr\u00e1ctico mediante un conjunto de macros para comprender el funcionamiento general de macros.<\/li>\n<li>Conocer las principales sentencias de programaci\u00f3n y su clasificaci\u00f3n para poder aplicarlas en supuestos pr\u00e1cticos.<\/li>\n<li>Aprender a utilizar las herramientas en el entorno de programaci\u00f3n VBA para poder programar de forma r\u00e1pida y \u00e1gil.<\/li>\n<li>Saber realizar un ejemplo pr\u00e1ctico mediante programaci\u00f3n en VBA para conocer los aspectos avanzados de la programaci\u00f3n.<\/li>\n<\/ol>\n<h4><strong>Duraci\u00f3n<\/strong><\/h4>\n<p>60 horas reloj.<strong><br \/>\n<\/strong><\/p>\n<h4><strong>Certificaci\u00f3n que se expide<\/strong><\/h4>\n<p>Curso Universitario: Excel 2016 Avanzado. Gr\u00e1ficos, Funciones, Tablas y Macros<\/p>\n<h4><strong>Destinatarios<\/strong><\/h4>\n<p>Profesionales de cualquier sector que quieran conocer de forma completa la herramienta de hojas de c\u00e1lculo Excel a un nivel avanzado.<\/p>\n<h4><strong>Requisitos<\/strong><\/h4>\n<p>No posee requisitos de ingreso.<\/p>\n<h4><strong>Metodolog\u00eda y modalidad de ense\u00f1anza<\/strong><\/h4>\n<p>El curso se desarrolla totalmente en modalidad a distancia, a trav\u00e9s de una plataforma virtual de ense\u00f1anza-aprendizaje, disponible las 24 horas de todos los d\u00edas de la semana.\u00a0 El curso permanecer\u00e1 abierto durante 3 meses a partir de la inscripci\u00f3n.<\/p>\n<p>Las propuestas de aprendizaje permiten que cada estudiante las realice de acuerdo a sus tiempos, de manera asincr\u00f3nica. Las mismas se desarrollan a trav\u00e9s de diversos tipos de actividades, recursos y herramientas digitales tales como videos interactivos, actividades de aprendizaje y de autoevaluaci\u00f3n y material descargable de apoyo, enlaces a art\u00edculos, v\u00eddeos de dominio p\u00fablico y bibliograf\u00eda.<\/p>\n<p>Los cursos se organizan por m\u00f3dulos. Al finalizar cada uno, el alumno deber\u00e1 realizar una autoevaluaci\u00f3n que una vez aprobada, le permitir\u00e1 avanzar al m\u00f3dulo siguiente recorriendo una trayectoria de profundizaci\u00f3n del contenido y logro de las competencias espec\u00edficas. Cumplimentadas estas instancias, se finaliza el curso con una evaluaci\u00f3n integradora de los contenidos desarrollados.<\/p>\n","protected":false},"excerpt":{"rendered":"<h4>\u2022 100% ONLINE<\/h4>\n<h4>\u2022 PLATAFORMA DISPONIBLE LAS 24 HS.<\/h4>\n<h4>\u2022 CERTIFICACION UNIVERSITARIA<\/h4>\n","protected":false},"featured_media":29043,"template":"","meta":{"site-sidebar-layout":"default","site-content-layout":"default","ast-site-content-layout":"default","site-content-style":"default","site-sidebar-style":"default","ast-global-header-display":"","ast-banner-title-visibility":"","ast-main-header-display":"","ast-hfb-above-header-display":"","ast-hfb-below-header-display":"","ast-hfb-mobile-header-display":"","site-post-title":"","ast-breadcrumbs-content":"","ast-featured-img":"","footer-sml-layout":"","theme-transparent-header-meta":"default","adv-header-id-meta":"","stick-header-meta":"","header-above-stick-meta":"","header-main-stick-meta":"","header-below-stick-meta":"","astra-migrate-meta-layouts":"set","ast-page-background-enabled":"default","ast-page-background-meta":{"desktop":{"background-color":"var(--ast-global-color-4)","background-image":"","background-repeat":"repeat","background-position":"center center","background-size":"auto","background-attachment":"scroll","background-type":"","background-media":"","overlay-type":"","overlay-color":"","overlay-gradient":""},"tablet":{"background-color":"","background-image":"","background-repeat":"repeat","background-position":"center center","background-size":"auto","background-attachment":"scroll","background-type":"","background-media":"","overlay-type":"","overlay-color":"","overlay-gradient":""},"mobile":{"background-color":"","background-image":"","background-repeat":"repeat","background-position":"center center","background-size":"auto","background-attachment":"scroll","background-type":"","background-media":"","overlay-type":"","overlay-color":"","overlay-gradient":""}},"ast-content-background-meta":{"desktop":{"background-color":"var(--ast-global-color-5)","background-image":"","background-repeat":"repeat","background-position":"center center","background-size":"auto","background-attachment":"scroll","background-type":"","background-media":"","overlay-type":"","overlay-color":"","overlay-gradient":""},"tablet":{"background-color":"var(--ast-global-color-5)","background-image":"","background-repeat":"repeat","background-position":"center center","background-size":"auto","background-attachment":"scroll","background-type":"","background-media":"","overlay-type":"","overlay-color":"","overlay-gradient":""},"mobile":{"background-color":"var(--ast-global-color-5)","background-image":"","background-repeat":"repeat","background-position":"center center","background-size":"auto","background-attachment":"scroll","background-type":"","background-media":"","overlay-type":"","overlay-color":"","overlay-gradient":""}},"_joinchat":[]},"product_cat":[28],"product_tag":[],"class_list":{"0":"post-1257","1":"product","2":"type-product","3":"status-publish","4":"has-post-thumbnail","6":"product_cat-ofimatica-y-tecnologia","7":"desktop-align-left","8":"tablet-align-left","9":"mobile-align-left","11":"first","12":"instock","13":"shipping-taxable","14":"product-type-external"},"_links":{"self":[{"href":"https:\/\/cecauf.es\/website\/wp-json\/wp\/v2\/product\/1257","targetHints":{"allow":["GET"]}}],"collection":[{"href":"https:\/\/cecauf.es\/website\/wp-json\/wp\/v2\/product"}],"about":[{"href":"https:\/\/cecauf.es\/website\/wp-json\/wp\/v2\/types\/product"}],"version-history":[{"count":3,"href":"https:\/\/cecauf.es\/website\/wp-json\/wp\/v2\/product\/1257\/revisions"}],"predecessor-version":[{"id":2413,"href":"https:\/\/cecauf.es\/website\/wp-json\/wp\/v2\/product\/1257\/revisions\/2413"}],"wp:featuredmedia":[{"embeddable":true,"href":"https:\/\/cecauf.es\/website\/wp-json\/wp\/v2\/media\/29043"}],"wp:attachment":[{"href":"https:\/\/cecauf.es\/website\/wp-json\/wp\/v2\/media?parent=1257"}],"wp:term":[{"taxonomy":"product_cat","embeddable":true,"href":"https:\/\/cecauf.es\/website\/wp-json\/wp\/v2\/product_cat?post=1257"},{"taxonomy":"product_tag","embeddable":true,"href":"https:\/\/cecauf.es\/website\/wp-json\/wp\/v2\/product_tag?post=1257"}],"curies":[{"name":"wp","href":"https:\/\/api.w.org\/{rel}","templated":true}]}}