{"id":1003,"date":"2022-07-04T14:31:43","date_gmt":"2022-07-04T14:31:43","guid":{"rendered":"https:\/\/cecauf.es\/website\/?post_type=product&#038;p=1003"},"modified":"2024-01-17T02:01:19","modified_gmt":"2024-01-17T02:01:19","slug":"curso-universitario-gestion-de-proyectos-bajo-la-metodologia-pmi-project-management-institute__trashed","status":"publish","type":"product","link":"https:\/\/cecauf.es\/website\/producto\/curso-universitario-gestion-de-proyectos-bajo-la-metodologia-pmi-project-management-institute__trashed\/","title":{"rendered":"Curso Universitario: Gesti\u00f3n de Proyectos bajo la Metodolog\u00eda PMI"},"content":{"rendered":"<h4><strong><span style=\"color: #3366ff;\"><a style=\"color: #3366ff;\" href=\"https:\/\/drive.google.com\/file\/d\/17-0-8VPm5ltQQ59pTuyp_3EIPX0xz7fs\/view?usp=sharing\">RESOLUCION RECTORAL N\u00b0 404\/21<\/a><\/span><\/strong><\/h4>\n<h4><span style=\"color: #ff6600;\"><strong>INICIO INMEDIATO\u00a0<\/strong><\/span><\/h4>\n<h4><strong>Descripci\u00f3n<\/strong><\/h4>\n<p>Este Curso te brindar\u00e1 herramientas para planificar, ejecutar y dar seguimiento a proyectos de todo tipo utilizando la metodolog\u00eda PMI (Project Management Institute)<\/p>\n<p><em>\u00a0<\/em>La metodolog\u00eda PMI propone pr\u00e1cticas y lineamientos espec\u00edficos,\u00a0 para que los proyectos logren tres objetivos que aseguren su \u00e9xito: planificar el <strong>alcance<\/strong> definido, en el <strong>tiempo<\/strong> proyectado, seg\u00fan el <strong>presupuesto <\/strong>planificado. Para lograr cumplir con estos tres prop\u00f3sitos, la metodolog\u00eda se basa en la gesti\u00f3n de las siguientes \u00e1reas de conocimiento, a lo largo del ciclo de vida de un proyecto:<\/p>\n<ul>\n<li>Gesti\u00f3n de la integraci\u00f3n del proyecto.<\/li>\n<li>Gesti\u00f3n del alcance.<\/li>\n<li>Gesti\u00f3n del tiempo.<\/li>\n<li>Gesti\u00f3n del coste.<\/li>\n<li>Gesti\u00f3n de la calidad.<\/li>\n<li>Gesti\u00f3n de los recursos humanos.<\/li>\n<li>Gesti\u00f3n de las comunicaciones.<\/li>\n<li>Gesti\u00f3n de los riesgos.<\/li>\n<li>Gesti\u00f3n de las adquisiciones.<\/li>\n<li>Gesti\u00f3n de los interesados del proyecto<\/li>\n<\/ul>\n<p>Las empresas y organizaciones est\u00e1n constantemente creando, planificando y desarrollando proyectos, en especial en la coyuntura de constantes cambios de los distintos mercados y de la sociedad en general. Sin embargo, un gran porcentaje de proyectos fracasan, no se cumplen los objetivos, no se cumplen los tiempos pactados ni el presupuesto proyectado. Este fracaso implica un gran costo para las organizaciones, no solo econ\u00f3mico sino tambi\u00e9n en el desgaste de los equipos. La metodolog\u00eda del PMI mejora significativamente la gesti\u00f3n de proyectos y ayuda al l\u00edder o responsable de proyectos a manejar procesos estandarizados, establecer directrices claras de gesti\u00f3n y socializar la informaci\u00f3n de forma adecuada, garantizando una mayor confiabilidad y calidad en la gesti\u00f3n de proyectos.<\/p>\n<h4><strong>Objetivos: <\/strong><\/h4>\n<ul>\n<li>Conocer los elementos que son parte de la gesti\u00f3n de proyectos, definiciones, actores principales y funciones.<\/li>\n<li>Comprender los principales procedimientos de la gesti\u00f3n de proyectos del PMI (Project Management Institute).<\/li>\n<li>Aprender herramientas que permitan planificar, ejecutar, y dar seguimiento a proyectos de todo tipo.<\/li>\n<li>Adquirir las habilidades y capacidades para ser un buen l\u00edder de proyectos.<\/li>\n<\/ul>\n<h4><strong>Duraci\u00f3n<\/strong><\/h4>\n<p>72 horas reloj.<strong><br \/>\n<\/strong><\/p>\n<h4><strong>Certificaci\u00f3n que se expide<\/strong><\/h4>\n<p>Curso Universitario: Gesti\u00f3n de Proyectos bajo la Metodolog\u00eda PMI<\/p>\n<h4><strong>Destinatarios<\/strong><\/h4>\n<p>Directores, gerentes, l\u00edderes, responsables de proyectos, ejecutivos, profesionales o p\u00fablico en general que desee incorporar conocimientos te\u00f3ricos y habilidades pr\u00e1cticas de gerenciamiento de proyectos.<\/p>\n<h4><strong>Requisitos<\/strong><\/h4>\n<p>No posee requisitos de ingreso. Sin embargo se sugiere disponer de conocimientos b\u00e1sicos en el uso de Microsoft Word&#x2122; 2010 o superior, Microsoft Excel&#x2122; 2010 o superior y Acrobat PDF Reader, o Documentos de Google y Hojas de C\u00e1lculo de Google.<\/p>\n<h4><strong>Metodolog\u00eda y modalidad de ense\u00f1anza<\/strong><\/h4>\n<p>El Curso\u00a0 es totalmente a distancia, el\u00a0 alumno\u00a0 se inscribe\u00a0 y recibe un\u00a0 usuario y contrase\u00f1a que le permite\u00a0 acceder a la plataforma virtual donde se desarrollan todos los contenidos.<\/p>\n<p>El\u00a0 mismo est\u00e1 dividido\u00a0 en ocho m\u00f3dulos, cada uno\u00a0 cuenta con material de lectura te\u00f3rico para descargar,\u00a0 videos con desarrollo de los temas por parte del docente y material de apoyo como enlaces a art\u00edculos, v\u00eddeos de dominio p\u00fablico y bibliograf\u00eda\u00a0 que permiten al alumno aprender a su ritmo, manejando sus tiempos.<\/p>\n<p>El alumno deber\u00e1 completar trabajos pr\u00e1cticos intermedios en base a un proyecto elegido para implementar las herramientas de gesti\u00f3n de proyectos a lo largo del curso.<\/p>\n<p>El docente ir\u00e1 evaluando a los alumnos a trav\u00e9s de \u00e9stas actividades, y los acompa\u00f1ar\u00e1 atendiendo\u00a0 las consultas particulares a trav\u00e9s de mensajer\u00eda interna y foros de consultas.<\/p>\n<p>Una vez que el alumno aprueba el Curso, podr\u00e1 descargar su certificado digital desde la plataforma educativa.<\/p>\n","protected":false},"excerpt":{"rendered":"<ul>\n<li>\n<h4>Aprend\u00e9 las claves para la gesti\u00f3n de los interesados y equipos de proyectos<\/h4>\n<\/li>\n<li>\n<h4>Manejo integral del alcance, tiempo y presupuesto de un proyecto<\/h4>\n<\/li>\n<li>\n<h4>Control y seguimiento de los proyectos<\/h4>\n<\/li>\n<\/ul>\n","protected":false},"featured_media":1010,"template":"","meta":{"site-sidebar-layout":"default","site-content-layout":"default","ast-site-content-layout":"","site-content-style":"default","site-sidebar-style":"default","ast-global-header-display":"","ast-banner-title-visibility":"","ast-main-header-display":"","ast-hfb-above-header-display":"","ast-hfb-below-header-display":"","ast-hfb-mobile-header-display":"","site-post-title":"","ast-breadcrumbs-content":"","ast-featured-img":"","footer-sml-layout":"","theme-transparent-header-meta":"default","adv-header-id-meta":"","stick-header-meta":"","header-above-stick-meta":"","header-main-stick-meta":"","header-below-stick-meta":"","astra-migrate-meta-layouts":"default","ast-page-background-enabled":"default","ast-page-background-meta":{"desktop":{"background-color":"var(--ast-global-color-4)","background-image":"","background-repeat":"repeat","background-position":"center center","background-size":"auto","background-attachment":"scroll","background-type":"","background-media":"","overlay-type":"","overlay-color":"","overlay-gradient":""},"tablet":{"background-color":"","background-image":"","background-repeat":"repeat","background-position":"center center","background-size":"auto","background-attachment":"scroll","background-type":"","background-media":"","overlay-type":"","overlay-color":"","overlay-gradient":""},"mobile":{"background-color":"","background-image":"","background-repeat":"repeat","background-position":"center center","background-size":"auto","background-attachment":"scroll","background-type":"","background-media":"","overlay-type":"","overlay-color":"","overlay-gradient":""}},"ast-content-background-meta":{"desktop":{"background-color":"var(--ast-global-color-5)","background-image":"","background-repeat":"repeat","background-position":"center center","background-size":"auto","background-attachment":"scroll","background-type":"","background-media":"","overlay-type":"","overlay-color":"","overlay-gradient":""},"tablet":{"background-color":"var(--ast-global-color-5)","background-image":"","background-repeat":"repeat","background-position":"center center","background-size":"auto","background-attachment":"scroll","background-type":"","background-media":"","overlay-type":"","overlay-color":"","overlay-gradient":""},"mobile":{"background-color":"var(--ast-global-color-5)","background-image":"","background-repeat":"repeat","background-position":"center center","background-size":"auto","background-attachment":"scroll","background-type":"","background-media":"","overlay-type":"","overlay-color":"","overlay-gradient":""}},"_joinchat":[]},"product_cat":[30,32],"product_tag":[],"class_list":{"0":"post-1003","1":"product","2":"type-product","3":"status-publish","4":"has-post-thumbnail","6":"product_cat-gestion","7":"product_cat-liderazgo","8":"desktop-align-left","9":"tablet-align-left","10":"mobile-align-left","12":"first","13":"instock","14":"shipping-taxable","15":"product-type-external"},"_links":{"self":[{"href":"https:\/\/cecauf.es\/website\/wp-json\/wp\/v2\/product\/1003","targetHints":{"allow":["GET"]}}],"collection":[{"href":"https:\/\/cecauf.es\/website\/wp-json\/wp\/v2\/product"}],"about":[{"href":"https:\/\/cecauf.es\/website\/wp-json\/wp\/v2\/types\/product"}],"version-history":[{"count":2,"href":"https:\/\/cecauf.es\/website\/wp-json\/wp\/v2\/product\/1003\/revisions"}],"predecessor-version":[{"id":2539,"href":"https:\/\/cecauf.es\/website\/wp-json\/wp\/v2\/product\/1003\/revisions\/2539"}],"wp:featuredmedia":[{"embeddable":true,"href":"https:\/\/cecauf.es\/website\/wp-json\/wp\/v2\/media\/1010"}],"wp:attachment":[{"href":"https:\/\/cecauf.es\/website\/wp-json\/wp\/v2\/media?parent=1003"}],"wp:term":[{"taxonomy":"product_cat","embeddable":true,"href":"https:\/\/cecauf.es\/website\/wp-json\/wp\/v2\/product_cat?post=1003"},{"taxonomy":"product_tag","embeddable":true,"href":"https:\/\/cecauf.es\/website\/wp-json\/wp\/v2\/product_tag?post=1003"}],"curies":[{"name":"wp","href":"https:\/\/api.w.org\/{rel}","templated":true}]}}