{"id":243,"date":"2022-06-28T11:15:29","date_gmt":"2022-06-28T11:15:29","guid":{"rendered":"https:\/\/cecauf.es\/website\/?page_id=243"},"modified":"2024-02-08T05:01:04","modified_gmt":"2024-02-08T05:01:04","slug":"turismo-y-hospitalidad","status":"publish","type":"page","link":"https:\/\/cecauf.es\/website\/turismo-y-hospitalidad\/","title":{"rendered":"Turismo y Hospitalidad"},"content":{"rendered":"\t\t<div data-elementor-type=\"wp-page\" data-elementor-id=\"243\" class=\"elementor elementor-243\">\n\t\t\t\t\t\t<section class=\"elementor-section elementor-top-section elementor-element elementor-element-1620fec elementor-section-boxed elementor-section-height-default elementor-section-height-default\" data-id=\"1620fec\" data-element_type=\"section\" data-settings=\"{&quot;background_background&quot;:&quot;classic&quot;}\">\n\t\t\t\t\t\t<div class=\"elementor-container elementor-column-gap-default\">\n\t\t\t\t\t<div class=\"elementor-column elementor-col-100 elementor-top-column elementor-element elementor-element-761b8b3\" data-id=\"761b8b3\" data-element_type=\"column\">\n\t\t\t<div class=\"elementor-widget-wrap elementor-element-populated\">\n\t\t\t\t\t\t<div class=\"elementor-element elementor-element-8eb0ddd elementor-widget elementor-widget-heading\" data-id=\"8eb0ddd\" data-element_type=\"widget\" data-widget_type=\"heading.default\">\n\t\t\t\t<div class=\"elementor-widget-container\">\n\t\t\t\t\t<h2 class=\"elementor-heading-title elementor-size-default\">TURISMO Y HOSPITALIDAD<\/h2>\t\t\t\t<\/div>\n\t\t\t\t<\/div>\n\t\t\t\t<div class=\"elementor-element elementor-element-a235332 uael-woo--align-center uael-sale-flash-circle uael-featured-flash-circle elementor-widget elementor-widget-uael-woo-products\" data-id=\"a235332\" data-element_type=\"widget\" data-settings=\"{&quot;products_columns_tablet&quot;:&quot;2&quot;,&quot;products_columns_mobile&quot;:&quot;2&quot;,&quot;products_columns&quot;:&quot;4&quot;}\" data-widget_type=\"uael-woo-products.grid-default\">\n\t\t\t\t<div class=\"elementor-widget-container\">\n\t\t\t\t\t<div class=\"uael-woocommerce uael-woo-products-grid uael-woo-skin-grid-default uael-woo-query-custom\" data-page=\"243\" data-skin=\"grid_default\"><div class=\" columns-4 uael-woo-products-inner uael-woo-product__column-4 uael-woo-product__column-tablet-2 uael-woo-product__column-mobile-2 uael-woo-product__hover-zoom\"><ul class=\"products columns-4\">\n\n<li class=\" gesti\u00f3n marketing y ventas turismo y hospitalidad post-632 product first instock shipping-taxable product-type-external\">\n\t<div class=\"uael-woo-product-wrapper\">\n\t\t<div class=\"uael-woo-products-thumbnail-wrap\"><div class=\"uael-flash-container \"><\/div><a href=\"https:\/\/cecauf.es\/website\/producto\/curso-universitario-marketing-turistico-gestion-de-destinos__trashed\/\" class=\"woocommerce-LoopProduct-link woocommerce-loop-product__link\"><img fetchpriority=\"high\" decoding=\"async\" width=\"300\" height=\"300\" src=\"https:\/\/cecauf.es\/website\/wp-content\/uploads\/2022\/07\/gal-_0003_holding-world-my-hands-attractive-female-travel-agent-showing-globe-smiling-while-working-her-modern-office-300x300.jpg\" class=\"attachment-woocommerce_thumbnail size-woocommerce_thumbnail\" alt=\"\" srcset=\"https:\/\/cecauf.es\/website\/wp-content\/uploads\/2022\/07\/gal-_0003_holding-world-my-hands-attractive-female-travel-agent-showing-globe-smiling-while-working-her-modern-office-300x300.jpg 300w, https:\/\/cecauf.es\/website\/wp-content\/uploads\/2022\/07\/gal-_0003_holding-world-my-hands-attractive-female-travel-agent-showing-globe-smiling-while-working-her-modern-office-150x150.jpg 150w, https:\/\/cecauf.es\/website\/wp-content\/uploads\/2022\/07\/gal-_0003_holding-world-my-hands-attractive-female-travel-agent-showing-globe-smiling-while-working-her-modern-office-100x100.jpg 100w\" sizes=\"(max-width: 300px) 100vw, 300px\" \/><\/a><\/div><div class=\"uael-woo-products-summary-wrap\"><a href=\"https:\/\/cecauf.es\/website\/producto\/curso-universitario-marketing-turistico-gestion-de-destinos__trashed\/\" class=\"uael-loop-product__link\"><h2 class=\"woocommerce-loop-product__title\">Curso: Marketing Tur\u00edstico &#038; Gesti\u00f3n de Destinos<\/h2><\/a>\n\t<span class=\"price\"><span class=\"woocommerce-Price-amount amount\"><bdi><span class=\"woocommerce-Price-currencySymbol\">&euro;<\/span>&nbsp;210<\/bdi><\/span><\/span>\n<\/div>\t<\/div>\n<\/li>\n<\/ul>\n<\/div><\/div>\t\t\t\t<\/div>\n\t\t\t\t<\/div>\n\t\t\t\t\t<\/div>\n\t\t<\/div>\n\t\t\t\t\t<\/div>\n\t\t<\/section>\n\t\t\t\t<\/div>\n\t\t","protected":false},"excerpt":{"rendered":"<p>TURISMO Y HOSPITALIDAD Curso b\u00e1sico de Home Staging y fotograf\u00eda inmobiliaria &euro;&nbsp;53 Curso: Marketing Tur\u00edstico &#038; Gesti\u00f3n de Destinos &euro;&nbsp;210<\/p>\n","protected":false},"author":4,"featured_media":0,"parent":0,"menu_order":0,"comment_status":"closed","ping_status":"closed","template":"","meta":{"site-sidebar-layout":"no-sidebar","site-content-layout":"page-builder","ast-site-content-layout":"","site-content-style":"default","site-sidebar-style":"default","ast-global-header-display":"","ast-banner-title-visibility":"","ast-main-header-display":"","ast-hfb-above-header-display":"","ast-hfb-below-header-display":"","ast-hfb-mobile-header-display":"","site-post-title":"disabled","ast-breadcrumbs-content":"","ast-featured-img":"disabled","footer-sml-layout":"","theme-transparent-header-meta":"","adv-header-id-meta":"","stick-header-meta":"","header-above-stick-meta":"","header-main-stick-meta":"","header-below-stick-meta":"","astra-migrate-meta-layouts":"default","ast-page-background-enabled":"default","ast-page-background-meta":{"desktop":{"background-color":"var(--ast-global-color-4)","background-image":"","background-repeat":"repeat","background-position":"center center","background-size":"auto","background-attachment":"scroll","background-type":"","background-media":"","overlay-type":"","overlay-color":"","overlay-gradient":""},"tablet":{"background-color":"","background-image":"","background-repeat":"repeat","background-position":"center center","background-size":"auto","background-attachment":"scroll","background-type":"","background-media":"","overlay-type":"","overlay-color":"","overlay-gradient":""},"mobile":{"background-color":"","background-image":"","background-repeat":"repeat","background-position":"center center","background-size":"auto","background-attachment":"scroll","background-type":"","background-media":"","overlay-type":"","overlay-color":"","overlay-gradient":""}},"ast-content-background-meta":{"desktop":{"background-color":"var(--ast-global-color-5)","background-image":"","background-repeat":"repeat","background-position":"center center","background-size":"auto","background-attachment":"scroll","background-type":"","background-media":"","overlay-type":"","overlay-color":"","overlay-gradient":""},"tablet":{"background-color":"var(--ast-global-color-5)","background-image":"","background-repeat":"repeat","background-position":"center center","background-size":"auto","background-attachment":"scroll","background-type":"","background-media":"","overlay-type":"","overlay-color":"","overlay-gradient":""},"mobile":{"background-color":"var(--ast-global-color-5)","background-image":"","background-repeat":"repeat","background-position":"center center","background-size":"auto","background-attachment":"scroll","background-type":"","background-media":"","overlay-type":"","overlay-color":"","overlay-gradient":""}},"_joinchat":[],"footnotes":""},"class_list":["post-243","page","type-page","status-publish","hentry","desktop-align-left","tablet-align-left","mobile-align-left"],"_links":{"self":[{"href":"https:\/\/cecauf.es\/website\/wp-json\/wp\/v2\/pages\/243","targetHints":{"allow":["GET"]}}],"collection":[{"href":"https:\/\/cecauf.es\/website\/wp-json\/wp\/v2\/pages"}],"about":[{"href":"https:\/\/cecauf.es\/website\/wp-json\/wp\/v2\/types\/page"}],"author":[{"embeddable":true,"href":"https:\/\/cecauf.es\/website\/wp-json\/wp\/v2\/users\/4"}],"replies":[{"embeddable":true,"href":"https:\/\/cecauf.es\/website\/wp-json\/wp\/v2\/comments?post=243"}],"version-history":[{"count":13,"href":"https:\/\/cecauf.es\/website\/wp-json\/wp\/v2\/pages\/243\/revisions"}],"predecessor-version":[{"id":28687,"href":"https:\/\/cecauf.es\/website\/wp-json\/wp\/v2\/pages\/243\/revisions\/28687"}],"wp:attachment":[{"href":"https:\/\/cecauf.es\/website\/wp-json\/wp\/v2\/media?parent=243"}],"curies":[{"name":"wp","href":"https:\/\/api.w.org\/{rel}","templated":true}]}}