{"id":103,"date":"2022-06-28T00:52:52","date_gmt":"2022-06-28T00:52:52","guid":{"rendered":"https:\/\/cecauf.es\/website\/?page_id=103"},"modified":"2024-01-27T03:10:53","modified_gmt":"2024-01-27T03:10:53","slug":"sobre-cecauf","status":"publish","type":"page","link":"https:\/\/cecauf.es\/website\/sobre-cecauf\/","title":{"rendered":"Institucional"},"content":{"rendered":"\t\t<div data-elementor-type=\"wp-page\" data-elementor-id=\"103\" class=\"elementor elementor-103\">\n\t\t\t\t\t\t<section class=\"elementor-section elementor-top-section elementor-element elementor-element-4834b36 elementor-section-boxed elementor-section-height-default elementor-section-height-default\" data-id=\"4834b36\" data-element_type=\"section\" data-settings=\"{&quot;background_background&quot;:&quot;classic&quot;}\">\n\t\t\t\t\t\t<div class=\"elementor-container elementor-column-gap-default\">\n\t\t\t\t\t<div class=\"elementor-column elementor-col-100 elementor-top-column elementor-element elementor-element-7041977\" data-id=\"7041977\" data-element_type=\"column\">\n\t\t\t<div class=\"elementor-widget-wrap elementor-element-populated\">\n\t\t\t\t\t\t<div class=\"elementor-element elementor-element-38eede0 elementor-widget elementor-widget-heading\" data-id=\"38eede0\" data-element_type=\"widget\" data-widget_type=\"heading.default\">\n\t\t\t\t<div class=\"elementor-widget-container\">\n\t\t\t\t\t<h2 class=\"elementor-heading-title elementor-size-default\">Institucional<\/h2>\t\t\t\t<\/div>\n\t\t\t\t<\/div>\n\t\t\t\t<div class=\"elementor-element elementor-element-77a54cc elementor-widget elementor-widget-text-editor\" data-id=\"77a54cc\" data-element_type=\"widget\" data-widget_type=\"text-editor.default\">\n\t\t\t\t<div class=\"elementor-widget-container\">\n\t\t\t\t\t\t\t\t\t<p>La oferta de <b>www.cecauf.es<\/b> surge de la colaboraci\u00f3n entre el Centro Educativo Fasta Madre Sacramento (Espa\u00f1a) y el Centro de Capacitaci\u00f3n de la Universidad FASTA (Argentina) que se complementan para ofrecer cursos y programas superiores de excelencia con modalidad Online para toda Espa\u00f1a.<\/p>\t\t\t\t\t\t\t\t<\/div>\n\t\t\t\t<\/div>\n\t\t\t\t<section class=\"elementor-section elementor-inner-section elementor-element elementor-element-efb1c17 elementor-section-boxed elementor-section-height-default elementor-section-height-default\" data-id=\"efb1c17\" data-element_type=\"section\">\n\t\t\t\t\t\t<div class=\"elementor-container elementor-column-gap-default\">\n\t\t\t\t\t<div class=\"elementor-column elementor-col-50 elementor-inner-column elementor-element elementor-element-0fddefe\" data-id=\"0fddefe\" data-element_type=\"column\">\n\t\t\t<div class=\"elementor-widget-wrap elementor-element-populated\">\n\t\t\t\t\t\t<div class=\"elementor-element elementor-element-8398d91 elementor-widget elementor-widget-image\" data-id=\"8398d91\" data-element_type=\"widget\" data-widget_type=\"image.default\">\n\t\t\t\t<div class=\"elementor-widget-container\">\n\t\t\t\t\t\t\t\t\t\t\t\t\t\t\t<img fetchpriority=\"high\" decoding=\"async\" width=\"1000\" height=\"573\" src=\"https:\/\/cecauf.es\/website\/wp-content\/uploads\/2022\/12\/madre_sacramento.jpg\" class=\"attachment-large size-large wp-image-2560\" alt=\"\" srcset=\"https:\/\/cecauf.es\/website\/wp-content\/uploads\/2022\/12\/madre_sacramento.jpg 1000w, https:\/\/cecauf.es\/website\/wp-content\/uploads\/2022\/12\/madre_sacramento-300x172.jpg 300w, https:\/\/cecauf.es\/website\/wp-content\/uploads\/2022\/12\/madre_sacramento-768x440.jpg 768w, https:\/\/cecauf.es\/website\/wp-content\/uploads\/2022\/12\/madre_sacramento-600x344.jpg 600w\" sizes=\"(max-width: 1000px) 100vw, 1000px\" \/>\t\t\t\t\t\t\t\t\t\t\t\t\t\t\t<\/div>\n\t\t\t\t<\/div>\n\t\t\t\t\t<\/div>\n\t\t<\/div>\n\t\t\t\t<div class=\"elementor-column elementor-col-50 elementor-inner-column elementor-element elementor-element-05a0bea\" data-id=\"05a0bea\" data-element_type=\"column\">\n\t\t\t<div class=\"elementor-widget-wrap elementor-element-populated\">\n\t\t\t\t\t\t<div class=\"elementor-element elementor-element-96ac83a elementor-widget elementor-widget-heading\" data-id=\"96ac83a\" data-element_type=\"widget\" data-widget_type=\"heading.default\">\n\t\t\t\t<div class=\"elementor-widget-container\">\n\t\t\t\t\t<h2 class=\"elementor-heading-title elementor-size-default\">Centro Educativo Fasta Madre Sacramento\n\n<\/h2>\t\t\t\t<\/div>\n\t\t\t\t<\/div>\n\t\t\t\t<div class=\"elementor-element elementor-element-7f6f426 elementor-widget elementor-widget-text-editor\" data-id=\"7f6f426\" data-element_type=\"widget\" data-widget_type=\"text-editor.default\">\n\t\t\t\t<div class=\"elementor-widget-container\">\n\t\t\t\t\t\t\t\t\t<p>Desde 1970 se constituy\u00f3 como la primera escuela de formaci\u00f3n profesional de Comarca. Actualmente brinda servicios educativos en todos los niveles incluyendo ciclos formativos de grado superior.<br \/><a href=\"http:\/\/www.cefms.es\/\" target=\"_blank\" rel=\"noopener noreferrer\">www.cefms.es<\/a><\/p>\t\t\t\t\t\t\t\t<\/div>\n\t\t\t\t<\/div>\n\t\t\t\t\t<\/div>\n\t\t<\/div>\n\t\t\t\t\t<\/div>\n\t\t<\/section>\n\t\t\t\t<section class=\"elementor-section elementor-inner-section elementor-element elementor-element-ef22f29 elementor-section-boxed elementor-section-height-default elementor-section-height-default\" data-id=\"ef22f29\" data-element_type=\"section\">\n\t\t\t\t\t\t<div class=\"elementor-container elementor-column-gap-default\">\n\t\t\t\t\t<div class=\"elementor-column elementor-col-50 elementor-inner-column elementor-element elementor-element-5ebe7e4\" data-id=\"5ebe7e4\" data-element_type=\"column\">\n\t\t\t<div class=\"elementor-widget-wrap elementor-element-populated\">\n\t\t\t\t\t\t<div class=\"elementor-element elementor-element-fa65bc9 elementor-widget elementor-widget-image\" data-id=\"fa65bc9\" data-element_type=\"widget\" data-widget_type=\"image.default\">\n\t\t\t\t<div class=\"elementor-widget-container\">\n\t\t\t\t\t\t\t\t\t\t\t\t\t\t\t<img decoding=\"async\" width=\"1000\" height=\"573\" src=\"https:\/\/cecauf.es\/website\/wp-content\/uploads\/2022\/12\/Institucional_fasta-1.jpg\" class=\"attachment-large size-large wp-image-2561\" alt=\"\" srcset=\"https:\/\/cecauf.es\/website\/wp-content\/uploads\/2022\/12\/Institucional_fasta-1.jpg 1000w, https:\/\/cecauf.es\/website\/wp-content\/uploads\/2022\/12\/Institucional_fasta-1-300x172.jpg 300w, https:\/\/cecauf.es\/website\/wp-content\/uploads\/2022\/12\/Institucional_fasta-1-768x440.jpg 768w, https:\/\/cecauf.es\/website\/wp-content\/uploads\/2022\/12\/Institucional_fasta-1-600x344.jpg 600w\" sizes=\"(max-width: 1000px) 100vw, 1000px\" \/>\t\t\t\t\t\t\t\t\t\t\t\t\t\t\t<\/div>\n\t\t\t\t<\/div>\n\t\t\t\t\t<\/div>\n\t\t<\/div>\n\t\t\t\t<div class=\"elementor-column elementor-col-50 elementor-inner-column elementor-element elementor-element-f46980a\" data-id=\"f46980a\" data-element_type=\"column\">\n\t\t\t<div class=\"elementor-widget-wrap elementor-element-populated\">\n\t\t\t\t\t\t<div class=\"elementor-element elementor-element-6cf1f0c elementor-widget elementor-widget-heading\" data-id=\"6cf1f0c\" data-element_type=\"widget\" data-widget_type=\"heading.default\">\n\t\t\t\t<div class=\"elementor-widget-container\">\n\t\t\t\t\t<h2 class=\"elementor-heading-title elementor-size-default\">Universidad Fasta<\/h2>\t\t\t\t<\/div>\n\t\t\t\t<\/div>\n\t\t\t\t<div class=\"elementor-element elementor-element-0f42952 elementor-widget elementor-widget-text-editor\" data-id=\"0f42952\" data-element_type=\"widget\" data-widget_type=\"text-editor.default\">\n\t\t\t\t<div class=\"elementor-widget-container\">\n\t\t\t\t\t\t\t\t\t<p>Se funda en Argentina. Con m\u00e1s de 30 a\u00f1os de trayectoria es l\u00edder en educaci\u00f3n a distancia y capacitaci\u00f3n online. Actualmente, m\u00e1s de 20.000 alumnos cursan a distancia en la Universidad diferentes propuestas de cursos, diplomaturas y carreras.<br><a href=\"http:\/\/www.ufasta.edu.ar\/\" target=\"_blank\" rel=\"noopener noreferrer\">www.ufasta.edu.ar<\/a><\/p>\t\t\t\t\t\t\t\t<\/div>\n\t\t\t\t<\/div>\n\t\t\t\t\t<\/div>\n\t\t<\/div>\n\t\t\t\t\t<\/div>\n\t\t<\/section>\n\t\t\t\t\t<\/div>\n\t\t<\/div>\n\t\t\t\t\t<\/div>\n\t\t<\/section>\n\t\t\t\t<\/div>\n\t\t","protected":false},"excerpt":{"rendered":"<p>Institucional La oferta de www.cecauf.es surge de la colaboraci\u00f3n entre el Centro Educativo Fasta Madre Sacramento (Espa\u00f1a) y el Centro de Capacitaci\u00f3n de la Universidad FASTA (Argentina) que se complementan para ofrecer cursos y programas superiores de excelencia con modalidad Online para toda Espa\u00f1a. Centro Educativo Fasta Madre Sacramento Desde 1970 se constituy\u00f3 como la [&hellip;]<\/p>\n","protected":false},"author":4,"featured_media":0,"parent":0,"menu_order":0,"comment_status":"closed","ping_status":"closed","template":"elementor_header_footer","meta":{"site-sidebar-layout":"no-sidebar","site-content-layout":"page-builder","ast-site-content-layout":"","site-content-style":"default","site-sidebar-style":"default","ast-global-header-display":"","ast-banner-title-visibility":"","ast-main-header-display":"","ast-hfb-above-header-display":"","ast-hfb-below-header-display":"","ast-hfb-mobile-header-display":"","site-post-title":"disabled","ast-breadcrumbs-content":"","ast-featured-img":"disabled","footer-sml-layout":"","theme-transparent-header-meta":"","adv-header-id-meta":"","stick-header-meta":"","header-above-stick-meta":"","header-main-stick-meta":"","header-below-stick-meta":"","astra-migrate-meta-layouts":"default","ast-page-background-enabled":"default","ast-page-background-meta":{"desktop":{"background-color":"var(--ast-global-color-4)","background-image":"","background-repeat":"repeat","background-position":"center center","background-size":"auto","background-attachment":"scroll","background-type":"","background-media":"","overlay-type":"","overlay-color":"","overlay-gradient":""},"tablet":{"background-color":"","background-image":"","background-repeat":"repeat","background-position":"center center","background-size":"auto","background-attachment":"scroll","background-type":"","background-media":"","overlay-type":"","overlay-color":"","overlay-gradient":""},"mobile":{"background-color":"","background-image":"","background-repeat":"repeat","background-position":"center center","background-size":"auto","background-attachment":"scroll","background-type":"","background-media":"","overlay-type":"","overlay-color":"","overlay-gradient":""}},"ast-content-background-meta":{"desktop":{"background-color":"var(--ast-global-color-5)","background-image":"","background-repeat":"repeat","background-position":"center center","background-size":"auto","background-attachment":"scroll","background-type":"","background-media":"","overlay-type":"","overlay-color":"","overlay-gradient":""},"tablet":{"background-color":"var(--ast-global-color-5)","background-image":"","background-repeat":"repeat","background-position":"center center","background-size":"auto","background-attachment":"scroll","background-type":"","background-media":"","overlay-type":"","overlay-color":"","overlay-gradient":""},"mobile":{"background-color":"var(--ast-global-color-5)","background-image":"","background-repeat":"repeat","background-position":"center center","background-size":"auto","background-attachment":"scroll","background-type":"","background-media":"","overlay-type":"","overlay-color":"","overlay-gradient":""}},"_joinchat":[],"footnotes":""},"class_list":["post-103","page","type-page","status-publish","hentry"],"_links":{"self":[{"href":"https:\/\/cecauf.es\/website\/wp-json\/wp\/v2\/pages\/103","targetHints":{"allow":["GET"]}}],"collection":[{"href":"https:\/\/cecauf.es\/website\/wp-json\/wp\/v2\/pages"}],"about":[{"href":"https:\/\/cecauf.es\/website\/wp-json\/wp\/v2\/types\/page"}],"author":[{"embeddable":true,"href":"https:\/\/cecauf.es\/website\/wp-json\/wp\/v2\/users\/4"}],"replies":[{"embeddable":true,"href":"https:\/\/cecauf.es\/website\/wp-json\/wp\/v2\/comments?post=103"}],"version-history":[{"count":23,"href":"https:\/\/cecauf.es\/website\/wp-json\/wp\/v2\/pages\/103\/revisions"}],"predecessor-version":[{"id":28481,"href":"https:\/\/cecauf.es\/website\/wp-json\/wp\/v2\/pages\/103\/revisions\/28481"}],"wp:attachment":[{"href":"https:\/\/cecauf.es\/website\/wp-json\/wp\/v2\/media?parent=103"}],"curies":[{"name":"wp","href":"https:\/\/api.w.org\/{rel}","templated":true}]}}